{"id":155819,"date":"2025-12-18T18:12:31","date_gmt":"2025-12-18T15:12:31","guid":{"rendered":"https:\/\/baldumarket.lt\/product\/laura-dodatkowe-nozki-do-szafek-lazienkowych-4-sztuki-bialy-plastik\/"},"modified":"2026-02-05T11:44:24","modified_gmt":"2026-02-05T08:44:24","slug":"laura-dodatkowe-nozki-do-szafek-lazienkowych-4-sztuki-bialy-plastik","status":"publish","type":"product","link":"https:\/\/baldumarket.lt\/lt\/product\/laura-dodatkowe-nozki-do-szafek-lazienkowych-4-sztuki-bialy-plastik\/","title":{"rendered":"Laura \u2013 Papildomos vonios spinteli\u0173 kojel\u0117s, 4 vnt., baltos plastikin\u0117s"},"content":{"rendered":"<p>Su \u201eLaura\u201c vonios spinteli\u0173 kojel\u0117mis suteikite savo interjerui elegancijos ir modernumo. \u0160ios unikalios baltos kojel\u0117s, sukurtos garsaus prek\u0117s \u017eenklo \u201eHelvetia\u201c, yra tobulas estetikos ir funkcionalumo derinys. Jos suteiks j\u016bs\u0173 baldams tikrai stiling\u0105 i\u0161vaizd\u0105, vonios kambariui suteikdamos elegancijos, kuri tikrai su\u017eav\u0117s kiekvien\u0105 lankytoj\u0105.<\/p>\n<p>Kojeli\u0173 dizainas ne tik atrodo moderniai, bet ir yra prakti\u0161kas, palengvinantis kasdien\u012f naudojim\u0105. 12 cm auk\u0161\u010dio ir 13 cm gylio kojel\u0117s puikiai i\u0161laiko j\u016bs\u0173 spinteles, suteikia stabilumo ir u\u017etikrina, kad kasdienis naudojimas b\u016bt\u0173 malonus. \u0160ios keturios kojel\u0117s puikiai pakelia baldus ir palengvina valym\u0105, taip pat pasl\u0117pti laidus ir kitus smulkius daiktus, sukuriant harmoning\u0105 ir esteti\u0161kai patraukli\u0105 erdv\u0119.<\/p>\n<p>Kojeles surinkti u\u017etrunka vos kelias minutes, tod\u0117l jas nepaprastai paprasta pritvirtinti prie vonios spinteli\u0173. D\u0117l i\u0161manaus dizaino jas galima lengvai priderinti prie \u012fvairi\u0173 spinteli\u0173 modeli\u0173, tod\u0117l tai universalus sprendimas visiems, norintiems pakeisti savo interjer\u0105. Nepriklausomai nuo vonios kambario stiliaus, \u0161ie aksesuarai puikiai papildys dizain\u0105.<\/p>\n<p>Pasirinkdami papildomas kojeles \u201eLaura\u201c spintel\u0117ms, renkat\u0117s ne tik estetik\u0105, bet ir \u201eHelvetia\u201c prek\u0117s \u017eenklo garantuojam\u0105 kokyb\u0119. Sukurdami tinkamas laikymo s\u0105lygas, atlaisvinate vietos kosmetikai ir aksesuarams, o vonios kambariui suteikiate gaivumo ir erdvumo poj\u016bt\u012f. Atraskite moderni\u0173 sprendim\u0173, kurie gali pakeisti j\u016bs\u0173 vonios kambar\u012f \u012f ger\u0105j\u0105 pus\u0119, privalumus.<\/p>","protected":false},"excerpt":{"rendered":"<p>Plotis (cm): 16<br \/>\n\u016agis (cm): 12<br \/>\nGylis (cm): 13<\/p>","protected":false},"featured_media":155820,"comment_status":"open","ping_status":"open","template":"","meta":[],"product_brand":[],"product_cat":[9424,9117,4105],"product_tag":[],"class_list":{"0":"post-155819","1":"product","2":"type-product","3":"status-publish","4":"has-post-thumbnail","6":"product_cat-bathroom-furniture-laura","7":"product_cat-bathroom","8":"product_cat-helvetia","10":"first","11":"instock","12":"purchasable","13":"product-type-simple"},"_links":{"self":[{"href":"https:\/\/baldumarket.lt\/lt\/wp-json\/wp\/v2\/product\/155819","targetHints":{"allow":["GET"]}}],"collection":[{"href":"https:\/\/baldumarket.lt\/lt\/wp-json\/wp\/v2\/product"}],"about":[{"href":"https:\/\/baldumarket.lt\/lt\/wp-json\/wp\/v2\/types\/product"}],"replies":[{"embeddable":true,"href":"https:\/\/baldumarket.lt\/lt\/wp-json\/wp\/v2\/comments?post=155819"}],"wp:featuredmedia":[{"embeddable":true,"href":"https:\/\/baldumarket.lt\/lt\/wp-json\/wp\/v2\/media\/155820"}],"wp:attachment":[{"href":"https:\/\/baldumarket.lt\/lt\/wp-json\/wp\/v2\/media?parent=155819"}],"wp:term":[{"taxonomy":"product_brand","embeddable":true,"href":"https:\/\/baldumarket.lt\/lt\/wp-json\/wp\/v2\/product_brand?post=155819"},{"taxonomy":"product_cat","embeddable":true,"href":"https:\/\/baldumarket.lt\/lt\/wp-json\/wp\/v2\/product_cat?post=155819"},{"taxonomy":"product_tag","embeddable":true,"href":"https:\/\/baldumarket.lt\/lt\/wp-json\/wp\/v2\/product_tag?post=155819"}],"curies":[{"name":"wp","href":"https:\/\/api.w.org\/{rel}","templated":true}]}}