{"id":155816,"date":"2025-12-18T18:12:26","date_gmt":"2025-12-18T15:12:26","guid":{"rendered":"https:\/\/baldumarket.lt\/product\/larona-witryna-barek-2-drzwiowa-orzech-satynowy-touchwood\/"},"modified":"2026-02-05T11:33:30","modified_gmt":"2026-02-05T08:33:30","slug":"larona-witryna-barek-2-drzwiowa-orzech-satynowy-touchwood","status":"publish","type":"product","link":"https:\/\/baldumarket.lt\/lt\/product\/larona-witryna-barek-2-drzwiowa-orzech-satynowy-touchwood\/","title":{"rendered":"Larona 2 dur\u0173 baro vitrina, satino rie\u0161uto\/lietaus medienos spalvos"},"content":{"rendered":"<p>Atraskite unikali\u0105 elegancijos ir funkcionalumo harmonij\u0105 \u201eHelvetia\u201c baro spintel\u0117je \u201eLarona\u201c. \u0160i stilinga, dviej\u0173 dur\u0173 spintel\u0117 \u2013 puikus sprendimas tiems, kurie vertina klasikin\u0117s estetikos ir moderni\u0173 akcent\u0173 derin\u012f. \u0160i satininio rie\u0161utmed\u017eio spintel\u0117 su subtiliais \u201eTouchwood\u201c akcentais suteiks j\u016bs\u0173 interjerui \u0161ilumos ir nesenstan\u010dio charakterio.<\/p>\n<p>D\u0117l savo matmen\u0173 (plotis: 155 cm, auk\u0161tis: 130 cm, gylis: 37 cm) \u0161i spintel\u0117 puikiai tinka tiek erdvioms svetain\u0117ms, tiek ma\u017eesn\u0117ms, jaukesn\u0117ms svetain\u0117ms. Laminuotos bald\u0173 plok\u0161t\u0117s konstrukcija garantuoja ilgaam\u017ei\u0161kum\u0105 ir atsparum\u0105 kasdieniam naudojimui. \u0160i\u0105 med\u017eiag\u0105 lengva valyti, tod\u0117l j\u016bs\u0173 spintel\u0117 daugel\u012f met\u0173 atrodys puikiai.<\/p>\n<p>Dvi erdvios sekcijos su stiklin\u0117mis panel\u0117mis leid\u017eia esteti\u0161kai eksponuoti kri\u0161tol\u0105, stalo \u012frankius ar m\u0117gstam\u0105 alkoholio buteli\u0173 kolekcij\u0105. Baro viduje yra devynios tvirtos lentynos, u\u017etikrinan\u010dios efektyv\u0173 organizavim\u0105. Kiekvienas daiktas ras savo viet\u0105, ir j\u016bs lengvai visk\u0105 sutvarkysite. Be to, vitrina turi \u0161velnaus u\u017edarymo sistem\u0105, kuri padidina komfort\u0105 ir u\u017etikrina tyl\u0173 bei \u0161veln\u0173 veikim\u0105.<br \/>\n\u201eHelvetia\u201c baldai gars\u0117ja d\u0117mesiu detal\u0117ms, kuris puikiai atsispindi \u201eLarona\u201c vitrinoje. Subtilios ranken\u0117l\u0117s ir prislopintos priekin\u0117s dalies spalvos harmoningai dera su \u012fvairiais interjero dizainais, suteikdamos j\u016bs\u0173 namams prabangos ir rafinuotumo. Vitrina pateikiama su savaranki\u0161ko surinkimo instrukcijomis \u2013 bald\u0105 surinksite greitai ir lengvai, m\u0117gaudamiesi juo nuo pat pirmos akimirkos.<br \/>\nNedvejokite pagyvinti savo erdv\u0119 elementu, kuris i\u0161siskiria tiek dizainu, tiek prakti\u0161kumu. \u201eLarona\u201c vitrina neabejotinai taps bet kurios nam\u0173 kolekcijos pasidid\u017eiavimu ir pritrauks kiekvieno sve\u010dio d\u0117mes\u012f. Kvie\u010diame \u012fsigyti \u0161\u012f i\u0161skirtin\u012f bald\u0105, kuris pakels j\u016bs\u0173 namus \u012f dizaino meistri\u0161kumo auk\u0161tumas.<\/p>","protected":false},"excerpt":{"rendered":"<p>Plotis (cm): 155<br \/>\n\u016agis (cm): 130<br \/>\nGylis (cm): 37<\/p>","protected":false},"featured_media":155817,"comment_status":"open","ping_status":"open","template":"","meta":[],"product_brand":[],"product_cat":[9423,4105,2006],"product_tag":[],"class_list":{"0":"post-155816","1":"product","2":"type-product","3":"status-publish","4":"has-post-thumbnail","6":"product_cat-furniture-system-larona","7":"product_cat-helvetia","8":"product_cat-vitrines","10":"first","11":"instock","12":"purchasable","13":"product-type-simple"},"_links":{"self":[{"href":"https:\/\/baldumarket.lt\/lt\/wp-json\/wp\/v2\/product\/155816","targetHints":{"allow":["GET"]}}],"collection":[{"href":"https:\/\/baldumarket.lt\/lt\/wp-json\/wp\/v2\/product"}],"about":[{"href":"https:\/\/baldumarket.lt\/lt\/wp-json\/wp\/v2\/types\/product"}],"replies":[{"embeddable":true,"href":"https:\/\/baldumarket.lt\/lt\/wp-json\/wp\/v2\/comments?post=155816"}],"wp:featuredmedia":[{"embeddable":true,"href":"https:\/\/baldumarket.lt\/lt\/wp-json\/wp\/v2\/media\/155817"}],"wp:attachment":[{"href":"https:\/\/baldumarket.lt\/lt\/wp-json\/wp\/v2\/media?parent=155816"}],"wp:term":[{"taxonomy":"product_brand","embeddable":true,"href":"https:\/\/baldumarket.lt\/lt\/wp-json\/wp\/v2\/product_brand?post=155816"},{"taxonomy":"product_cat","embeddable":true,"href":"https:\/\/baldumarket.lt\/lt\/wp-json\/wp\/v2\/product_cat?post=155816"},{"taxonomy":"product_tag","embeddable":true,"href":"https:\/\/baldumarket.lt\/lt\/wp-json\/wp\/v2\/product_tag?post=155816"}],"curies":[{"name":"wp","href":"https:\/\/api.w.org\/{rel}","templated":true}]}}