{"id":155812,"date":"2025-12-18T18:12:18","date_gmt":"2025-12-18T15:12:18","guid":{"rendered":"https:\/\/baldumarket.lt\/product\/larona-witryna-barek-2-drzwiowa-modrzew-sibiu-trufla-sonoma\/"},"modified":"2026-02-05T11:33:30","modified_gmt":"2026-02-05T08:33:30","slug":"larona-witryna-barek-2-drzwiowa-modrzew-sibiu-trufla-sonoma","status":"publish","type":"product","link":"https:\/\/baldumarket.lt\/lt\/product\/larona-witryna-barek-2-drzwiowa-modrzew-sibiu-trufla-sonoma\/","title":{"rendered":"Larona 2 dur\u0173 baro vitrinin\u0117 spintel\u0117 Sibiu maumedis \/ Sonoma Truffle"},"content":{"rendered":"<p>Larona 2 dur\u0173 baro vitrinin\u0117 spintel\u0117 Sibiu maumedis \/ Sonoma Truffle<br \/>\nSvajojate apie vakarus, praleistus su \u0161eima ir draugais, apsuptus stiling\u0173 ir funkcionali\u0173 bald\u0173? Garsaus prek\u0117s \u017eenklo \u201eHelvetia\u201c baro vitrina \u201eLarona\u201c derina modern\u0173 dizain\u0105 su i\u0161skirtiniu prakti\u0161kumu. \u0160is modelis \u2013 tobulas eleganti\u0161kos i\u0161vaizdos ir plataus funkcionalumo derinys.<br \/>\nD\u0117l savo matmen\u0173 joje tilps m\u0117gstamiausi buteliai, stiklin\u0117s ir kiti nam\u0173 baro aksesuarai. 155 cm plo\u010dio, 130 cm auk\u0161\u010dio ir 37 cm gylio spintel\u0117 puikiai der\u0117s prie j\u016bs\u0173 svetain\u0117s. Subtilus Sibiu maumed\u017eio atspalvis kartu su \u0161ilta Sonoma triufeli\u0173 spalva sukuria unikali\u0105 atmosfer\u0105 interjere.<br \/>\nI\u0161 laminuotos bald\u0173 plok\u0161t\u0117s pagaminti fasadai yra patvar\u016bs ir lengvai valomi, tod\u0117l garantuoja ilgalaik\u012f malonum\u0105. Korpusas, taip pat pagamintas i\u0161 t\u0173 pa\u010di\u0173 auk\u0161tos kokyb\u0117s med\u017eiag\u0173, u\u017etikrina stabilum\u0105 ir tvirtum\u0105. Dvejos durys ir devynios lentynos leid\u017eia efektyviai organizuoti baro zon\u0105. Surinkimas yra intuityvus ir reikalauja minimali\u0173 \u012franki\u0173 d\u0117l ai\u0161ki\u0173 ir suprantam\u0173 instrukcij\u0173 \u2013 puikiai tinka tiems, kurie m\u0117gsta \u201epasidaryk pats\u201c interjero dizain\u0105. J\u016bs\u0173 nam\u0173 dekoravimas tampa paprastesnis ir malonesnis.<\/p>\n<p>Trumpai tariant, \u201eLarona\u201c dviej\u0173 dur\u0173 vitrina yra puikus pasirinkimas tiems, kurie vertina funkcionalumo, estetikos ir auk\u0161tos kokyb\u0117s meistri\u0161kumo derin\u012f. Nesvarbu, ar planuojate vakar\u0117l\u012f, ar tiesiog atsipalaiduojate su taure vyno, \u0161is baldas tikrai papildys bet kokio interjero atmosfer\u0105. Su \u201eLarona\u201c kolekcija suteikite savo namams prabangos.<\/p>","protected":false},"excerpt":{"rendered":"<p>Plotis (cm): 155<br \/>\n\u016agis (cm): 130<br \/>\nGylis (cm): 37<\/p>","protected":false},"featured_media":155813,"comment_status":"open","ping_status":"open","template":"","meta":[],"product_brand":[],"product_cat":[9423,4105,2006],"product_tag":[],"class_list":{"0":"post-155812","1":"product","2":"type-product","3":"status-publish","4":"has-post-thumbnail","6":"product_cat-furniture-system-larona","7":"product_cat-helvetia","8":"product_cat-vitrines","10":"first","11":"instock","12":"purchasable","13":"product-type-simple"},"_links":{"self":[{"href":"https:\/\/baldumarket.lt\/lt\/wp-json\/wp\/v2\/product\/155812","targetHints":{"allow":["GET"]}}],"collection":[{"href":"https:\/\/baldumarket.lt\/lt\/wp-json\/wp\/v2\/product"}],"about":[{"href":"https:\/\/baldumarket.lt\/lt\/wp-json\/wp\/v2\/types\/product"}],"replies":[{"embeddable":true,"href":"https:\/\/baldumarket.lt\/lt\/wp-json\/wp\/v2\/comments?post=155812"}],"wp:featuredmedia":[{"embeddable":true,"href":"https:\/\/baldumarket.lt\/lt\/wp-json\/wp\/v2\/media\/155813"}],"wp:attachment":[{"href":"https:\/\/baldumarket.lt\/lt\/wp-json\/wp\/v2\/media?parent=155812"}],"wp:term":[{"taxonomy":"product_brand","embeddable":true,"href":"https:\/\/baldumarket.lt\/lt\/wp-json\/wp\/v2\/product_brand?post=155812"},{"taxonomy":"product_cat","embeddable":true,"href":"https:\/\/baldumarket.lt\/lt\/wp-json\/wp\/v2\/product_cat?post=155812"},{"taxonomy":"product_tag","embeddable":true,"href":"https:\/\/baldumarket.lt\/lt\/wp-json\/wp\/v2\/product_tag?post=155812"}],"curies":[{"name":"wp","href":"https:\/\/api.w.org\/{rel}","templated":true}]}}