{"id":155808,"date":"2025-12-18T18:12:10","date_gmt":"2025-12-18T15:12:10","guid":{"rendered":"https:\/\/baldumarket.lt\/product\/larona-witryna-barek-2-drzwiowa-dab-riviera\/"},"modified":"2026-02-05T11:33:30","modified_gmt":"2026-02-05T08:33:30","slug":"larona-witryna-barek-2-drzwiowa-dab-riviera","status":"publish","type":"product","link":"https:\/\/baldumarket.lt\/lt\/product\/larona-witryna-barek-2-drzwiowa-dab-riviera\/","title":{"rendered":"Larona 2 dur\u0173 baro vitrina, \u201eRiviera Oak\u201c"},"content":{"rendered":"<p>Atraskite elegancij\u0105 ir funkcionalum\u0105 viename \u2013 pristatome garsaus prek\u0117s \u017eenklo \u201eHelvetia\u201c sukurt\u0105 \u201eLarona\u201c baro spintel\u0119 i\u0161 \u201eRiviera Oak\u201c medienos. \u0160i unikali spintel\u0117 i\u0161 bald\u0173 \/ komod\u0173 kategorijos yra modernaus dizaino ir prakti\u0161kumo simbolis.<\/p>\n<p>Ji \u017eavi subtilia, ta\u010diau i\u0161rai\u0161kinga i\u0161vaizda, paremta \u201eRiviera Oak\u201c spalva \u2013 tobulu nat\u016bralaus med\u017eio gro\u017eio ir modernios apdailos balansu. 155 cm plotis suteikia \u012fsp\u016bding\u0105 erdv\u0119 eksponuoti savo lobius \u2013 stiklines fig\u016br\u0117les, \u0161eimos nuotraukas ar m\u0117gstamas knygas. Spintel\u0117s auk\u0161tis siekia net 130 cm, tod\u0117l ji tampa bet kurio kambario dominuojan\u010diu akcentu, o 37 cm gylis u\u017etikrina komfort\u0105 ir lengv\u0105 pritaikym\u0105 \u012fvairiose erdv\u0117se.<\/p>\n<p>Priekin\u0117s dalys pagamintos i\u0161 laminuotos bald\u0173 plok\u0161t\u0117s, tod\u0117l yra patvarios ir lengvai valomos. Spintel\u0117s korpusas pagamintas pana\u0161iai, tod\u0117l konstrukcija yra vienoda ir tvirta. Ji turi dvejas duris, po kuriomis slepiasi devynios lentynos, kuriose gal\u0117site eleganti\u0161kai eksponuoti ar diskreti\u0161kai laikyti visk\u0105, k\u0105 norite.<br \/>\nJei m\u0117gstate \u201epasidaryk pats\u201c projektus, jus su\u017eav\u0117s lengvai surenkamas dizainas. \u201eHelvetia\u201c gaminiai gars\u0117ja apgalvotu dizainu, kuris leid\u017eia intuityviai ir paprastai surinkti, o prid\u0117tos nuoseklios instrukcijos palengvins u\u017eduot\u012f.<br \/>\n\u201eLarona\u201c dviej\u0173 dur\u0173 vitrina \u201eRiviera Oak\u201c spalvos \u2013 puikus pasirinkimas tiems, kurie vertina estetikos ir prakti\u0161kumo derin\u012f.<\/p>","protected":false},"excerpt":{"rendered":"<p>Plotis (cm): 155<br \/>\n\u016agis (cm): 130<br \/>\nGylis (cm): 37<\/p>","protected":false},"featured_media":155809,"comment_status":"open","ping_status":"open","template":"","meta":[],"product_brand":[],"product_cat":[9423,4105,2006],"product_tag":[],"class_list":{"0":"post-155808","1":"product","2":"type-product","3":"status-publish","4":"has-post-thumbnail","6":"product_cat-furniture-system-larona","7":"product_cat-helvetia","8":"product_cat-vitrines","10":"first","11":"instock","12":"purchasable","13":"product-type-simple"},"_links":{"self":[{"href":"https:\/\/baldumarket.lt\/lt\/wp-json\/wp\/v2\/product\/155808","targetHints":{"allow":["GET"]}}],"collection":[{"href":"https:\/\/baldumarket.lt\/lt\/wp-json\/wp\/v2\/product"}],"about":[{"href":"https:\/\/baldumarket.lt\/lt\/wp-json\/wp\/v2\/types\/product"}],"replies":[{"embeddable":true,"href":"https:\/\/baldumarket.lt\/lt\/wp-json\/wp\/v2\/comments?post=155808"}],"wp:featuredmedia":[{"embeddable":true,"href":"https:\/\/baldumarket.lt\/lt\/wp-json\/wp\/v2\/media\/155809"}],"wp:attachment":[{"href":"https:\/\/baldumarket.lt\/lt\/wp-json\/wp\/v2\/media?parent=155808"}],"wp:term":[{"taxonomy":"product_brand","embeddable":true,"href":"https:\/\/baldumarket.lt\/lt\/wp-json\/wp\/v2\/product_brand?post=155808"},{"taxonomy":"product_cat","embeddable":true,"href":"https:\/\/baldumarket.lt\/lt\/wp-json\/wp\/v2\/product_cat?post=155808"},{"taxonomy":"product_tag","embeddable":true,"href":"https:\/\/baldumarket.lt\/lt\/wp-json\/wp\/v2\/product_tag?post=155808"}],"curies":[{"name":"wp","href":"https:\/\/api.w.org\/{rel}","templated":true}]}}