{"id":155802,"date":"2025-12-18T18:11:57","date_gmt":"2025-12-18T15:11:57","guid":{"rendered":"https:\/\/baldumarket.lt\/product\/larona-witryna-barek-2-drzwiowa-dab-lefkas-touchwood\/"},"modified":"2026-02-05T11:33:30","modified_gmt":"2026-02-05T08:33:30","slug":"larona-witryna-barek-2-drzwiowa-dab-lefkas-touchwood","status":"publish","type":"product","link":"https:\/\/baldumarket.lt\/lt\/product\/larona-witryna-barek-2-drzwiowa-dab-lefkas-touchwood\/","title":{"rendered":"Larona 2 dur\u0173 baro vitrinin\u0117 spinta Lefkas Oak \/ Touchwood"},"content":{"rendered":"<p>Ie\u0161kote baldo, kuris b\u016bt\u0173 ir prakti\u0161kas, ir unikalus j\u016bs\u0173 interjero papildymas? Pristatome \u201eHelvetia\u201c \u201eLarona\u201c 2 dur\u0173 baro vitrin\u0105 i\u0161 \u201eLefkas Oak\u201c \/ \u201eTouchwood\u201c medienos. Jos stilius ir funkcionalumas tiesiog neabejotini. \u201eHelvetia\u201c dizaineriai sujung\u0117 modern\u0173 dizain\u0105 su tradicin\u0117mis med\u017eiagomis, sukurdami unikalios estetikos bald\u0105. Naudojama laminuota bald\u0173 plok\u0161t\u0117 u\u017etikrina didel\u012f atsparum\u0105 \u012fbr\u0117\u017eimams ir lengv\u0105 valym\u0105. \u201eLefkas Oak\u201c ra\u0161tas kartu su \u201eTouchwood\u201c technologija atkuria nat\u016bralios medienos tekst\u016br\u0105 ir pabr\u0117\u017eia \u0161ilt\u0105 kambario charakter\u012f. Spintel\u0117s plotis yra 155 cm, auk\u0161tis \u2013 130 cm, o gylis \u2013 37 cm, tod\u0117l tai puikus daikt\u0173 laikymo baldas, neu\u017eimantis per daug vietos kambaryje. Spintel\u0117 su dviem erdviomis durel\u0117mis ir devyniomis lentynomis suteikia daug vietos tvarkingai susid\u0117ti ir eksponuoti taures, termosus ir kitus daiktus, kuriuos norite tur\u0117ti po ranka.<\/p>","protected":false},"excerpt":{"rendered":"<p>Plotis (cm): 155<br \/>\n\u016agis (cm): 130<br \/>\nGylis (cm): 37<\/p>","protected":false},"featured_media":155803,"comment_status":"open","ping_status":"open","template":"","meta":[],"product_brand":[],"product_cat":[9423,4105,2006],"product_tag":[],"class_list":{"0":"post-155802","1":"product","2":"type-product","3":"status-publish","4":"has-post-thumbnail","6":"product_cat-furniture-system-larona","7":"product_cat-helvetia","8":"product_cat-vitrines","10":"first","11":"instock","12":"purchasable","13":"product-type-simple"},"_links":{"self":[{"href":"https:\/\/baldumarket.lt\/lt\/wp-json\/wp\/v2\/product\/155802","targetHints":{"allow":["GET"]}}],"collection":[{"href":"https:\/\/baldumarket.lt\/lt\/wp-json\/wp\/v2\/product"}],"about":[{"href":"https:\/\/baldumarket.lt\/lt\/wp-json\/wp\/v2\/types\/product"}],"replies":[{"embeddable":true,"href":"https:\/\/baldumarket.lt\/lt\/wp-json\/wp\/v2\/comments?post=155802"}],"wp:featuredmedia":[{"embeddable":true,"href":"https:\/\/baldumarket.lt\/lt\/wp-json\/wp\/v2\/media\/155803"}],"wp:attachment":[{"href":"https:\/\/baldumarket.lt\/lt\/wp-json\/wp\/v2\/media?parent=155802"}],"wp:term":[{"taxonomy":"product_brand","embeddable":true,"href":"https:\/\/baldumarket.lt\/lt\/wp-json\/wp\/v2\/product_brand?post=155802"},{"taxonomy":"product_cat","embeddable":true,"href":"https:\/\/baldumarket.lt\/lt\/wp-json\/wp\/v2\/product_cat?post=155802"},{"taxonomy":"product_tag","embeddable":true,"href":"https:\/\/baldumarket.lt\/lt\/wp-json\/wp\/v2\/product_tag?post=155802"}],"curies":[{"name":"wp","href":"https:\/\/api.w.org\/{rel}","templated":true}]}}