{"id":155799,"date":"2025-12-18T18:11:52","date_gmt":"2025-12-18T15:11:52","guid":{"rendered":"https:\/\/baldumarket.lt\/product\/larona-witryna-1-drzwiowa-orzech-satynowy-touchwood\/"},"modified":"2026-02-05T11:33:30","modified_gmt":"2026-02-05T08:33:30","slug":"larona-witryna-1-drzwiowa-orzech-satynowy-touchwood","status":"publish","type":"product","link":"https:\/\/baldumarket.lt\/lt\/product\/larona-witryna-1-drzwiowa-orzech-satynowy-touchwood\/","title":{"rendered":"Larona 1 dur\u0173 vitrina, satino rie\u0161uto \/ lietmedis"},"content":{"rendered":"<p>Pajuskite nam\u0173 \u0161ilum\u0105 su stilinga \u201eLarona\u201c vitrina, kuri, pasi\u017eyminti eleganti\u0161ku satininio blizgesio rie\u0161utmed\u017eio atspalviu, suteiks j\u016bs\u0173 svetainei ar valgomajam klasikinio elegancijos prisilietim\u0105. \u0160i vien\u0173 dur\u0173 vitrina i\u0161 \u201eHelvetia\u201c ne tik \u017eavi savo i\u0161vaizda, bet ir yra prakti\u0161kas baldas, puikiai tinkantis eksponuoti m\u0117gstamas dekoracijas ar stalo \u012frankius.<\/p>\n<p>Auk\u0161tos kokyb\u0117s laminuota med\u017eio dro\u017eli\u0173 plok\u0161t\u0117 u\u017etikrina patvarum\u0105 ir lengv\u0105 valym\u0105, o tai ne\u012fkainojama kasdieniam naudojimui. Jos matmenys: plotis 65 cm, auk\u0161tis 206 cm ir gylis 37 cm, garantuoja optimal\u0173 pritaikym\u0105 daugumai kambari\u0173. Satininio rie\u0161uto atspalvis kartu su \u201eTouchwood\u201c tekst\u016bra sukuria \u0161ilt\u0105 ir nat\u016brali\u0105 atmosfer\u0105, kartu pabr\u0117\u017edamas j\u016bs\u0173 erdv\u0117s elegancij\u0105.<\/p>\n<p>Kruop\u0161\u010diai i\u0161d\u0117stytos penkios lentynos u\u017etikrina prakti\u0161k\u0105 tvark\u0105. U\u017e stiklini\u0173 fasad\u0173 galite laikyti visk\u0105, ko jums reikia, po ranka, ir apsaugoti j\u0105 nuo dulki\u0173. Pamatykite, kaip funkcionalumas dera su estetika \u2013 \u201eLarona\u201c vitrin\u0105 taip pat galima \u012fsigyti su pasirenkamu LED ap\u0161vietimu, kuris leid\u017eia dar \u012fsp\u016bdingiau parodyti jos turin\u012f.<\/p>\n<p>Sukurta taip, kad b\u016bt\u0173 lengva surinkti patiems, galite lengvai sukurti gro\u017eio ir harmonijos oaz\u0119 savo namuose. Nelaukite ilgiau ir \u012fsigykite \u0161\u012f rafinuoto dizaino element\u0105, kuris pakeis j\u016bs\u0173 interjer\u0105. Tegul kiekviena detal\u0117 kalba apie j\u016bs\u0173 unikal\u0173 skon\u012f. Sukurkite eleganti\u0161k\u0105 erdv\u0119 su satininio rie\u0161uto spalvos \u201eLarona\u201c vitrina \u2013 tikras \u017eavesys ranka pasiekiamas.<\/p>","protected":false},"excerpt":{"rendered":"<p>Plotis (cm): 65<br \/>\n\u016agis (cm): 206<br \/>\nGylis (cm): 37<\/p>","protected":false},"featured_media":155800,"comment_status":"open","ping_status":"open","template":"","meta":[],"product_brand":[],"product_cat":[9423,4105,2006],"product_tag":[],"class_list":{"0":"post-155799","1":"product","2":"type-product","3":"status-publish","4":"has-post-thumbnail","6":"product_cat-furniture-system-larona","7":"product_cat-helvetia","8":"product_cat-vitrines","10":"first","11":"instock","12":"purchasable","13":"product-type-simple"},"_links":{"self":[{"href":"https:\/\/baldumarket.lt\/lt\/wp-json\/wp\/v2\/product\/155799","targetHints":{"allow":["GET"]}}],"collection":[{"href":"https:\/\/baldumarket.lt\/lt\/wp-json\/wp\/v2\/product"}],"about":[{"href":"https:\/\/baldumarket.lt\/lt\/wp-json\/wp\/v2\/types\/product"}],"replies":[{"embeddable":true,"href":"https:\/\/baldumarket.lt\/lt\/wp-json\/wp\/v2\/comments?post=155799"}],"wp:featuredmedia":[{"embeddable":true,"href":"https:\/\/baldumarket.lt\/lt\/wp-json\/wp\/v2\/media\/155800"}],"wp:attachment":[{"href":"https:\/\/baldumarket.lt\/lt\/wp-json\/wp\/v2\/media?parent=155799"}],"wp:term":[{"taxonomy":"product_brand","embeddable":true,"href":"https:\/\/baldumarket.lt\/lt\/wp-json\/wp\/v2\/product_brand?post=155799"},{"taxonomy":"product_cat","embeddable":true,"href":"https:\/\/baldumarket.lt\/lt\/wp-json\/wp\/v2\/product_cat?post=155799"},{"taxonomy":"product_tag","embeddable":true,"href":"https:\/\/baldumarket.lt\/lt\/wp-json\/wp\/v2\/product_tag?post=155799"}],"curies":[{"name":"wp","href":"https:\/\/api.w.org\/{rel}","templated":true}]}}