{"id":155795,"date":"2025-12-18T18:11:42","date_gmt":"2025-12-18T15:11:42","guid":{"rendered":"https:\/\/baldumarket.lt\/product\/larona-witryna-1-drzwiowa-modrzew-sibiu-trufla-sonoma\/"},"modified":"2026-02-05T11:33:30","modified_gmt":"2026-02-05T08:33:30","slug":"larona-witryna-1-drzwiowa-modrzew-sibiu-trufla-sonoma","status":"publish","type":"product","link":"https:\/\/baldumarket.lt\/lt\/product\/larona-witryna-1-drzwiowa-modrzew-sibiu-trufla-sonoma\/","title":{"rendered":"Larona 1 dur\u0173 vitrinin\u0117 spintel\u0117 Sibiu maumedis \/ Sonoma Truffle"},"content":{"rendered":"<p>Atraskite klasikinio stiliaus rafinuotum\u0105 su moderniu akcentu su \u201eHelvetia\u201c \u201eLarona\u201c vitrina. \u0160i eleganti\u0161ka, vien\u0173 dureli\u0173 vitrina pasi\u017eymi unikaliu Sibiu maumed\u017eio ir Sonoma triufeli\u0173 spalv\u0173 deriniu, suteikian\u010diu j\u016bs\u0173 interjerui \u0161ilt\u0105 ir jauk\u0173 akcent\u0105.<br \/>\n\u201eLarona\u201c vitrina sukurta siekiant maksimaliai i\u0161naudoti erdv\u0119 j\u016bs\u0173 namuose. 65 cm plo\u010dio, 206 cm auk\u0161\u010dio ir 37 cm gylio matmenys puikiai tiks \u012fvairiuose kambari\u0173 i\u0161planavimuose, i\u0161laikydami eleganti\u0161k\u0105 i\u0161vaizd\u0105. Korpusas ir priekin\u0117 dalis pagaminti i\u0161 auk\u0161tos kokyb\u0117s laminuotos bald\u0173 plok\u0161t\u0117s, u\u017etikrinan\u010dios ilgaam\u017ei\u0161kum\u0105.<br \/>\n\u201eLarona\u201c viduje yra penkios prakti\u0161kos lentynos, leid\u017eian\u010dios esteti\u0161kai susitvarkyti daiktus. Tvirtos durys paslepia turin\u012f, apsaugodamos j\u012f nuo dulki\u0173 ir kartu padidindamos vitrinos elegancij\u0105. \u0160is baldas pristatomas plok\u0161\u010diai supakuotas, tod\u0117l j\u012f galima surinkti patiems, tod\u0117l j\u012f lengva transportuoti ir sumontuoti pagal j\u016bs\u0173 poreikius. Papildomas LED ap\u0161vietimas ne tik suteikia baldams modernumo, bet ir sukuria jauki\u0105 atmosfer\u0105, atskleisdamas vitrinos turin\u012f. \u0160is sprendimas taip pat idealiai tinka tiems, kurie nori i\u0161ry\u0161kinti unikalias dekoracijas ar stalo \u012frankius.<\/p>\n<p>Trumpai tariant, \u201eLarona\u201c vitrina sujungia funkcionalum\u0105 ir eleganti\u0161k\u0105 dizain\u0105, tod\u0117l puikiai tinka bet kuriai svetainei ar valgomajam. \u0160is modelis tikrai patiks tiems, kurie vertina klasikin\u0119 estetik\u0105 su moderniu prisilietimu. Praskaidrinkite savo interjer\u0105 su \u201eLarona\u201c vitrina!<\/p>","protected":false},"excerpt":{"rendered":"<p>Plotis (cm): 65<br \/>\n\u016agis (cm): 206<br \/>\nGylis (cm): 37<\/p>","protected":false},"featured_media":155796,"comment_status":"open","ping_status":"open","template":"","meta":[],"product_brand":[],"product_cat":[9423,4105,2006],"product_tag":[],"class_list":{"0":"post-155795","1":"product","2":"type-product","3":"status-publish","4":"has-post-thumbnail","6":"product_cat-furniture-system-larona","7":"product_cat-helvetia","8":"product_cat-vitrines","10":"first","11":"instock","12":"purchasable","13":"product-type-simple"},"_links":{"self":[{"href":"https:\/\/baldumarket.lt\/lt\/wp-json\/wp\/v2\/product\/155795","targetHints":{"allow":["GET"]}}],"collection":[{"href":"https:\/\/baldumarket.lt\/lt\/wp-json\/wp\/v2\/product"}],"about":[{"href":"https:\/\/baldumarket.lt\/lt\/wp-json\/wp\/v2\/types\/product"}],"replies":[{"embeddable":true,"href":"https:\/\/baldumarket.lt\/lt\/wp-json\/wp\/v2\/comments?post=155795"}],"wp:featuredmedia":[{"embeddable":true,"href":"https:\/\/baldumarket.lt\/lt\/wp-json\/wp\/v2\/media\/155796"}],"wp:attachment":[{"href":"https:\/\/baldumarket.lt\/lt\/wp-json\/wp\/v2\/media?parent=155795"}],"wp:term":[{"taxonomy":"product_brand","embeddable":true,"href":"https:\/\/baldumarket.lt\/lt\/wp-json\/wp\/v2\/product_brand?post=155795"},{"taxonomy":"product_cat","embeddable":true,"href":"https:\/\/baldumarket.lt\/lt\/wp-json\/wp\/v2\/product_cat?post=155795"},{"taxonomy":"product_tag","embeddable":true,"href":"https:\/\/baldumarket.lt\/lt\/wp-json\/wp\/v2\/product_tag?post=155795"}],"curies":[{"name":"wp","href":"https:\/\/api.w.org\/{rel}","templated":true}]}}