{"id":155791,"date":"2025-12-18T18:11:32","date_gmt":"2025-12-18T15:11:32","guid":{"rendered":"https:\/\/baldumarket.lt\/product\/larona-witryna-1-drzwiowa-dab-riviera\/"},"modified":"2026-02-05T11:33:30","modified_gmt":"2026-02-05T08:33:30","slug":"larona-witryna-1-drzwiowa-dab-riviera","status":"publish","type":"product","link":"https:\/\/baldumarket.lt\/lt\/product\/larona-witryna-1-drzwiowa-dab-riviera\/","title":{"rendered":"Larona 1 dur\u0173 vitrinin\u0117 spinta Riviera Oak"},"content":{"rendered":"<p>Pristatome unikali\u0105 \u201eLarona\u201c vien\u0173 dur\u0173 vitrin\u0105, kuri prad\u017eiugins klasikin\u0117s elegancijos ir unikalaus dizaino m\u0117g\u0117jus. Pagaminta garsaus prek\u0117s \u017eenklo \u201eHelvetia\u201c, \u0161i spintel\u0117 i\u0161siskiria rafinuota i\u0161vaizda, puikiai deran\u010dia prie \u0161iltos \u201eRiviera Oak\u201c spalvos. \u0160is baldas puikiai tiks j\u016bs\u0173 svetain\u0117je, valgomajame ar net darbo kambaryje, i\u0161did\u017eiai eksponuodamas j\u016bs\u0173 dekoratyvini\u0173 daikt\u0173, knyg\u0173 ar atminimo daikt\u0173 kolekcij\u0105.<\/p>\n<p>Stilingas priekis, pagamintas i\u0161 patvarios, laminuotos bald\u0173 plok\u0161t\u0117s, kartu su tiksliai priderinta korpuso spalva suteikia spintelei unikal\u0173 gyl\u012f ir sodri\u0105 tekst\u016br\u0105, kuri\u0105 lengva valyti. Med\u017eiag\u0173 tvirtumas ir ilgaam\u017ei\u0161kumas u\u017etikrina ilgaam\u017ei\u0161kum\u0105 nepakenkiant estetiniam patrauklumui.<\/p>\n<p>\u201eLarona\u201c spintel\u0117 sukurta taip, kad maksimaliai i\u0161naudot\u0173 erdv\u0119, nes u\u017e eleganti\u0161k\u0173 dureli\u0173 yra penkios erdvios lentynos. 65 cm plo\u010dio, 206 cm auk\u0161\u010dio ir 37 cm gylio spintel\u0117 yra erdvi ir kompakti\u0161ka, puikiai tinkanti net ma\u017eoms erdv\u0117ms. Pateikt\u0173 bald\u0173 surinkimo procesas yra ai\u0161kus ir greitas, d\u0117ka prid\u0117t\u0173 instrukcij\u0173. Be to, \u201eLarona\u201c vitrina suderinama su pasirenkamu LED ap\u0161vietimu, tod\u0117l galite sukurti nuostab\u0173 ap\u0161vietimo efekt\u0105 ir dar labiau suasmeninti savo erdv\u0119.<\/p>\n<p>Patirkite unikali\u0105 funkcionalumo ir estetikos harmonij\u0105, kuri\u0105 si\u016blo \u201eLarona\u201c vien\u0173 dur\u0173 vitrina. Sukurta atsi\u017evelgiant \u012f kiekvien\u0105 detal\u0119 ir \u0161iuolaikinio interjero poreikius, ji taps ne tik prakti\u0161ku baldu, bet ir nepakei\u010diamu dekoratyviniu elementu bet kuriame kambaryje. Nelaukite ilgiau ir sustiprinkite savo nam\u0173 unikal\u0173 charakter\u012f baldais su charakteriu.<\/p>","protected":false},"excerpt":{"rendered":"<p>Plotis (cm): 65<br \/>\n\u016agis (cm): 206<br \/>\nGylis (cm): 37<\/p>","protected":false},"featured_media":155792,"comment_status":"open","ping_status":"open","template":"","meta":[],"product_brand":[],"product_cat":[9423,4105,2006],"product_tag":[],"class_list":{"0":"post-155791","1":"product","2":"type-product","3":"status-publish","4":"has-post-thumbnail","6":"product_cat-furniture-system-larona","7":"product_cat-helvetia","8":"product_cat-vitrines","10":"first","11":"instock","12":"purchasable","13":"product-type-simple"},"_links":{"self":[{"href":"https:\/\/baldumarket.lt\/lt\/wp-json\/wp\/v2\/product\/155791","targetHints":{"allow":["GET"]}}],"collection":[{"href":"https:\/\/baldumarket.lt\/lt\/wp-json\/wp\/v2\/product"}],"about":[{"href":"https:\/\/baldumarket.lt\/lt\/wp-json\/wp\/v2\/types\/product"}],"replies":[{"embeddable":true,"href":"https:\/\/baldumarket.lt\/lt\/wp-json\/wp\/v2\/comments?post=155791"}],"wp:featuredmedia":[{"embeddable":true,"href":"https:\/\/baldumarket.lt\/lt\/wp-json\/wp\/v2\/media\/155792"}],"wp:attachment":[{"href":"https:\/\/baldumarket.lt\/lt\/wp-json\/wp\/v2\/media?parent=155791"}],"wp:term":[{"taxonomy":"product_brand","embeddable":true,"href":"https:\/\/baldumarket.lt\/lt\/wp-json\/wp\/v2\/product_brand?post=155791"},{"taxonomy":"product_cat","embeddable":true,"href":"https:\/\/baldumarket.lt\/lt\/wp-json\/wp\/v2\/product_cat?post=155791"},{"taxonomy":"product_tag","embeddable":true,"href":"https:\/\/baldumarket.lt\/lt\/wp-json\/wp\/v2\/product_tag?post=155791"}],"curies":[{"name":"wp","href":"https:\/\/api.w.org\/{rel}","templated":true}]}}