{"id":155785,"date":"2025-12-18T18:11:20","date_gmt":"2025-12-18T15:11:20","guid":{"rendered":"https:\/\/baldumarket.lt\/product\/larona-witryna-1-drzwiowa-dab-lefkas-touchwood\/"},"modified":"2026-02-05T11:33:30","modified_gmt":"2026-02-05T08:33:30","slug":"larona-witryna-1-drzwiowa-dab-lefkas-touchwood","status":"publish","type":"product","link":"https:\/\/baldumarket.lt\/lt\/product\/larona-witryna-1-drzwiowa-dab-lefkas-touchwood\/","title":{"rendered":"Larona 1 dur\u0173 vitrinin\u0117 spinta Lefkas Oak \/ Touchwood"},"content":{"rendered":"<p>Papuo\u0161kite savo namus elegancija \u2013 \u201eLarona\u201c vitrina i\u0161 \u201eHelvetia\u201c \u201eLefkas Oak\u201c \/ \u201eTouchwood\u201c spalvos. Norite pakeisti savo interjer\u0105 ir sukurti maloni\u0105, \u0161ilt\u0105 atmosfer\u0105? Pristatome \u201eLarona\u201c \u2013 vien\u0105 naujausi\u0173 dizaino pasiekim\u0173 i\u0161 garsaus \u201eHelvetia\u201c prek\u0117s \u017eenklo, gars\u0117jan\u010dio funkcionalumo ir unikalaus stiliaus deriniu. \u0160i vien\u0173 dur\u0173 vitrina yra kompromisas tarp klasikos ir modernumo, puikiai tinkanti \u012fvairioms nam\u0173 ir biuro erdv\u0117ms. Matmenys ir med\u017eiaga: Lengva montuoti d\u0117l gerai apgalvot\u0173 matmen\u0173: plotis 65 cm, auk\u0161tis 206 cm ir gylis 37 cm. Tiek priekin\u0117 dalis, tiek korpusas pagaminti i\u0161 patvarios laminuotos bald\u0173 plok\u0161t\u0117s, u\u017etikrinan\u010dios ilgaam\u017ei\u0161kum\u0105 ir lengv\u0105 prie\u017ei\u016br\u0105. \u201eLefkas Oak\u201c \/ \u201eTouchwood\u201c spalva suteikia kambariui \u0161ilt\u0105, nat\u016bral\u0173 prisilietim\u0105.<\/p>","protected":false},"excerpt":{"rendered":"<p>Plotis (cm): 65<br \/>\n\u016agis (cm): 206<br \/>\nGylis (cm): 37<\/p>","protected":false},"featured_media":155786,"comment_status":"open","ping_status":"open","template":"","meta":[],"product_brand":[],"product_cat":[9423,4105,2006],"product_tag":[],"class_list":{"0":"post-155785","1":"product","2":"type-product","3":"status-publish","4":"has-post-thumbnail","6":"product_cat-furniture-system-larona","7":"product_cat-helvetia","8":"product_cat-vitrines","10":"first","11":"instock","12":"purchasable","13":"product-type-simple"},"_links":{"self":[{"href":"https:\/\/baldumarket.lt\/lt\/wp-json\/wp\/v2\/product\/155785","targetHints":{"allow":["GET"]}}],"collection":[{"href":"https:\/\/baldumarket.lt\/lt\/wp-json\/wp\/v2\/product"}],"about":[{"href":"https:\/\/baldumarket.lt\/lt\/wp-json\/wp\/v2\/types\/product"}],"replies":[{"embeddable":true,"href":"https:\/\/baldumarket.lt\/lt\/wp-json\/wp\/v2\/comments?post=155785"}],"wp:featuredmedia":[{"embeddable":true,"href":"https:\/\/baldumarket.lt\/lt\/wp-json\/wp\/v2\/media\/155786"}],"wp:attachment":[{"href":"https:\/\/baldumarket.lt\/lt\/wp-json\/wp\/v2\/media?parent=155785"}],"wp:term":[{"taxonomy":"product_brand","embeddable":true,"href":"https:\/\/baldumarket.lt\/lt\/wp-json\/wp\/v2\/product_brand?post=155785"},{"taxonomy":"product_cat","embeddable":true,"href":"https:\/\/baldumarket.lt\/lt\/wp-json\/wp\/v2\/product_cat?post=155785"},{"taxonomy":"product_tag","embeddable":true,"href":"https:\/\/baldumarket.lt\/lt\/wp-json\/wp\/v2\/product_tag?post=155785"}],"curies":[{"name":"wp","href":"https:\/\/api.w.org\/{rel}","templated":true}]}}