{"id":155782,"date":"2025-12-18T18:11:15","date_gmt":"2025-12-18T15:11:15","guid":{"rendered":"https:\/\/baldumarket.lt\/product\/larona-polka-wiszaca-dluga-orzech-satynowy-touchwood\/"},"modified":"2026-02-05T11:33:38","modified_gmt":"2026-02-05T08:33:38","slug":"larona-polka-wiszaca-dluga-orzech-satynowy-touchwood","status":"publish","type":"product","link":"https:\/\/baldumarket.lt\/lt\/product\/larona-polka-wiszaca-dluga-orzech-satynowy-touchwood\/","title":{"rendered":"Larona ilga pakabinama lentyna, satino spalvos, rie\u0161uto spalvos \/ \u201eTouchwood\u201c"},"content":{"rendered":"<p>Pristatome jums eleganti\u0161k\u0105 pakabinam\u0105 lentyn\u0105 \u201eLarona\u201c i\u0161 garsaus prek\u0117s \u017eenklo \u201eHelvetia\u201c \u2013 ideal\u0173 sprendim\u0105 ie\u0161kantiems prakti\u0161ko ir stilingo b\u016bdo eksponuoti savo dekoracijas ar knygas.<br \/>\nPagaminta i\u0161 auk\u0161tos kokyb\u0117s laminuotos bald\u0173 plok\u0161t\u0117s \u201eSatin Walnut\u201c atspalvi\u0173, \u201eLarona\u201c spinduliuoja \u0161ilum\u0105 ir i\u0161skirtin\u0119, sodri\u0105 \u201eTouchwood\u201c spalv\u0105. Jos nesenstanti elegancija puikiai der\u0117s prie bet kokio modernaus ar klasikinio interjero, suteikdama rafinuoto charakterio.<br \/>\n\u012esp\u016bdingi 180 cm plo\u010dio, 20 cm auk\u0161\u010dio ir 21 cm gylio matmenys paver\u010dia \u201eLarona\u201c lentyn\u0105 ne tik prakti\u0161ka, bet ir reik\u0161mingu nam\u0173 baldu. D\u0117l savo patvarumo joje patogu laikyti \u012fvairius daiktus \u2013 nuo knyg\u0173 ir nuotrauk\u0173 r\u0117meli\u0173 iki dekoratyvini\u0173 element\u0173 ir vazonini\u0173 augal\u0173.<br \/>\nLentyna yra vieno lygio, tod\u0117l minimalistinis dizainas lengvai integruojamas \u012f \u012fvairius interjero dizainus. Lentynos surinkimas yra greitas ir paprastas d\u0117l ai\u0161ki\u0173 instrukcij\u0173, prid\u0117t\u0173 prie rinkinio, tod\u0117l galite j\u0105 patys \u012frengti pasirinktoje vietoje.<\/p>\n<p>Be to, tiems, kurie vertina subtilius akcentus, yra galimyb\u0117 u\u017esisakyti LED ap\u0161vietim\u0105, kuris i\u0161ry\u0161kins eksponuojam\u0173 daikt\u0173 \u017eaves\u012f ir suteiks kambariui jaukumo.<\/p>\n<p>\u201eLarona\u201c \u2013 puikus pasirinkimas tiems, kurie vertina kokybi\u0161k\u0105 meistri\u0161kum\u0105, estetin\u012f patrauklum\u0105 ir funkcionalum\u0105.<\/p>","protected":false},"excerpt":{"rendered":"<p>Plotis (cm): 180<br \/>\n\u016agis (cm): 20<br \/>\nGylis (cm): 21<\/p>","protected":false},"featured_media":155783,"comment_status":"open","ping_status":"open","template":"","meta":[],"product_brand":[],"product_cat":[9423,1174,4105],"product_tag":[],"class_list":{"0":"post-155782","1":"product","2":"type-product","3":"status-publish","4":"has-post-thumbnail","6":"product_cat-furniture-system-larona","7":"product_cat-hanging-shelves","8":"product_cat-helvetia","10":"first","11":"instock","12":"purchasable","13":"product-type-simple"},"_links":{"self":[{"href":"https:\/\/baldumarket.lt\/lt\/wp-json\/wp\/v2\/product\/155782","targetHints":{"allow":["GET"]}}],"collection":[{"href":"https:\/\/baldumarket.lt\/lt\/wp-json\/wp\/v2\/product"}],"about":[{"href":"https:\/\/baldumarket.lt\/lt\/wp-json\/wp\/v2\/types\/product"}],"replies":[{"embeddable":true,"href":"https:\/\/baldumarket.lt\/lt\/wp-json\/wp\/v2\/comments?post=155782"}],"wp:featuredmedia":[{"embeddable":true,"href":"https:\/\/baldumarket.lt\/lt\/wp-json\/wp\/v2\/media\/155783"}],"wp:attachment":[{"href":"https:\/\/baldumarket.lt\/lt\/wp-json\/wp\/v2\/media?parent=155782"}],"wp:term":[{"taxonomy":"product_brand","embeddable":true,"href":"https:\/\/baldumarket.lt\/lt\/wp-json\/wp\/v2\/product_brand?post=155782"},{"taxonomy":"product_cat","embeddable":true,"href":"https:\/\/baldumarket.lt\/lt\/wp-json\/wp\/v2\/product_cat?post=155782"},{"taxonomy":"product_tag","embeddable":true,"href":"https:\/\/baldumarket.lt\/lt\/wp-json\/wp\/v2\/product_tag?post=155782"}],"curies":[{"name":"wp","href":"https:\/\/api.w.org\/{rel}","templated":true}]}}