{"id":155778,"date":"2025-12-18T18:11:08","date_gmt":"2025-12-18T15:11:08","guid":{"rendered":"https:\/\/baldumarket.lt\/product\/larona-polka-wiszaca-dluga-modrzew-sibiu-trufla-sonoma\/"},"modified":"2026-02-05T11:33:38","modified_gmt":"2026-02-05T08:33:38","slug":"larona-polka-wiszaca-dluga-modrzew-sibiu-trufla-sonoma","status":"publish","type":"product","link":"https:\/\/baldumarket.lt\/lt\/product\/larona-polka-wiszaca-dluga-modrzew-sibiu-trufla-sonoma\/","title":{"rendered":"Larona ilga pakabinama lentyna, Sibiu maumedis \/ Sonoma triufeliai"},"content":{"rendered":"<p>Pristatome nesenstan\u010di\u0105, eleganti\u0161k\u0105 pakabinam\u0105 lentyn\u0105 \u201eLarona\u201c, kuri puikiai atitinka modernaus interjero dizaino poreikius. Sibiu maumed\u017eio ir Sonoma triufeli\u0173 apdaila suteikia lentynai puik\u0173 papildym\u0105 tiek klasikin\u0117se, tiek labiau dizaineri\u0173 kurtose erdv\u0117se. Dideli matmenys (180 cm x 20 cm x 21 cm) leid\u017eia joje laikyti \u012fvairius daiktus \u2013 nuo knyg\u0173 iki dekoracij\u0173, o tvirta laminuota bald\u0173 plok\u0161t\u0117 u\u017etikrina patvarum\u0105 ir lengv\u0105 valym\u0105.<br \/>\n\u201eLarona\u201c lentyna \u2013 sprendimas tiems, kurie vertina apgalvot\u0105 dizain\u0105 ir funkcionalum\u0105. Minimalistin\u0117 forma, derinama su nat\u016brali\u0105 medien\u0105 imituojan\u010dia tekst\u016bra, suteikia interjerui \u0161ilt\u0105 ir jauk\u0173 charakter\u012f. \u0160is kompakti\u0161kas, ta\u010diau erdvus baldas leid\u017eia k\u016brybi\u0161kai i\u0161naudoti turim\u0105 sien\u0173 erdv\u0119. Be to, gamin\u012f galima pritaikyti pagal j\u016bs\u0173 poreikius naudojant papildomas parinktis, pavyzd\u017eiui, LED ap\u0161vietim\u0105, kuris i\u0161ry\u0161kins eksponuojam\u0173 daikt\u0173 unikalum\u0105. \u201eLarona\u201c lentyn\u0105 lengva pritaikyti prie j\u016bs\u0173 nam\u0173, tod\u0117l j\u0105 galima surinkti savaranki\u0161kai \u2013 visa tai siekiant kuo labiau supaprastinti montavimo proces\u0105. D\u0117l prid\u0117t\u0173 instrukcij\u0173 ir ai\u0161kios \u017eenklinimo sistemos surinkimas bus paprastas ir malonus. Pasirinkdami \u201eHelvetia\u201c prie sienos tvirtinam\u0105 \u201eLarona\u201c lentyn\u0105, renkat\u0117s kokyb\u0119, kuri atlaikys laiko i\u0161bandym\u0105 ir teigiamai paveiks bet kokio interjero estetik\u0105. Tegul \u0161i subtili detal\u0117 tampa pagrindiniu j\u016bs\u0173 nam\u0173 \u0161ventov\u0117s elementu.<\/p>","protected":false},"excerpt":{"rendered":"<p>Plotis (cm): 180<br \/>\n\u016agis (cm): 20<br \/>\nGylis (cm): 21<\/p>","protected":false},"featured_media":155779,"comment_status":"open","ping_status":"open","template":"","meta":[],"product_brand":[],"product_cat":[9423,1174,4105],"product_tag":[],"class_list":{"0":"post-155778","1":"product","2":"type-product","3":"status-publish","4":"has-post-thumbnail","6":"product_cat-furniture-system-larona","7":"product_cat-hanging-shelves","8":"product_cat-helvetia","10":"first","11":"instock","12":"purchasable","13":"product-type-simple"},"_links":{"self":[{"href":"https:\/\/baldumarket.lt\/lt\/wp-json\/wp\/v2\/product\/155778","targetHints":{"allow":["GET"]}}],"collection":[{"href":"https:\/\/baldumarket.lt\/lt\/wp-json\/wp\/v2\/product"}],"about":[{"href":"https:\/\/baldumarket.lt\/lt\/wp-json\/wp\/v2\/types\/product"}],"replies":[{"embeddable":true,"href":"https:\/\/baldumarket.lt\/lt\/wp-json\/wp\/v2\/comments?post=155778"}],"wp:featuredmedia":[{"embeddable":true,"href":"https:\/\/baldumarket.lt\/lt\/wp-json\/wp\/v2\/media\/155779"}],"wp:attachment":[{"href":"https:\/\/baldumarket.lt\/lt\/wp-json\/wp\/v2\/media?parent=155778"}],"wp:term":[{"taxonomy":"product_brand","embeddable":true,"href":"https:\/\/baldumarket.lt\/lt\/wp-json\/wp\/v2\/product_brand?post=155778"},{"taxonomy":"product_cat","embeddable":true,"href":"https:\/\/baldumarket.lt\/lt\/wp-json\/wp\/v2\/product_cat?post=155778"},{"taxonomy":"product_tag","embeddable":true,"href":"https:\/\/baldumarket.lt\/lt\/wp-json\/wp\/v2\/product_tag?post=155778"}],"curies":[{"name":"wp","href":"https:\/\/api.w.org\/{rel}","templated":true}]}}