{"id":155774,"date":"2025-12-18T18:11:00","date_gmt":"2025-12-18T15:11:00","guid":{"rendered":"https:\/\/baldumarket.lt\/product\/larona-polka-wiszaca-dluga-dab-riviera\/"},"modified":"2026-02-05T11:33:38","modified_gmt":"2026-02-05T08:33:38","slug":"larona-polka-wiszaca-dluga-dab-riviera","status":"publish","type":"product","link":"https:\/\/baldumarket.lt\/lt\/product\/larona-polka-wiszaca-dluga-dab-riviera\/","title":{"rendered":"Larona ilga pakabinama lentyna, Riviera Oak"},"content":{"rendered":"<p>Atraskite elegancij\u0105 ir funkcionalum\u0105, tobul\u0105 kiekvienoje detal\u0117je, su garsaus prek\u0117s \u017eenklo \u201eHelvetia\u201c ilga sienine lentyna \u201eLarona Riviera Oak\u201c. \u0160i lentyna yra modernaus dizaino, kur\u012f gali pasi\u016blyti \u0161iuolaikiniai baldai, kvintesencija.<br \/>\nKategorija: Baldai\/Lentynos \u2013 \u0160i minimalistin\u0117, ta\u010diau ne\u012ftik\u0117tinai prakti\u0161ka lentyna i\u0161siskiria i\u0161 kit\u0173 bald\u0173 savo paprasta forma, kuri puikiai papildo modernaus ir klasikinio interjero estetik\u0105.<br \/>\nPlotis: 180 cm \u2013 I\u0161naudokite savo sienos erdv\u0119 ant \u0161ios lentynos, palikdami knygas, papuo\u0161alus ar net vazonini\u0173 augal\u0173 kolekcij\u0105.<br \/>\nAuk\u0161tis: 20 cm \u2013 idealus auk\u0161tis u\u017etikrina universalum\u0105 ir leid\u017eia montuoti \u012fvairiose vietose.<br \/>\nGylis: 21 cm \u2013 kruop\u0161\u010diai parinktas gylis leid\u017eia saugiai laikyti \u012fvairaus dyd\u017eio daiktus.<br \/>\nSpalva: \u201eRiviera Oak\u201c \u2013 \u0161iltas, ta\u010diau eleganti\u0161kas \u0161ios spalvos tonas suteiks j\u016bs\u0173 interjerui harmonijos ir nat\u016bralumo. Priekin\u0117 med\u017eiaga: laminuota bald\u0173 plok\u0161t\u0117 \u2013 med\u017eiagos tvirtumas u\u017etikrina ilgaam\u017ei\u0161kum\u0105 ir atsparum\u0105 kasdieniam naudojimui.<br \/>\nKorpuso med\u017eiaga: laminuota bald\u0173 plok\u0161t\u0117 \u2013 vienoda spalva ir med\u017eiaga, u\u017etikrinanti konstrukcijos patvarum\u0105 ilgus metus.<br \/>\nLentyn\u0173 skai\u010dius: 1 \u2013 erdvi lentyna garantuoja pakankamai pavir\u0161iaus ploto m\u0117gstamiausiems daiktams eksponuoti.<br \/>\nSurinkimas: Savaranki\u0161kas surinkimas \u2013 lengvai sumontuokite \u0161i\u0105 lentyn\u0105 norimoje vietoje, vadovaudamiesi prid\u0117tomis nuosekliomis instrukcijomis.<br \/>\nLED ap\u0161vietimas: pasirinktinai \u2013 lentyn\u0105 galite papildyti subtiliu LED ap\u0161vietimu, suteikdami interjerui modernumo ir jaukumo.<br \/>\nPasirink\u0119 \u201eLarona\u201c lentyn\u0105, gausite ne tik bald\u0105, bet ir dekoratyvin\u012f element\u0105, kuris papuo\u0161 j\u016bs\u0173 interjer\u0105 ir suteiks prakti\u0161k\u0105 daikt\u0173 laikymo sprendim\u0105. \u012esigykite \u201eRiviera Oak\u201c lentyn\u0105 savo namams ir m\u0117gaukit\u0117s unikaliu estetikos ir funkcionalumo deriniu.<\/p>","protected":false},"excerpt":{"rendered":"<p>Plotis (cm): 180<br \/>\n\u016agis (cm): 20<br \/>\nGylis (cm): 21<\/p>","protected":false},"featured_media":155775,"comment_status":"open","ping_status":"open","template":"","meta":[],"product_brand":[],"product_cat":[9423,1174,4105],"product_tag":[],"class_list":{"0":"post-155774","1":"product","2":"type-product","3":"status-publish","4":"has-post-thumbnail","6":"product_cat-furniture-system-larona","7":"product_cat-hanging-shelves","8":"product_cat-helvetia","10":"first","11":"instock","12":"purchasable","13":"product-type-simple"},"_links":{"self":[{"href":"https:\/\/baldumarket.lt\/lt\/wp-json\/wp\/v2\/product\/155774","targetHints":{"allow":["GET"]}}],"collection":[{"href":"https:\/\/baldumarket.lt\/lt\/wp-json\/wp\/v2\/product"}],"about":[{"href":"https:\/\/baldumarket.lt\/lt\/wp-json\/wp\/v2\/types\/product"}],"replies":[{"embeddable":true,"href":"https:\/\/baldumarket.lt\/lt\/wp-json\/wp\/v2\/comments?post=155774"}],"wp:featuredmedia":[{"embeddable":true,"href":"https:\/\/baldumarket.lt\/lt\/wp-json\/wp\/v2\/media\/155775"}],"wp:attachment":[{"href":"https:\/\/baldumarket.lt\/lt\/wp-json\/wp\/v2\/media?parent=155774"}],"wp:term":[{"taxonomy":"product_brand","embeddable":true,"href":"https:\/\/baldumarket.lt\/lt\/wp-json\/wp\/v2\/product_brand?post=155774"},{"taxonomy":"product_cat","embeddable":true,"href":"https:\/\/baldumarket.lt\/lt\/wp-json\/wp\/v2\/product_cat?post=155774"},{"taxonomy":"product_tag","embeddable":true,"href":"https:\/\/baldumarket.lt\/lt\/wp-json\/wp\/v2\/product_tag?post=155774"}],"curies":[{"name":"wp","href":"https:\/\/api.w.org\/{rel}","templated":true}]}}