{"id":155769,"date":"2025-12-18T18:10:49","date_gmt":"2025-12-18T15:10:49","guid":{"rendered":"https:\/\/baldumarket.lt\/product\/larona-polka-wiszaca-dluga-dab-lefkas-touchwood\/"},"modified":"2026-02-05T11:33:38","modified_gmt":"2026-02-05T08:33:38","slug":"larona-polka-wiszaca-dluga-dab-lefkas-touchwood","status":"publish","type":"product","link":"https:\/\/baldumarket.lt\/lt\/product\/larona-polka-wiszaca-dluga-dab-lefkas-touchwood\/","title":{"rendered":"Larona ilga pakabinama lentyna, Lefkas \u0105\u017euolas \/ Touchwood"},"content":{"rendered":"<p>\u201eLarona Long\u201c sienin\u0117 lentyna i\u0161 \u201eLefkas Oak\u201c \/ \u201eTouchwood\u201c medienos yra eleganti\u0161kas ir funkcionalus bet kokio interjero papildymas, leid\u017eiantis eksponuoti dekoracijas, knygas ar multimedijos kolekcijas. \u0160is gaminys yra \u201eHelvetia\u201c \u2013 prek\u0117s \u017eenklo, \u017einomo d\u0117l tvirt\u0173 ir esteti\u0161kai rafinuot\u0173 bald\u0173, kurie tarnaus ilgus metus, gamybos. Pagaminta i\u0161 auk\u0161tos kokyb\u0117s laminuotos bald\u0173 plok\u0161t\u0117s, lentyna yra atspari \u012fbr\u0117\u017eimams ir lengvai valoma. Jos matmenys yra 180 cm plo\u010dio, 20 cm auk\u0161\u010dio ir 21 cm gylio, tod\u0117l puikiai tinka montuoti vir\u0161 sofos, stalo ar lovos. \u201eLefkas Oak\u201c spalva kartu su \u201eTouchwood\u201c tekst\u016bra suteikia lentynai autenti\u0161k\u0105, nat\u016bralios medienos i\u0161vaizd\u0105 ir puikiai papildys \u012fvairius interjero dizainus, sukurdama \u0161ilt\u0105 ir jauki\u0105 atmosfer\u0105.<\/p>","protected":false},"excerpt":{"rendered":"<p>Plotis (cm): 180<br \/>\n\u016agis (cm): 20<br \/>\nGylis (cm): 21<\/p>","protected":false},"featured_media":155770,"comment_status":"open","ping_status":"open","template":"","meta":[],"product_brand":[],"product_cat":[9423,1174,4105],"product_tag":[],"class_list":{"0":"post-155769","1":"product","2":"type-product","3":"status-publish","4":"has-post-thumbnail","6":"product_cat-furniture-system-larona","7":"product_cat-hanging-shelves","8":"product_cat-helvetia","10":"first","11":"instock","12":"purchasable","13":"product-type-simple"},"_links":{"self":[{"href":"https:\/\/baldumarket.lt\/lt\/wp-json\/wp\/v2\/product\/155769","targetHints":{"allow":["GET"]}}],"collection":[{"href":"https:\/\/baldumarket.lt\/lt\/wp-json\/wp\/v2\/product"}],"about":[{"href":"https:\/\/baldumarket.lt\/lt\/wp-json\/wp\/v2\/types\/product"}],"replies":[{"embeddable":true,"href":"https:\/\/baldumarket.lt\/lt\/wp-json\/wp\/v2\/comments?post=155769"}],"wp:featuredmedia":[{"embeddable":true,"href":"https:\/\/baldumarket.lt\/lt\/wp-json\/wp\/v2\/media\/155770"}],"wp:attachment":[{"href":"https:\/\/baldumarket.lt\/lt\/wp-json\/wp\/v2\/media?parent=155769"}],"wp:term":[{"taxonomy":"product_brand","embeddable":true,"href":"https:\/\/baldumarket.lt\/lt\/wp-json\/wp\/v2\/product_brand?post=155769"},{"taxonomy":"product_cat","embeddable":true,"href":"https:\/\/baldumarket.lt\/lt\/wp-json\/wp\/v2\/product_cat?post=155769"},{"taxonomy":"product_tag","embeddable":true,"href":"https:\/\/baldumarket.lt\/lt\/wp-json\/wp\/v2\/product_tag?post=155769"}],"curies":[{"name":"wp","href":"https:\/\/api.w.org\/{rel}","templated":true}]}}