{"id":155765,"date":"2025-12-18T18:10:42","date_gmt":"2025-12-18T15:10:42","guid":{"rendered":"https:\/\/baldumarket.lt\/product\/larona-mebloscianka-dab-lefkas-touchwood\/"},"modified":"2026-02-05T11:33:38","modified_gmt":"2026-02-05T08:33:38","slug":"larona-mebloscianka-dab-lefkas-touchwood","status":"publish","type":"product","link":"https:\/\/baldumarket.lt\/lt\/product\/larona-mebloscianka-dab-lefkas-touchwood\/","title":{"rendered":"Larona sienin\u0117 spintel\u0117 Lefkas \u0105\u017euolas \/ Touchwood"},"content":{"rendered":"<p>Pristatome unikali\u0105 \u201eLarona\u201c sienin\u0119 spintel\u0119, kuri puikiai papildys tiek modern\u0173, tiek klasikin\u012f interjer\u0105. D\u0117l unikalaus dizaino ir funkcionalumo ji yra b\u016btinas baldas bet kurioje svetain\u0117je, kurioje vertinamas stilius ir prakti\u0161kas po\u017ei\u016bris \u012f erdv\u0117s valdym\u0105.<br \/>\nProdukto savyb\u0117s:<br \/>\nProdukto pavadinimas: Larona sienin\u0117 spintel\u0117 Lefkas Oak \/ Touchwood<br \/>\nKategorija: Baldai \/ Sienin\u0117s spintel\u0117s<br \/>\nPrek\u0117s \u017eenklas: Helvetia<br \/>\nAuk\u0161tis: cm<br \/>\nSpalva: Lefkas \u0105\u017euolas, Touchwood<br \/>\nPriekin\u0117 med\u017eiaga: laminuota bald\u0173 plok\u0161t\u0117<br \/>\nKorpuso med\u017eiaga: laminuota bald\u0173 plok\u0161t\u0117<br \/>\nDur\u0173 skai\u010dius: 3<br \/>\nLentyn\u0173 skai\u010dius: 14<br \/>\nSurinkimas: Savaranki\u0161kas surinkimas<br \/>\nLED ap\u0161vietimas: pasirinktinai (galima \u012fsigyti atskirai)<br \/>\n\u201eLarona\u201c sienin\u0117 spintel\u0117 \u017eavi eleganti\u0161ka \u201eLefkas Oak\u201c apdaila, kuri puikiai dera su \u201eTouchwood\u201c spalv\u0173 gama. Subtilios linijos ir moderni laminuot\u0173 bald\u0173 plok\u0161\u010di\u0173 fasad\u0173 apdaila suteikia \u0161iam baldui unikal\u0173 charakter\u012f.<br \/>\nErdv\u0117 ir funkcionalumas: \u0161i sienin\u0117 spintel\u0117 turi tris dureles ir keturiolika lentyn\u0173, tod\u0117l joje yra daug vietos \u012fvairiems daiktams susid\u0117ti. Tiek dekoratyviniai elementai, tiek b\u016btini aksesuarai ras savo viet\u0105 tvarkingai ir lengvai pasiekiamoje vietoje.<br \/>\nSavaranki\u0161kas surinkimas: \u0161is gaminys skirtas savaranki\u0161kam surinkimui, tod\u0117l galite pritaikyti atskir\u0173 element\u0173 i\u0161d\u0117stym\u0105 pagal savo individualius poreikius ir pageidavimus. Intuityvios instrukcijos leid\u017eia greitai ir lengvai surinkti.<br \/>\nPapildomas LED ap\u0161vietimas: galimas papildomas LED ap\u0161vietimas, kuris sustiprina modern\u0173 \u012frenginio charakter\u012f ir sukuria unikali\u0105 atmosfer\u0105 kambaryje.<br \/>\nNedelskite ir investuokite \u012f \u201eLarona\u201c sienin\u0119 spintel\u0119 \u2013 funkcionalumo, stiliaus ir komforto garantij\u0105.<\/p>","protected":false},"excerpt":{"rendered":"<p>\u016agis (cm): 206<\/p>","protected":false},"featured_media":155766,"comment_status":"open","ping_status":"open","template":"","meta":[],"product_brand":[],"product_cat":[9423,4105,2008],"product_tag":[],"class_list":{"0":"post-155765","1":"product","2":"type-product","3":"status-publish","4":"has-post-thumbnail","6":"product_cat-furniture-system-larona","7":"product_cat-helvetia","8":"product_cat-wall-units","10":"first","11":"instock","12":"purchasable","13":"product-type-simple"},"_links":{"self":[{"href":"https:\/\/baldumarket.lt\/lt\/wp-json\/wp\/v2\/product\/155765","targetHints":{"allow":["GET"]}}],"collection":[{"href":"https:\/\/baldumarket.lt\/lt\/wp-json\/wp\/v2\/product"}],"about":[{"href":"https:\/\/baldumarket.lt\/lt\/wp-json\/wp\/v2\/types\/product"}],"replies":[{"embeddable":true,"href":"https:\/\/baldumarket.lt\/lt\/wp-json\/wp\/v2\/comments?post=155765"}],"wp:featuredmedia":[{"embeddable":true,"href":"https:\/\/baldumarket.lt\/lt\/wp-json\/wp\/v2\/media\/155766"}],"wp:attachment":[{"href":"https:\/\/baldumarket.lt\/lt\/wp-json\/wp\/v2\/media?parent=155765"}],"wp:term":[{"taxonomy":"product_brand","embeddable":true,"href":"https:\/\/baldumarket.lt\/lt\/wp-json\/wp\/v2\/product_brand?post=155765"},{"taxonomy":"product_cat","embeddable":true,"href":"https:\/\/baldumarket.lt\/lt\/wp-json\/wp\/v2\/product_cat?post=155765"},{"taxonomy":"product_tag","embeddable":true,"href":"https:\/\/baldumarket.lt\/lt\/wp-json\/wp\/v2\/product_tag?post=155765"}],"curies":[{"name":"wp","href":"https:\/\/api.w.org\/{rel}","templated":true}]}}