{"id":155763,"date":"2025-12-18T18:10:39","date_gmt":"2025-12-18T15:10:39","guid":{"rendered":"https:\/\/baldumarket.lt\/product\/larona-mebloscianka-05410244-orzech-satynowy-touchwood\/"},"modified":"2026-02-05T11:33:38","modified_gmt":"2026-02-05T08:33:38","slug":"larona-mebloscianka-05410244-orzech-satynowy-touchwood","status":"publish","type":"product","link":"https:\/\/baldumarket.lt\/lt\/product\/larona-mebloscianka-05410244-orzech-satynowy-touchwood\/","title":{"rendered":"Larona sienin\u0117 spintel\u0117 05+41+02+44 Satino rie\u0161uto \/ \u201eTouchwood\u201c spalva"},"content":{"rendered":"<p>Pristatome unikali\u0105 \u201eLarona 05+41+02+44\u201c sienin\u0119 spintel\u0119 \u2013 puik\u0173 pasirinkim\u0105 m\u0117gstantiems eleganti\u0161kus ir funkcionalius svetain\u0117s sprendimus. \u0160i garsaus prek\u0117s \u017eenklo \u201eHelvetia\u201c sienin\u0117 spintel\u0117 derina klasikin\u012f stili\u0173 su moderniu akcentu, suteikdama ne tik daug vietos daiktams susid\u0117ti, bet ir puo\u0161ia bet kok\u012f interjer\u0105.<br \/>\nKolekcija pagaminta i\u0161 kilni\u0173 satininio rie\u0161uto ir \u201eTouchwood\u201c spalv\u0173, kurios sukuria \u0161ilt\u0105 ir jauki\u0105 atmosfer\u0105. D\u0117l auk\u0161tos kokyb\u0117s laminuotos bald\u0173 plok\u0161t\u0117s panaudojimo tiek priekin\u0117je, tiek ir korpuso dalyse \u0161is baldas i\u0161siskiria savo patvarumu ir atsparumu kasdieniam naudojimui.<br \/>\nSienin\u0117 spintel\u0117 susideda i\u0161 dviej\u0173 prakti\u0161k\u0173 dureli\u0173 ir vidini\u0173 lentyn\u0173, leid\u017eian\u010di\u0173 logi\u0161kai ir esteti\u0161kai i\u0161d\u0117styti \u012fvairius daiktus \u2013 nuo knyg\u0173 ir dekoracij\u0173 iki elektronikos ir multimedijos \u012frangos. Be to, tiems, kurie vertina modernias technologijas, yra LED ap\u0161vietimo parinktis, u\u017etikrinanti atmosferin\u012f ir funkcional\u0173 ap\u0161vietim\u0105.<br \/>\nTaip pat svarbus lankstus surinkimas, nes sienin\u0119 spintel\u0119 reikia surinkti patiems. Tai puiki galimyb\u0117 suasmeninti atskir\u0173 element\u0173 i\u0161d\u0117stym\u0105 ir pritaikyti juos prie individuali\u0173 poreiki\u0173 bei kambario dyd\u017eio.<br \/>\n\u201eHelvetia\u201c sienin\u0117 spintel\u0117 \u201eLarona 05+41+02+44\u201c \u2013 puikus pasirinkimas ie\u0161kantiems elegancijos, prakti\u0161kumo ir modernumo derinio viename balde.<\/p>","protected":false},"excerpt":{"rendered":"<p>Pristatome unikali\u0105 \u201eLarona 05+41+02+44\u201c sienin\u0119 spintel\u0119 \u2013 puik\u0173 pasirinkim\u0105 m\u0117gstantiems eleganti\u0161kus ir funkcionalius svetain\u0117s sprendimus. \u0160i garsaus prek\u0117s \u017eenklo \u201eHelvetia\u201c sienin\u0117 spintel\u0117 derina klasikin\u012f stili\u0173 su moderniu akcentu, suteikdama ne tik daug vietos daiktams susid\u0117ti, bet ir puo\u0161ia bet kok\u012f interjer\u0105. Kolekcija sukurta [\u2026]<\/p>","protected":false},"featured_media":155764,"comment_status":"open","ping_status":"open","template":"","meta":[],"product_brand":[],"product_cat":[9423,4105,2008],"product_tag":[],"class_list":{"0":"post-155763","1":"product","2":"type-product","3":"status-publish","4":"has-post-thumbnail","6":"product_cat-furniture-system-larona","7":"product_cat-helvetia","8":"product_cat-wall-units","10":"first","11":"instock","12":"purchasable","13":"product-type-simple"},"_links":{"self":[{"href":"https:\/\/baldumarket.lt\/lt\/wp-json\/wp\/v2\/product\/155763","targetHints":{"allow":["GET"]}}],"collection":[{"href":"https:\/\/baldumarket.lt\/lt\/wp-json\/wp\/v2\/product"}],"about":[{"href":"https:\/\/baldumarket.lt\/lt\/wp-json\/wp\/v2\/types\/product"}],"replies":[{"embeddable":true,"href":"https:\/\/baldumarket.lt\/lt\/wp-json\/wp\/v2\/comments?post=155763"}],"wp:featuredmedia":[{"embeddable":true,"href":"https:\/\/baldumarket.lt\/lt\/wp-json\/wp\/v2\/media\/155764"}],"wp:attachment":[{"href":"https:\/\/baldumarket.lt\/lt\/wp-json\/wp\/v2\/media?parent=155763"}],"wp:term":[{"taxonomy":"product_brand","embeddable":true,"href":"https:\/\/baldumarket.lt\/lt\/wp-json\/wp\/v2\/product_brand?post=155763"},{"taxonomy":"product_cat","embeddable":true,"href":"https:\/\/baldumarket.lt\/lt\/wp-json\/wp\/v2\/product_cat?post=155763"},{"taxonomy":"product_tag","embeddable":true,"href":"https:\/\/baldumarket.lt\/lt\/wp-json\/wp\/v2\/product_tag?post=155763"}],"curies":[{"name":"wp","href":"https:\/\/api.w.org\/{rel}","templated":true}]}}