{"id":155760,"date":"2025-12-18T18:10:34","date_gmt":"2025-12-18T15:10:34","guid":{"rendered":"https:\/\/baldumarket.lt\/product\/larona-komoda-rtv-1-drzwiowa-orzech-satynowy-touchwood\/"},"modified":"2026-02-05T11:33:38","modified_gmt":"2026-02-05T08:33:38","slug":"larona-komoda-rtv-1-drzwiowa-orzech-satynowy-touchwood","status":"publish","type":"product","link":"https:\/\/baldumarket.lt\/lt\/product\/larona-komoda-rtv-1-drzwiowa-orzech-satynowy-touchwood\/","title":{"rendered":"Larona 1 dur\u0173 TV komoda, satino rie\u0161utmed\u017eio \/ \u201eTouchwood\u201c spalvos"},"content":{"rendered":"<p>Pristatome jums unikal\u0173 \u201cLarona\u201d televizoriaus staliuk\u0105, pasi\u017eymint\u012f kilniu satininio rie\u0161uto atspalviu ir \u201eTouchwood\u201c efektu, kur\u012f si\u016blo garsus \u201eHelvetia\u201c prek\u0117s \u017eenklas. D\u0117l savo nesenstan\u010dios estetikos ir tvirtos konstrukcijos \u0161is baldas neabejotinai taps j\u016bs\u0173 svetain\u0117s ar pramog\u0173 kambario traukos centru.<br \/>\nStovo matmenys puikiai atitinka \u0161iuolaikini\u0173 vartotoj\u0173 poreikius: patogus 140 cm plotis leid\u017eia pastatyti net didelius televizorius, o 49 cm auk\u0161tis ir 37 cm gylis u\u017etikrina patog\u0173 televizoriaus \u012frangos ir kit\u0173 pried\u0173 laikym\u0105. Paprast\u0105, bet eleganti\u0161k\u0105 dizain\u0105 pabr\u0117\u017eia minimalistin\u0117, vien\u0173 dureli\u0173 konstrukcija, u\u017e kurios pasl\u0117ptos dvi prakti\u0161kos lentynos, leid\u017eian\u010dios palaikyti tvark\u0105 ir estetik\u0105 laikant \u012fvairius daiktus.<br \/>\nStovo priekin\u0117 dalis pagaminta i\u0161 auk\u0161tos kokyb\u0117s laminuotos bald\u0173 plok\u0161t\u0117s, u\u017etikrinan\u010dios patvarum\u0105 ir atsparum\u0105 kasdieniam naudojimui, taip pat lengv\u0105 prie\u017ei\u016br\u0105. Korpusas taip pat i\u0161laiko t\u0105 pa\u010di\u0105 auk\u0161tos kokyb\u0117s estetik\u0105, u\u017etikrindamas nuoseklum\u0105 ir elegancij\u0105 visame balde. Stilinga satininio rie\u0161uto spalva kartu su \u201eTouchwood\u201c tekst\u016bra suteikia bet kokiam interjerui klas\u0117s ir \u0161ilumos, sukurdama jauki\u0105 atmosfer\u0105.<br \/>\n\u201cLarona\u201d televizoriaus staliukas pristatomas surinkimui savaranki\u0161kai, o tai paprasta ir intuityvu d\u0117l ai\u0161ki\u0173 instrukcij\u0173. Kiekviena dalis yra supakuota, kad b\u016bt\u0173 apsaugota transportavimo metu ir pristatyta nepa\u017eeista.<br \/>\nNesvarbu, ar vertinate klasikin\u0119 elegancij\u0105, ar ie\u0161kote prakti\u0161k\u0173 ir patvari\u0173 bald\u0173, \u201cHelvetia\u201d televizoriaus staliukas \u201eLarona\u201c patenkins \u0161iuos poreikius ir bus puikus j\u016bs\u0173 nam\u0173 papildymas.<\/p>","protected":false},"excerpt":{"rendered":"<p>Plotis (cm): 140<br \/>\n\u016agis (cm): 49<br \/>\nGylis (cm): 37<\/p>","protected":false},"featured_media":155761,"comment_status":"open","ping_status":"open","template":"","meta":[],"product_brand":[],"product_cat":[9423,4105,1175],"product_tag":[],"class_list":{"0":"post-155760","1":"product","2":"type-product","3":"status-publish","4":"has-post-thumbnail","6":"product_cat-furniture-system-larona","7":"product_cat-helvetia","8":"product_cat-tv-stands","10":"first","11":"instock","12":"purchasable","13":"product-type-simple"},"_links":{"self":[{"href":"https:\/\/baldumarket.lt\/lt\/wp-json\/wp\/v2\/product\/155760","targetHints":{"allow":["GET"]}}],"collection":[{"href":"https:\/\/baldumarket.lt\/lt\/wp-json\/wp\/v2\/product"}],"about":[{"href":"https:\/\/baldumarket.lt\/lt\/wp-json\/wp\/v2\/types\/product"}],"replies":[{"embeddable":true,"href":"https:\/\/baldumarket.lt\/lt\/wp-json\/wp\/v2\/comments?post=155760"}],"wp:featuredmedia":[{"embeddable":true,"href":"https:\/\/baldumarket.lt\/lt\/wp-json\/wp\/v2\/media\/155761"}],"wp:attachment":[{"href":"https:\/\/baldumarket.lt\/lt\/wp-json\/wp\/v2\/media?parent=155760"}],"wp:term":[{"taxonomy":"product_brand","embeddable":true,"href":"https:\/\/baldumarket.lt\/lt\/wp-json\/wp\/v2\/product_brand?post=155760"},{"taxonomy":"product_cat","embeddable":true,"href":"https:\/\/baldumarket.lt\/lt\/wp-json\/wp\/v2\/product_cat?post=155760"},{"taxonomy":"product_tag","embeddable":true,"href":"https:\/\/baldumarket.lt\/lt\/wp-json\/wp\/v2\/product_tag?post=155760"}],"curies":[{"name":"wp","href":"https:\/\/api.w.org\/{rel}","templated":true}]}}