{"id":155756,"date":"2025-12-18T18:10:26","date_gmt":"2025-12-18T15:10:26","guid":{"rendered":"https:\/\/baldumarket.lt\/product\/larona-komoda-rtv-1-drzwiowa-modrzew-sibiu-trufla-sonoma\/"},"modified":"2026-02-05T11:33:38","modified_gmt":"2026-02-05T08:33:38","slug":"larona-komoda-rtv-1-drzwiowa-modrzew-sibiu-trufla-sonoma","status":"publish","type":"product","link":"https:\/\/baldumarket.lt\/lt\/product\/larona-komoda-rtv-1-drzwiowa-modrzew-sibiu-trufla-sonoma\/","title":{"rendered":"Larona 1 dur\u0173 TV stovas Sibiu Larch \/ Sonoma Truffle"},"content":{"rendered":"<p>Atraskite unikal\u0173 \u201eLarona\u201c televizoriaus staliuk\u0105 \u2013 tobul\u0105 dizaino ir prakti\u0161kumo simetrij\u0105, kuris lengvai tilps j\u016bs\u0173 svetain\u0117je. \u0160is eleganti\u0161kas ir funkcionalus, garsaus prek\u0117s \u017eenklo \u201eHelvetia\u201c pagamintas staliukas puikiai derina modern\u0173 stili\u0173 su nat\u016braliais akcentais, sukurdamas \u0161ilt\u0105 atmosfer\u0105 bet kuriame interjere.<\/p>\n<p>Dizainerio sukurta Sibiu maumed\u017eio ir Sonoma triufeli\u0173 atspalvi\u0173 apdaila i\u0161siskiria subtiliu blizgesiu ir itin esteti\u0161ka tekst\u016bra, primenan\u010dia autenti\u0161k\u0105 medien\u0105. J\u0105 papildo funkcionalus, vienos lapo priekis, pagamintas i\u0161 laminuotos bald\u0173 plok\u0161t\u0117s, u\u017etikrinantis lengv\u0105 prie\u017ei\u016br\u0105 ir atsparum\u0105 kasdieniam naudojimui.<\/p>\n<p>D\u0117l puikiai suprojektuot\u0173 matmen\u0173: plo\u010dio: 140 cm, auk\u0161\u010dio: 49 cm ir gylio: 37 cm, \u0161is televizoriaus staliukas yra puikus sprendimas \u012fvairiems daiktams laikyti. Jis si\u016blo lanks\u010dias elektronin\u0117s \u012frangos i\u0161d\u0117stymo galimybes, nes dvi prakti\u0161kos lentynos sukuria tobul\u0105 viet\u0105 j\u016bs\u0173 pried\u0117liui, \u017eaidim\u0173 konsolei ar m\u0117gstamiausiems filmams. Subtilios detal\u0117s, tokios kaip modernios rankenos ir \u0161velniai u\u017eapvalinti kra\u0161tai, suteikiantys baldams unikalaus \u017eavesio, lengvai suteiks j\u016bs\u0173 kambariui individualumo. Tvirta konstrukcija \u017eada ilgalaik\u012f naudojim\u0105, nesijaudinant d\u0117l nusid\u0117v\u0117jimo.<br \/>\n\u201eLarona\u201c televizoriaus staliukas yra ne tik dekoratyvinis elementas, bet ir prakti\u0161kas sprendimas, kur\u012f galima surinkti patiems. Jis buvo sukurtas galvojant apie lengv\u0105 surinkim\u0105, kad gal\u0117tum\u0117te m\u0117gautis nauju baldu be profesionalios pagalbos.<br \/>\nPasirink\u0119 \u0161\u012f gamin\u012f, b\u016bsite patenkinti tiek d\u0117l auk\u0161tos kokyb\u0117s, tiek d\u0117l funkcionalumo. Tegul \u201eHelvetia\u201c \u201eLarona\u201c televizoriaus stovas tampa j\u016bs\u0173 nam\u0173 pramog\u0173 erdv\u0117s traukos centru!<\/p>","protected":false},"excerpt":{"rendered":"<p>Plotis (cm): 140<br \/>\n\u016agis (cm): 49<br \/>\nGylis (cm): 37<\/p>","protected":false},"featured_media":155757,"comment_status":"open","ping_status":"open","template":"","meta":[],"product_brand":[],"product_cat":[9423,4105,1175],"product_tag":[],"class_list":{"0":"post-155756","1":"product","2":"type-product","3":"status-publish","4":"has-post-thumbnail","6":"product_cat-furniture-system-larona","7":"product_cat-helvetia","8":"product_cat-tv-stands","10":"first","11":"instock","12":"purchasable","13":"product-type-simple"},"_links":{"self":[{"href":"https:\/\/baldumarket.lt\/lt\/wp-json\/wp\/v2\/product\/155756","targetHints":{"allow":["GET"]}}],"collection":[{"href":"https:\/\/baldumarket.lt\/lt\/wp-json\/wp\/v2\/product"}],"about":[{"href":"https:\/\/baldumarket.lt\/lt\/wp-json\/wp\/v2\/types\/product"}],"replies":[{"embeddable":true,"href":"https:\/\/baldumarket.lt\/lt\/wp-json\/wp\/v2\/comments?post=155756"}],"wp:featuredmedia":[{"embeddable":true,"href":"https:\/\/baldumarket.lt\/lt\/wp-json\/wp\/v2\/media\/155757"}],"wp:attachment":[{"href":"https:\/\/baldumarket.lt\/lt\/wp-json\/wp\/v2\/media?parent=155756"}],"wp:term":[{"taxonomy":"product_brand","embeddable":true,"href":"https:\/\/baldumarket.lt\/lt\/wp-json\/wp\/v2\/product_brand?post=155756"},{"taxonomy":"product_cat","embeddable":true,"href":"https:\/\/baldumarket.lt\/lt\/wp-json\/wp\/v2\/product_cat?post=155756"},{"taxonomy":"product_tag","embeddable":true,"href":"https:\/\/baldumarket.lt\/lt\/wp-json\/wp\/v2\/product_tag?post=155756"}],"curies":[{"name":"wp","href":"https:\/\/api.w.org\/{rel}","templated":true}]}}