{"id":155742,"date":"2025-12-18T18:09:57","date_gmt":"2025-12-18T15:09:57","guid":{"rendered":"https:\/\/baldumarket.lt\/product\/larona-komoda-2d3s-orzech-satynowy-touchwood\/"},"modified":"2026-02-05T11:33:46","modified_gmt":"2026-02-05T08:33:46","slug":"larona-komoda-2d3s-orzech-satynowy-touchwood","status":"publish","type":"product","link":"https:\/\/baldumarket.lt\/lt\/product\/larona-komoda-2d3s-orzech-satynowy-touchwood\/","title":{"rendered":"Larona komoda, 2D3S, satino rie\u0161uto \/ medienos imitacija"},"content":{"rendered":"<p>Atraskite elegancij\u0105 ir funkcionalum\u0105 viename balde su \u201eLarona 2D3S\u201c komoda, sukurta rafinuotiems interjerams. \u0160i garsaus prek\u0117s \u017eenklo \u201eHelvetia\u201c komoda derina auk\u0161tos kokyb\u0117s meistri\u0161kum\u0105 su moderniu dizainu, tod\u0117l \u0161is baldas puikiai atrodys bet kuriame svetain\u0117je, miegamajame ar koridoriuje.<br \/>\n\u201eLarona\u201c komoda yra 176 cm plo\u010dio, tod\u0117l joje yra daugiau vietos daiktams, 85 cm auk\u0161\u010dio, tod\u0117l lengvai pasiekiama vir\u0161utin\u0117 lentyna, o 37 cm gylio \u2013 taip sunaudojama minimaliai vietos. \u0160ilta satininio rie\u0161uto spalvos apdaila kartu su medienos imitacija suteikia komodai i\u0161skirtinio gylio ir nat\u016bralaus \u017eavesio.<br \/>\nKomodos fasadas pagamintas i\u0161 auk\u0161tos kokyb\u0117s laminuotos bald\u0173 plok\u0161t\u0117s, kuri yra atspari \u012fbr\u0117\u017eimams ir lengvai valoma, tod\u0117l ilgai i\u0161lieka gra\u017ei. Korpusas taip pat pagamintas i\u0161 tos pa\u010dios med\u017eiagos, tod\u0117l atrodo vienodai, esteti\u0161kai ir yra konstrukci\u0161kai stabilus. Funkcinis komodos i\u0161d\u0117stymas pasi\u017eymi dviem erdviomis durel\u0117mis ir trimis patogiais stal\u010diais, leid\u017eian\u010diais tvarkingai laikyti \u012fvairius daiktus. Paprastos, bet eleganti\u0161kos rankenos suteikia charakterio ir leid\u017eia lengvai pasiekti turin\u012f.<br \/>\nProduktas pristatomas surinkimui savaranki\u0161kai, o prid\u0117tos instrukcijos leid\u017eia greitai ir lengvai surinkti gamin\u012f patogiai namuose. Auk\u0161tos kokyb\u0117s med\u017eiagos ir kruop\u0161tus meistri\u0161kumas u\u017etikrina, kad \u201eLarona\u201c komoda tarnaus ilgus metus ir bus ne tik prakti\u0161kas, bet ir dekoratyvinis elementas j\u016bs\u0173 interjere.<br \/>\nJei ie\u0161kote bald\u0173, kurie derint\u0173 eleganti\u0161k\u0105 dizain\u0105 ir funkcionalum\u0105, \u201eHelvetia\u201c komoda \u201eLarona\u201c bus puikus pasirinkimas j\u016bs\u0173 namams.<\/p>","protected":false},"excerpt":{"rendered":"<p>Plotis (cm): 176<br \/>\n\u016agis (cm): 85<br \/>\nGylis (cm): 37<\/p>","protected":false},"featured_media":155743,"comment_status":"open","ping_status":"open","template":"","meta":[],"product_brand":[],"product_cat":[9423,1173,4105],"product_tag":[],"class_list":{"0":"post-155742","1":"product","2":"type-product","3":"status-publish","4":"has-post-thumbnail","6":"product_cat-furniture-system-larona","7":"product_cat-chests-of-drawers","8":"product_cat-helvetia","10":"first","11":"instock","12":"purchasable","13":"product-type-simple"},"_links":{"self":[{"href":"https:\/\/baldumarket.lt\/lt\/wp-json\/wp\/v2\/product\/155742","targetHints":{"allow":["GET"]}}],"collection":[{"href":"https:\/\/baldumarket.lt\/lt\/wp-json\/wp\/v2\/product"}],"about":[{"href":"https:\/\/baldumarket.lt\/lt\/wp-json\/wp\/v2\/types\/product"}],"replies":[{"embeddable":true,"href":"https:\/\/baldumarket.lt\/lt\/wp-json\/wp\/v2\/comments?post=155742"}],"wp:featuredmedia":[{"embeddable":true,"href":"https:\/\/baldumarket.lt\/lt\/wp-json\/wp\/v2\/media\/155743"}],"wp:attachment":[{"href":"https:\/\/baldumarket.lt\/lt\/wp-json\/wp\/v2\/media?parent=155742"}],"wp:term":[{"taxonomy":"product_brand","embeddable":true,"href":"https:\/\/baldumarket.lt\/lt\/wp-json\/wp\/v2\/product_brand?post=155742"},{"taxonomy":"product_cat","embeddable":true,"href":"https:\/\/baldumarket.lt\/lt\/wp-json\/wp\/v2\/product_cat?post=155742"},{"taxonomy":"product_tag","embeddable":true,"href":"https:\/\/baldumarket.lt\/lt\/wp-json\/wp\/v2\/product_tag?post=155742"}],"curies":[{"name":"wp","href":"https:\/\/api.w.org\/{rel}","templated":true}]}}