{"id":155738,"date":"2025-12-18T18:09:49","date_gmt":"2025-12-18T15:09:49","guid":{"rendered":"https:\/\/baldumarket.lt\/product\/larona-komoda-2d3s-modrzew-sibiu-trufla-sonoma\/"},"modified":"2026-02-05T11:33:46","modified_gmt":"2026-02-05T08:33:46","slug":"larona-komoda-2d3s-modrzew-sibiu-trufla-sonoma","status":"publish","type":"product","link":"https:\/\/baldumarket.lt\/lt\/product\/larona-komoda-2d3s-modrzew-sibiu-trufla-sonoma\/","title":{"rendered":"Larona komoda 2D3S Sibiu maumed\u017eio \/ Sonoma triufeli\u0173 spalvos"},"content":{"rendered":"<p>Pasiekite nauj\u0105 tvarkos ir stiliaus lyg\u012f su garsaus \u201eHelvetia\u201c prek\u0117s \u017eenklo \u201eLarona\u201c komoda. Kruop\u0161\u010diai atkreipus d\u0117mes\u012f \u012f detales, \u0161i i\u0161skirtin\u0117 2D3S komoda pasi\u017eymi unikaliu Sibiu maumed\u017eio ir Sonoma triufeli\u0173 spalv\u0173 deriniu, suteikian\u010diu bet kokiam interjerui \u0161ilt\u0105 ir modern\u0173 akcent\u0105. Komodoje yra dvi erdvios spintel\u0117s ir trys gil\u016bs stal\u010diai, kuriuose yra daug vietos j\u016bs\u0173 drabu\u017eiams, aksesuarams ar kitiems nam\u0173 apyvokos daiktams laikyti.<\/p>\n<p>Pagaminta i\u0161 auk\u0161tos kokyb\u0117s laminuot\u0173 bald\u0173 plok\u0161\u010di\u0173, \u201eLarona\u201c u\u017etikrina patvarum\u0105 ir lengv\u0105 valym\u0105. Subtilios priekin\u0117s ir korpuso tekst\u016bros ne tik suteikia elegancijos, bet ir yra atsparios kasdieniam d\u0117v\u0117jimuisi. Komod\u0105 reikia surinkti pa\u010diam, ta\u010diau kruop\u0161\u010diai parengt\u0173 instrukcij\u0173 ir prid\u0117t\u0173 pried\u0173 d\u0117ka procesas yra greitas ir paprastas.<\/p>\n<p>Komoda \u201eLarona\u201c \u2013 puikus pasirinkimas tiems, kurie vertina funkcionalum\u0105 ir modern\u0173 dizain\u0105. \u0160i komoda ne tik puikiai sutvarkys j\u016bs\u0173 erdv\u0119, bet ir taps rafinuotu j\u016bs\u0173 nam\u0173 akcentu, pabr\u0117\u017eian\u010diu j\u016bs\u0173 individual\u0173 charakter\u012f ir skon\u012f. Nepraleiskite progos praturtinti savo erdv\u0119 \u0161iuo eleganti\u0161ku ir utilitariniu baldu.<\/p>","protected":false},"excerpt":{"rendered":"<p>Plotis (cm): 176<br \/>\n\u016agis (cm): 85<br \/>\nGylis (cm): 37<\/p>","protected":false},"featured_media":155739,"comment_status":"open","ping_status":"open","template":"","meta":[],"product_brand":[],"product_cat":[9423,1173,4105],"product_tag":[],"class_list":{"0":"post-155738","1":"product","2":"type-product","3":"status-publish","4":"has-post-thumbnail","6":"product_cat-furniture-system-larona","7":"product_cat-chests-of-drawers","8":"product_cat-helvetia","10":"first","11":"instock","12":"purchasable","13":"product-type-simple"},"_links":{"self":[{"href":"https:\/\/baldumarket.lt\/lt\/wp-json\/wp\/v2\/product\/155738","targetHints":{"allow":["GET"]}}],"collection":[{"href":"https:\/\/baldumarket.lt\/lt\/wp-json\/wp\/v2\/product"}],"about":[{"href":"https:\/\/baldumarket.lt\/lt\/wp-json\/wp\/v2\/types\/product"}],"replies":[{"embeddable":true,"href":"https:\/\/baldumarket.lt\/lt\/wp-json\/wp\/v2\/comments?post=155738"}],"wp:featuredmedia":[{"embeddable":true,"href":"https:\/\/baldumarket.lt\/lt\/wp-json\/wp\/v2\/media\/155739"}],"wp:attachment":[{"href":"https:\/\/baldumarket.lt\/lt\/wp-json\/wp\/v2\/media?parent=155738"}],"wp:term":[{"taxonomy":"product_brand","embeddable":true,"href":"https:\/\/baldumarket.lt\/lt\/wp-json\/wp\/v2\/product_brand?post=155738"},{"taxonomy":"product_cat","embeddable":true,"href":"https:\/\/baldumarket.lt\/lt\/wp-json\/wp\/v2\/product_cat?post=155738"},{"taxonomy":"product_tag","embeddable":true,"href":"https:\/\/baldumarket.lt\/lt\/wp-json\/wp\/v2\/product_tag?post=155738"}],"curies":[{"name":"wp","href":"https:\/\/api.w.org\/{rel}","templated":true}]}}