{"id":155734,"date":"2025-12-18T18:09:42","date_gmt":"2025-12-18T15:09:42","guid":{"rendered":"https:\/\/baldumarket.lt\/product\/larona-komoda-2d3s-dab-riviera\/"},"modified":"2026-02-05T11:33:46","modified_gmt":"2026-02-05T08:33:46","slug":"larona-komoda-2d3s-dab-riviera","status":"publish","type":"product","link":"https:\/\/baldumarket.lt\/lt\/product\/larona-komoda-2d3s-dab-riviera\/","title":{"rendered":"Larona komoda, 2D3S, Riviera Oak"},"content":{"rendered":"<p>Atraskite elegancij\u0105 ir funkcionalum\u0105 viename balde \u2013 pristatome \u201eLarona 2D3S\u201c komod\u0105 su stal\u010diais \u201eRiviera Oak\u201c spalvos, i\u0161 garsaus prek\u0117s \u017eenklo \u201eHelvetia\u201c, kurio dizainas jau daugel\u012f met\u0173 d\u017eiugina vartotojus visame pasaulyje. Tai ne tik i\u0161skirtinio meistri\u0161kumo, bet ir puikaus dizaino pavyzdys, puikiai tinkantis tiek moderniam, tiek tradici\u0161kesniam interjerui.<\/p>\n<p>\u0160i komoda turi dvejas dureles ir tris erdvius stal\u010dius, kuriuose gausu vietos \u012fvairiems daiktams \u2013 nuo drabu\u017ei\u0173 iki smulki\u0173 aksesuar\u0173. Tai pad\u0117s palaikyti tvark\u0105 ir harmonij\u0105 j\u016bs\u0173 erdv\u0117je. Komodos matmenys: plotis \u2013 176 cm, auk\u0161tis \u2013 85 cm, o gylis \u2013 37 cm, tod\u0117l ji idealiai tinka daugumai kambari\u0173.<\/p>\n<p>\u201eRiviera Oak\u201c apdaila suteikia komodai \u0161ilt\u0105, ta\u010diau labai modern\u0173 charakter\u012f. Be to, auk\u0161tos kokyb\u0117s laminuotos bald\u0173 plok\u0161t\u0117s panaudojimas tiek priekin\u0117je, tiek ir korpuso dalyje garantuoja patvarum\u0105 ir lengv\u0105 valym\u0105. \u0160is stilingas ir funkcionalus baldas sukurtas tarnauti ilgus metus. \u0160i\u0105 komod\u0105 reikia surinkti patiems, o tai yra papildomas privalumas \u2013 jau\u010diat\u0117s pasitenkin\u0119, kad visk\u0105 atlikote patys, o surinkimas yra paprastas ir nereikalauja joki\u0173 speciali\u0173 \u017eini\u0173. Pasirinkdami \u201eHelvetia\u201c komod\u0105 \u201eLarona\u201c, investuojate \u012f patvarum\u0105, nesenstant\u012f dizain\u0105 ir funkcionalum\u0105, kurie neabejotinai pavers bet kur\u012f kambar\u012f harmoninga ir elegancine erdve.<\/p>","protected":false},"excerpt":{"rendered":"<p>Plotis (cm): 176<br \/>\n\u016agis (cm): 85<br \/>\nGylis (cm): 37<\/p>","protected":false},"featured_media":155735,"comment_status":"open","ping_status":"open","template":"","meta":[],"product_brand":[],"product_cat":[9423,1173,4105],"product_tag":[],"class_list":{"0":"post-155734","1":"product","2":"type-product","3":"status-publish","4":"has-post-thumbnail","6":"product_cat-furniture-system-larona","7":"product_cat-chests-of-drawers","8":"product_cat-helvetia","10":"first","11":"instock","12":"purchasable","13":"product-type-simple"},"_links":{"self":[{"href":"https:\/\/baldumarket.lt\/lt\/wp-json\/wp\/v2\/product\/155734","targetHints":{"allow":["GET"]}}],"collection":[{"href":"https:\/\/baldumarket.lt\/lt\/wp-json\/wp\/v2\/product"}],"about":[{"href":"https:\/\/baldumarket.lt\/lt\/wp-json\/wp\/v2\/types\/product"}],"replies":[{"embeddable":true,"href":"https:\/\/baldumarket.lt\/lt\/wp-json\/wp\/v2\/comments?post=155734"}],"wp:featuredmedia":[{"embeddable":true,"href":"https:\/\/baldumarket.lt\/lt\/wp-json\/wp\/v2\/media\/155735"}],"wp:attachment":[{"href":"https:\/\/baldumarket.lt\/lt\/wp-json\/wp\/v2\/media?parent=155734"}],"wp:term":[{"taxonomy":"product_brand","embeddable":true,"href":"https:\/\/baldumarket.lt\/lt\/wp-json\/wp\/v2\/product_brand?post=155734"},{"taxonomy":"product_cat","embeddable":true,"href":"https:\/\/baldumarket.lt\/lt\/wp-json\/wp\/v2\/product_cat?post=155734"},{"taxonomy":"product_tag","embeddable":true,"href":"https:\/\/baldumarket.lt\/lt\/wp-json\/wp\/v2\/product_tag?post=155734"}],"curies":[{"name":"wp","href":"https:\/\/api.w.org\/{rel}","templated":true}]}}