{"id":15573,"date":"2025-11-14T08:47:58","date_gmt":"2025-11-14T05:47:58","guid":{"rendered":"https:\/\/baldumarket.lt\/product\/roxi\/"},"modified":"2026-03-29T12:45:22","modified_gmt":"2026-03-29T09:45:22","slug":"roxi","status":"publish","type":"product","link":"https:\/\/baldumarket.lt\/lt\/product\/roxi\/","title":{"rendered":"Roxi"},"content":{"rendered":"<p>Eleganti\u0161kos linijos, paprastas stilius ir patogi daikt\u0173 laikymo vieta \u2013 tai \u201eRoxi\u201c kampin\u0117 sofa. Tai puikus pasirinkimas vidutinio dyd\u017eio erdv\u0117ms, kuri\u0173 matmenys \u2013 240 x 165 x 90 centimetr\u0173. S\u0117dyn\u0117 pagaminta i\u0161 labai patogios pagalv\u0117l\u0117s, pagamintos i\u0161 dviej\u0173 put\u0173 derinio: didelio elastingumo HR put\u0173 ir deformacijai atspari\u0173 T3030 put\u0173, auk\u0161tos kokyb\u0117s apmu\u0161al\u0173 ir B tipo banguot\u0173 spyruokli\u0173, u\u017etikrinan\u010di\u0173 ilgaam\u017ei\u0161kum\u0105. Atlo\u0161as pagamintas i\u0161 universali\u0173 T2540 put\u0173. Kojoms naudojama alksnio mediena. \u201eRoxi\u201c kampin\u0117 sofa taip pat si\u016blo 215 x 120 centimetr\u0173 miegojimo plot\u0105, tod\u0117l ji puikiai tinka netik\u0117tiems sve\u010diams. Dar vienas kampin\u0117s sofos privalumas \u2013 patalyn\u0117s skyrius, kuriame galima lengvai laikyti papildomas pagalves, antklodes ar patalyn\u0119 sve\u010diams. Kampin\u0119 sof\u0105 puo\u0161ian\u010dios dygsniuotos ir si\u016bl\u0117s suteikia charakterio interjerui, kuriame yra \u201eRoxi\u201c, patraukia d\u0117mes\u012f ir suteikia unikal\u0173 stili\u0173.<\/p>","protected":false},"excerpt":{"rendered":"<p>Eleganti\u0161kos linijos, paprastas stilius ir patogi daikt\u0173 laikymo vieta \u2013 tai \u201eRoxi\u201c kampin\u0117 sofa. Tai puikus pasirinkimas vidutinio dyd\u017eio erdv\u0117ms, kuri\u0173 matmenys \u2013 240 x 165 x 90 centimetr\u0173. S\u0117dyn\u0117 pagaminta i\u0161 labai patogios pagalv\u0117l\u0117s, pagamintos i\u0161 dviej\u0173 put\u0173 derinio: didelio elastingumo HR put\u0173 ir deformacijai atspari\u0173 T3030 put\u0173, auk\u0161tos kokyb\u0117s apmu\u0161al\u0173 ir B tipo banguot\u0173 spyruokli\u0173, u\u017etikrinan\u010di\u0173 [\u2026]<\/p>","protected":false},"featured_media":15574,"comment_status":"open","ping_status":"open","template":"","meta":[],"product_brand":[],"product_cat":[616,1983,2012,9166],"product_tag":[],"class_list":{"0":"post-15573","1":"product","2":"type-product","3":"status-publish","4":"has-post-thumbnail","6":"product_cat-corners","7":"product_cat-corners-l","8":"product_cat-eltap","9":"product_cat-narozniki-eltap","10":"pa_frame-material-wood","11":"pa_frame-material-type-pine","12":"pa_leg-color-wood","13":"pa_leg-material-wood","14":"pa_linen-box-yes","15":"pa_main-color-beige","16":"pa_main-color-dark-blue","17":"pa_main-color-dark-gray","18":"pa_main-color-dark-green","19":"pa_main-color-dark-purple","20":"pa_main-color-gray","21":"pa_main-color-light-brown","22":"pa_main-color-pink","23":"pa_price-group-prestige","24":"pa_price-group-classic","25":"pa_price-group-premium","26":"pa_price-group-standard","27":"pa_seat-depth-613","28":"pa_seat-width-918","29":"pa_sleep-function-yes","30":"pa_sleeping-area-length-945","31":"pa_sleeping-area-width-691","32":"pa_style-minimalist","33":"pa_textile-inari-22","34":"pa_textile-loco-06","35":"pa_textile-loco-24","36":"pa_textile-loco-25","37":"pa_textile-lukso-39","38":"pa_textile-nube-03","39":"pa_textile-nube-06","40":"pa_textile-nube-20","41":"pa_textile-nube-40","42":"pa_textile-poco-04","43":"pa_textile-poco-07","44":"pa_textile-savoi-07","45":"pa_textile-sola-06","46":"pa_textile-sola-18","47":"pa_textile-velvetmat-04","48":"pa_textile-velvetmat-38","49":"pa_textile-vero-05","50":"pa_upholstery-material-polyester","52":"first","53":"instock","54":"purchasable","55":"product-type-variable","56":"wvs-archive-product-wrapper"},"_links":{"self":[{"href":"https:\/\/baldumarket.lt\/lt\/wp-json\/wp\/v2\/product\/15573","targetHints":{"allow":["GET"]}}],"collection":[{"href":"https:\/\/baldumarket.lt\/lt\/wp-json\/wp\/v2\/product"}],"about":[{"href":"https:\/\/baldumarket.lt\/lt\/wp-json\/wp\/v2\/types\/product"}],"replies":[{"embeddable":true,"href":"https:\/\/baldumarket.lt\/lt\/wp-json\/wp\/v2\/comments?post=15573"}],"wp:featuredmedia":[{"embeddable":true,"href":"https:\/\/baldumarket.lt\/lt\/wp-json\/wp\/v2\/media\/15574"}],"wp:attachment":[{"href":"https:\/\/baldumarket.lt\/lt\/wp-json\/wp\/v2\/media?parent=15573"}],"wp:term":[{"taxonomy":"product_brand","embeddable":true,"href":"https:\/\/baldumarket.lt\/lt\/wp-json\/wp\/v2\/product_brand?post=15573"},{"taxonomy":"product_cat","embeddable":true,"href":"https:\/\/baldumarket.lt\/lt\/wp-json\/wp\/v2\/product_cat?post=15573"},{"taxonomy":"product_tag","embeddable":true,"href":"https:\/\/baldumarket.lt\/lt\/wp-json\/wp\/v2\/product_tag?post=15573"}],"curies":[{"name":"wp","href":"https:\/\/api.w.org\/{rel}","templated":true}]}}