{"id":155728,"date":"2025-12-18T18:09:30","date_gmt":"2025-12-18T15:09:30","guid":{"rendered":"https:\/\/baldumarket.lt\/product\/larona-komoda-2d3s-dab-lefkas-touchwood\/"},"modified":"2026-02-05T11:33:46","modified_gmt":"2026-02-05T08:33:46","slug":"larona-komoda-2d3s-dab-lefkas-touchwood","status":"publish","type":"product","link":"https:\/\/baldumarket.lt\/lt\/product\/larona-komoda-2d3s-dab-lefkas-touchwood\/","title":{"rendered":"Larona komoda, 2 stal\u010diai, 3 stal\u010diai, Lefkas \u0105\u017euolas \/ mediena"},"content":{"rendered":"<p>Pasinerkite \u012f elegancij\u0105 ir funkcionalum\u0105 su garsaus prek\u0117s \u017eenklo \u201eHelvetia\u201c pristatoma komoda \u201eLarona 2D3S\u201c. \u0160is unikalus baldas buvo kruop\u0161\u010diai sukurtas siekiant suteikti nauj\u0105 kokyb\u0119 bet kokiam interjerui, derinant nat\u016bral\u0173 \u017eaves\u012f su prakti\u0161kumu. \u201eLarona\u201c komoda \u012fkv\u0117pta \u0161ilto, i\u0161rai\u0161kingo \u201eLefkas\u201c \u0105\u017euolo atspalvio ir subtili\u0173 medienos element\u0173, kurie puikiai perteikia tikros medienos tekst\u016br\u0105 ir gyl\u012f. Svarbiausia, kad baldas pasi\u017eymi patvaria konstrukcija, nes tiek priekin\u0117 dalis, tiek korpusas pagaminti i\u0161 auk\u0161\u010diausios kokyb\u0117s laminuotos bald\u0173 plok\u0161t\u0117s, u\u017etikrinan\u010dios ilgalaik\u012f patvarum\u0105 ir atsparum\u0105 kasdieniam naudojimui. Komodos plotis yra 176 cm, tod\u0117l ji puikiai tinka daugumai kambari\u0173 i\u0161planavim\u0173; jos patogus auk\u0161tis yra 85 cm; o gylis (37 cm) leid\u017eia laikyti daugyb\u0119 daikt\u0173 neu\u017eimant vertingos vietos. Stilinga \u201eLefkas\u201c \u0105\u017euolo spalva kartu su medienos tekst\u016bra suteikia baldui charakterio ir pabr\u0117\u017eia auk\u0161t\u0105 meistri\u0161kumo kokyb\u0119.<\/p>","protected":false},"excerpt":{"rendered":"<p>Plotis (cm): 176<br \/>\n\u016agis (cm): 85<br \/>\nGylis (cm): 37<\/p>","protected":false},"featured_media":155729,"comment_status":"open","ping_status":"open","template":"","meta":[],"product_brand":[],"product_cat":[9423,1173,4105],"product_tag":[],"class_list":{"0":"post-155728","1":"product","2":"type-product","3":"status-publish","4":"has-post-thumbnail","6":"product_cat-furniture-system-larona","7":"product_cat-chests-of-drawers","8":"product_cat-helvetia","10":"first","11":"instock","12":"purchasable","13":"product-type-simple"},"_links":{"self":[{"href":"https:\/\/baldumarket.lt\/lt\/wp-json\/wp\/v2\/product\/155728","targetHints":{"allow":["GET"]}}],"collection":[{"href":"https:\/\/baldumarket.lt\/lt\/wp-json\/wp\/v2\/product"}],"about":[{"href":"https:\/\/baldumarket.lt\/lt\/wp-json\/wp\/v2\/types\/product"}],"replies":[{"embeddable":true,"href":"https:\/\/baldumarket.lt\/lt\/wp-json\/wp\/v2\/comments?post=155728"}],"wp:featuredmedia":[{"embeddable":true,"href":"https:\/\/baldumarket.lt\/lt\/wp-json\/wp\/v2\/media\/155729"}],"wp:attachment":[{"href":"https:\/\/baldumarket.lt\/lt\/wp-json\/wp\/v2\/media?parent=155728"}],"wp:term":[{"taxonomy":"product_brand","embeddable":true,"href":"https:\/\/baldumarket.lt\/lt\/wp-json\/wp\/v2\/product_brand?post=155728"},{"taxonomy":"product_cat","embeddable":true,"href":"https:\/\/baldumarket.lt\/lt\/wp-json\/wp\/v2\/product_cat?post=155728"},{"taxonomy":"product_tag","embeddable":true,"href":"https:\/\/baldumarket.lt\/lt\/wp-json\/wp\/v2\/product_tag?post=155728"}],"curies":[{"name":"wp","href":"https:\/\/api.w.org\/{rel}","templated":true}]}}