{"id":155721,"date":"2025-12-18T18:09:17","date_gmt":"2025-12-18T15:09:17","guid":{"rendered":"https:\/\/baldumarket.lt\/product\/larona-komoda-2-drzwiowa-modrzew-sibiu-trufla-sonoma\/"},"modified":"2026-02-05T11:33:46","modified_gmt":"2026-02-05T08:33:46","slug":"larona-komoda-2-drzwiowa-modrzew-sibiu-trufla-sonoma","status":"publish","type":"product","link":"https:\/\/baldumarket.lt\/lt\/product\/larona-komoda-2-drzwiowa-modrzew-sibiu-trufla-sonoma\/","title":{"rendered":"Larona komoda su 2 durimis, Sibiu maumed\u017eio \/ Sonoma triufeli\u0173 spalvos"},"content":{"rendered":"<p>Didinga ir funkcionali \u201eHelvetia\u201c komoda \u201eLarona\u201c \u2013 puikus pasirinkimas norint skoningai \u012frengti svetain\u0119, miegam\u0105j\u012f ar prie\u0161kambar\u012f. Klasikinis dizainas su moderniu akcentu papildys \u012fvairius interjero dizainus. Pagaminta i\u0161 auk\u0161tos kokyb\u0117s laminuotos bald\u0173 plok\u0161t\u0117s, komoda yra patvari ir lengvai valoma.<\/p>\n<p>Apgalvoto 155 cm plo\u010dio ir 85 cm auk\u0161\u010dio komoda suteikia optimali\u0105 daikt\u0173 laikymo erdv\u0119. 37 cm gylis leid\u017eia laikyti visus b\u016btiniausius daiktus neu\u017eimant per daug vietos. Eleganti\u0161ka Sibiu maumed\u017eio spalv\u0173 gama kartu su \u0161iltais \u201eSonoma Truffle\u201c atspalviais puikiai dera prie \u012fvairi\u0173 interjero spalv\u0173 paleti\u0173 j\u016bs\u0173 namuose.<\/p>\n<p>\u201eLarona\u201c komoda turi dvi erdvias spinteles u\u017e vienod\u0173 dureli\u0173, o viduje slepiasi keturios tvirtos lentynos, leid\u017eian\u010dios lengvai susitvarkyti daiktus. Auk\u0161tos kokyb\u0117s furnit\u016bra ir patvar\u016bs vyriai puikiai papildo komplekt\u0105, u\u017etikrinant\u012f ilgalaik\u012f ir be r\u016bpes\u010di\u0173 naudojim\u0105. Gaminys yra surenkamas pakuot\u0117je, tod\u0117l j\u012f lengva suasmeninti ir pritaikyti individualiems poreikiams. Metodi\u0161kos, nuoseklios instrukcijos leid\u017eia greitai ir be vargo surinkti. Be to, komoda yra sertifikuota saugos ir kokyb\u0117s po\u017ei\u016briu, tod\u0117l ja galite b\u016bti ram\u016bs kasdien j\u0105 naudodami.<\/p>\n<p>Rinkit\u0117s \u201eLarona\u201c komod\u0105 ir u\u017esitikrinkite funkcional\u0173 bei esteti\u0161k\u0105 savo nam\u0173 papildym\u0105, kuris gra\u017eiai pabr\u0117\u0161 bet kurio kambario charakter\u012f ir tarnaus daugel\u012f met\u0173.<\/p>","protected":false},"excerpt":{"rendered":"<p>Plotis (cm): 155<br \/>\n\u016agis (cm): 85<br \/>\nGylis (cm): 37<\/p>","protected":false},"featured_media":155722,"comment_status":"open","ping_status":"open","template":"","meta":[],"product_brand":[],"product_cat":[9423,1173,4105],"product_tag":[],"class_list":{"0":"post-155721","1":"product","2":"type-product","3":"status-publish","4":"has-post-thumbnail","6":"product_cat-furniture-system-larona","7":"product_cat-chests-of-drawers","8":"product_cat-helvetia","10":"first","11":"instock","12":"purchasable","13":"product-type-simple"},"_links":{"self":[{"href":"https:\/\/baldumarket.lt\/lt\/wp-json\/wp\/v2\/product\/155721","targetHints":{"allow":["GET"]}}],"collection":[{"href":"https:\/\/baldumarket.lt\/lt\/wp-json\/wp\/v2\/product"}],"about":[{"href":"https:\/\/baldumarket.lt\/lt\/wp-json\/wp\/v2\/types\/product"}],"replies":[{"embeddable":true,"href":"https:\/\/baldumarket.lt\/lt\/wp-json\/wp\/v2\/comments?post=155721"}],"wp:featuredmedia":[{"embeddable":true,"href":"https:\/\/baldumarket.lt\/lt\/wp-json\/wp\/v2\/media\/155722"}],"wp:attachment":[{"href":"https:\/\/baldumarket.lt\/lt\/wp-json\/wp\/v2\/media?parent=155721"}],"wp:term":[{"taxonomy":"product_brand","embeddable":true,"href":"https:\/\/baldumarket.lt\/lt\/wp-json\/wp\/v2\/product_brand?post=155721"},{"taxonomy":"product_cat","embeddable":true,"href":"https:\/\/baldumarket.lt\/lt\/wp-json\/wp\/v2\/product_cat?post=155721"},{"taxonomy":"product_tag","embeddable":true,"href":"https:\/\/baldumarket.lt\/lt\/wp-json\/wp\/v2\/product_tag?post=155721"}],"curies":[{"name":"wp","href":"https:\/\/api.w.org\/{rel}","templated":true}]}}