{"id":155717,"date":"2025-12-18T18:09:09","date_gmt":"2025-12-18T15:09:09","guid":{"rendered":"https:\/\/baldumarket.lt\/product\/larona-komoda-2-drzwiowa-dab-riviera\/"},"modified":"2026-02-05T11:33:55","modified_gmt":"2026-02-05T08:33:55","slug":"larona-komoda-2-drzwiowa-dab-riviera","status":"publish","type":"product","link":"https:\/\/baldumarket.lt\/lt\/product\/larona-komoda-2-drzwiowa-dab-riviera\/","title":{"rendered":"Larona dviej\u0173 dur\u0173 \u201eRiviera Oak\u201c komoda"},"content":{"rendered":"<p>Su \u201eHelvetia\u201c \u201eLarona\u201c komoda suteikite savo interjerui elegancijos ir funkcionalumo. \u0160i nuostabi dviej\u0173 dur\u0173 komoda, apdailinta \u201eRiviera Oak\u201c spalva, suteiks j\u016bs\u0173 namams \u0161ilumos ir jaukumo, puikiai papildydama \u012fvairius interjero dizainus.<br \/>\nPagaminta i\u0161 auk\u0161\u010diausios kokyb\u0117s laminuotos bald\u0173 plok\u0161t\u0117s, \u201eLarona\u201c indauja ne tik atrodo gra\u017eiai, bet ir yra patvari bei atspari kasdieniam naudojimui. Pamir\u0161kite \u012fbr\u0117\u017eimus ir lengvus trinties po\u017eymius \u2013 \u0161i tvirta konstrukcija atlaikys laiko i\u0161bandym\u0105.<br \/>\n155 cm plo\u010dio ir 85 cm auk\u0161\u010dio \u0161i spintel\u0117 pasi\u017eymi puikiomis proporcijomis, kurios leid\u017eia lengvai tilpti tiek ma\u017euose, tiek didesniuose kambariuose. 37 cm gylis u\u017etikrina, kad komoda neu\u017eima daug vietos ir tuo pa\u010diu u\u017etikrina didel\u0119 daikt\u0173 laikymo talp\u0105.<br \/>\nD\u0117l dviej\u0173 dureli\u0173, po kuriomis slepiasi keturios tvirtos lentynos, daikt\u0173 laikymo tvark\u0105 padaryti labai paprasta. Pasl\u0117pkite knygas, dokumentus, tekstil\u0117s gaminius ar kitus daiktus, kuriuos norite tur\u0117ti po ranka, bet neb\u016btinai matomoje vietoje.<br \/>\n\u201eLarona\u201c komoda si\u016bloma kaip savaranki\u0161kai surenkamas \u012frenginys. D\u0117l ai\u0161ki\u0173 instrukcij\u0173 ir ai\u0161kiai pa\u017eenklint\u0173 komponent\u0173 galite lengvai surinkti visas dalis ir sukurti bald\u0105, kuris tarnaus ilgus metus.<br \/>\nTai ne tik daikt\u0173 laikymo vieta, bet ir dekoratyvinis elementas, kuris suteiks elegancijos bet kokiam interjerui. Kiekviena briauna yra tobulai apdirbta, rodanti \u201eHelvetia\u201c d\u0117mes\u012f detal\u0117ms ir auk\u0161tus standartus.<br \/>\nPasir\u016bpinkite, kad j\u016bs\u0173 namai b\u016bt\u0173 ne tik stilingi, bet ir funkcional\u016bs. \u201eLarona\u201c komoda i\u0161 \u201eRiviera Oak\u201c kolekcijos \u2013 puikus pagalbininkas tvarkant erdv\u0119 ir tikras ak\u012f traukiantis akcentas.<\/p>","protected":false},"excerpt":{"rendered":"<p>Plotis (cm): 155<br \/>\n\u016agis (cm): 85<br \/>\nGylis (cm): 37<\/p>","protected":false},"featured_media":155718,"comment_status":"open","ping_status":"open","template":"","meta":[],"product_brand":[],"product_cat":[9423,1173,4105],"product_tag":[],"class_list":{"0":"post-155717","1":"product","2":"type-product","3":"status-publish","4":"has-post-thumbnail","6":"product_cat-furniture-system-larona","7":"product_cat-chests-of-drawers","8":"product_cat-helvetia","10":"first","11":"instock","12":"purchasable","13":"product-type-simple"},"_links":{"self":[{"href":"https:\/\/baldumarket.lt\/lt\/wp-json\/wp\/v2\/product\/155717","targetHints":{"allow":["GET"]}}],"collection":[{"href":"https:\/\/baldumarket.lt\/lt\/wp-json\/wp\/v2\/product"}],"about":[{"href":"https:\/\/baldumarket.lt\/lt\/wp-json\/wp\/v2\/types\/product"}],"replies":[{"embeddable":true,"href":"https:\/\/baldumarket.lt\/lt\/wp-json\/wp\/v2\/comments?post=155717"}],"wp:featuredmedia":[{"embeddable":true,"href":"https:\/\/baldumarket.lt\/lt\/wp-json\/wp\/v2\/media\/155718"}],"wp:attachment":[{"href":"https:\/\/baldumarket.lt\/lt\/wp-json\/wp\/v2\/media?parent=155717"}],"wp:term":[{"taxonomy":"product_brand","embeddable":true,"href":"https:\/\/baldumarket.lt\/lt\/wp-json\/wp\/v2\/product_brand?post=155717"},{"taxonomy":"product_cat","embeddable":true,"href":"https:\/\/baldumarket.lt\/lt\/wp-json\/wp\/v2\/product_cat?post=155717"},{"taxonomy":"product_tag","embeddable":true,"href":"https:\/\/baldumarket.lt\/lt\/wp-json\/wp\/v2\/product_tag?post=155717"}],"curies":[{"name":"wp","href":"https:\/\/api.w.org\/{rel}","templated":true}]}}