{"id":155711,"date":"2025-12-18T18:08:57","date_gmt":"2025-12-18T15:08:57","guid":{"rendered":"https:\/\/baldumarket.lt\/product\/larona-komoda-2-drzwiowa-dab-lefkas-touchwood\/"},"modified":"2026-02-05T11:33:55","modified_gmt":"2026-02-05T08:33:55","slug":"larona-komoda-2-drzwiowa-dab-lefkas-touchwood","status":"publish","type":"product","link":"https:\/\/baldumarket.lt\/lt\/product\/larona-komoda-2-drzwiowa-dab-lefkas-touchwood\/","title":{"rendered":"Larona komoda su 2 durimis, Lefkas \u0105\u017euolo \/ medienos imitacija"},"content":{"rendered":"<p>Atraskite unikali\u0105 \u201eLarona\u201c komod\u0105, kurios modernus dizainas derinamas su klasikiniu stiliumi, puikiai papildys j\u016bs\u0173 namus. \u201eLarona\u201c \u2013 tai \u201eHelvetia\u201c baldas, s\u0117kmingai derinantis funkcionalum\u0105 ir eleganti\u0161k\u0105 dizain\u0105. Pagaminta i\u0161 auk\u0161\u010diausios kokyb\u0117s laminuotos bald\u0173 plok\u0161t\u0117s, \u201eLarona\u201c komoda yra atspari \u012fbr\u0117\u017eimams ir lengvai valoma, tod\u0117l garantuoja ilgalaik\u012f malonum\u0105. \u201eLefkas Oak\u201c ra\u0161tas kartu su \u201eTouchwood\u201c efektu paver\u010dia \u0161\u012f bald\u0105 puikiu tiek modernaus, tiek tradici\u0161kesnio interjero papildymu. 155 cm plo\u010dio, 85 cm auk\u0161\u010dio ir 37 cm gylio komoda u\u017etikrina puiki\u0105 daikt\u0173 laikymo viet\u0105 d\u0117l dviej\u0173 erdvi\u0173 dureli\u0173 ir keturi\u0173 vidini\u0173 lentyn\u0173. Tai puikus sprendimas svetainei, miegamajam ar prie\u0161kambariui, kur labai svarbus erdv\u0117s valdymas.<\/p>","protected":false},"excerpt":{"rendered":"<p>Plotis (cm): 155<br \/>\n\u016agis (cm): 85<br \/>\nGylis (cm): 37<\/p>","protected":false},"featured_media":155712,"comment_status":"open","ping_status":"open","template":"","meta":[],"product_brand":[],"product_cat":[9423,1173,4105],"product_tag":[],"class_list":{"0":"post-155711","1":"product","2":"type-product","3":"status-publish","4":"has-post-thumbnail","6":"product_cat-furniture-system-larona","7":"product_cat-chests-of-drawers","8":"product_cat-helvetia","10":"first","11":"instock","12":"purchasable","13":"product-type-simple"},"_links":{"self":[{"href":"https:\/\/baldumarket.lt\/lt\/wp-json\/wp\/v2\/product\/155711","targetHints":{"allow":["GET"]}}],"collection":[{"href":"https:\/\/baldumarket.lt\/lt\/wp-json\/wp\/v2\/product"}],"about":[{"href":"https:\/\/baldumarket.lt\/lt\/wp-json\/wp\/v2\/types\/product"}],"replies":[{"embeddable":true,"href":"https:\/\/baldumarket.lt\/lt\/wp-json\/wp\/v2\/comments?post=155711"}],"wp:featuredmedia":[{"embeddable":true,"href":"https:\/\/baldumarket.lt\/lt\/wp-json\/wp\/v2\/media\/155712"}],"wp:attachment":[{"href":"https:\/\/baldumarket.lt\/lt\/wp-json\/wp\/v2\/media?parent=155711"}],"wp:term":[{"taxonomy":"product_brand","embeddable":true,"href":"https:\/\/baldumarket.lt\/lt\/wp-json\/wp\/v2\/product_brand?post=155711"},{"taxonomy":"product_cat","embeddable":true,"href":"https:\/\/baldumarket.lt\/lt\/wp-json\/wp\/v2\/product_cat?post=155711"},{"taxonomy":"product_tag","embeddable":true,"href":"https:\/\/baldumarket.lt\/lt\/wp-json\/wp\/v2\/product_tag?post=155711"}],"curies":[{"name":"wp","href":"https:\/\/api.w.org\/{rel}","templated":true}]}}