{"id":155708,"date":"2025-12-18T18:08:52","date_gmt":"2025-12-18T15:08:52","guid":{"rendered":"https:\/\/baldumarket.lt\/product\/larona-komoda-1-drzwiowa-wysoka-orzech-satynowy-touchwood\/"},"modified":"2026-02-05T11:33:55","modified_gmt":"2026-02-05T08:33:55","slug":"larona-komoda-1-drzwiowa-wysoka-orzech-satynowy-touchwood","status":"publish","type":"product","link":"https:\/\/baldumarket.lt\/lt\/product\/larona-komoda-1-drzwiowa-wysoka-orzech-satynowy-touchwood\/","title":{"rendered":"Larona auk\u0161ta komoda su 1 durimis, satino rie\u0161uto spalvos\/lietaus med\u017eio spalvos"},"content":{"rendered":"<p>Atraskite auk\u0161\u010diausi\u0105 elegancij\u0105 ir funkcionalum\u0105 su \u201eLarona\u201c komoda! \u0160i vien\u0173 dur\u0173 komoda i\u0161 \u201eHelvetia\u201c satininio rie\u0161uto\/lietimui jautrios medienos spalvos yra stiliaus ir prakti\u0161ko erdv\u0117s organizavimo \u012fsik\u016bnijimas. Sukurta galvojant apie modern\u0173 interjer\u0105, ji pad\u0117s palaikyti tvark\u0105 ir suteiks j\u016bs\u0173 kambariui nesenstan\u010dio \u017eavesio.<br \/>\nAtitinkanti auk\u0161\u010diausius kokyb\u0117s standartus, \u201eLarona\u201c komoda yra 100 cm plo\u010dio, 145 cm auk\u0161\u010dio ir 37 cm gylio, tod\u0117l tai puikus daikt\u0173 laikymo sprendimas tiek siauriems koridoriams, tiek erdvioms svetain\u0117ms ar miegamiesiems.<\/p>\n<p>Pagaminta i\u0161 laminuotos bald\u0173 plok\u0161t\u0117s, kuri garantuoja patvarum\u0105 ir atsparum\u0105 dilimui, \u201eLarona\u201c komoda tarnaus jums daugel\u012f met\u0173, i\u0161laikydama savo pirmin\u0119 i\u0161vaizd\u0105. Nat\u016bralaus atlasinio rie\u0161utmed\u017eio gro\u017eis, puikiai atkurtas \u201eTouchwood\u201c tekst\u016bros, suteikia \u0161ilumos ir klas\u0117s bet kokiam interjerui.<\/p>\n<p>Dizainerio i\u0161vaizda \u2013 ne vienintelis \u201eLarona\u201c komodos privalumas. U\u017e vien\u0173 dureli\u0173 priekio yra \u0161e\u0161ios prakti\u0161kos lentynos, u\u017etikrinan\u010dios tobul\u0105 laikom\u0173 daikt\u0173 organizavim\u0105. Lentyn\u0173 i\u0161d\u0117stym\u0105 taip pat galima pritaikyti pagal individualius poreikius, kad b\u016bt\u0173 galima optimaliai i\u0161naudoti turim\u0105 erdv\u0119.<br \/>\nNesvarbu, ar norite laikyti m\u0117gstamas knygas po ranka, ar eleganti\u0161kai eksponuoti dekoracijas, ar pasl\u0117pti nam\u0173 tekstil\u0119, \u201eLarona\u201c komoda pateisins j\u016bs\u0173 l\u016bkes\u010dius. Precizi\u0161kas meistri\u0161kumas matomas kiekviename baldo centimetre, o lengvas savaranki\u0161kas surinkimas leid\u017eia greitai ir be vargo sumontuoti pasirinktoje vietoje.<br \/>\nSusikurkite savo erdv\u0119 pagal skon\u012f ir i\u0161sirinkite \u201eLarona\u201c komod\u0105 \u2013 bald\u0105, kuriame eleganti\u0161ka forma dera su dideliu funkcionalumu. Pasinerkite \u012f vizualiai malon\u0173 satininio rie\u0161utmed\u017eio komfort\u0105 ir suteikite savo interjerui i\u0161skirtinumo su galingu daikt\u0173 laikymo priedu \u2013 \u201eLarona\u201c komoda!<\/p>","protected":false},"excerpt":{"rendered":"<p>Plotis (cm): 100<br \/>\n\u016agis (cm): 145<br \/>\nGylis (cm): 37<\/p>","protected":false},"featured_media":155709,"comment_status":"open","ping_status":"open","template":"","meta":[],"product_brand":[],"product_cat":[9423,1173,4105],"product_tag":[],"class_list":{"0":"post-155708","1":"product","2":"type-product","3":"status-publish","4":"has-post-thumbnail","6":"product_cat-furniture-system-larona","7":"product_cat-chests-of-drawers","8":"product_cat-helvetia","10":"first","11":"instock","12":"purchasable","13":"product-type-simple"},"_links":{"self":[{"href":"https:\/\/baldumarket.lt\/lt\/wp-json\/wp\/v2\/product\/155708","targetHints":{"allow":["GET"]}}],"collection":[{"href":"https:\/\/baldumarket.lt\/lt\/wp-json\/wp\/v2\/product"}],"about":[{"href":"https:\/\/baldumarket.lt\/lt\/wp-json\/wp\/v2\/types\/product"}],"replies":[{"embeddable":true,"href":"https:\/\/baldumarket.lt\/lt\/wp-json\/wp\/v2\/comments?post=155708"}],"wp:featuredmedia":[{"embeddable":true,"href":"https:\/\/baldumarket.lt\/lt\/wp-json\/wp\/v2\/media\/155709"}],"wp:attachment":[{"href":"https:\/\/baldumarket.lt\/lt\/wp-json\/wp\/v2\/media?parent=155708"}],"wp:term":[{"taxonomy":"product_brand","embeddable":true,"href":"https:\/\/baldumarket.lt\/lt\/wp-json\/wp\/v2\/product_brand?post=155708"},{"taxonomy":"product_cat","embeddable":true,"href":"https:\/\/baldumarket.lt\/lt\/wp-json\/wp\/v2\/product_cat?post=155708"},{"taxonomy":"product_tag","embeddable":true,"href":"https:\/\/baldumarket.lt\/lt\/wp-json\/wp\/v2\/product_tag?post=155708"}],"curies":[{"name":"wp","href":"https:\/\/api.w.org\/{rel}","templated":true}]}}