{"id":155704,"date":"2025-12-18T18:08:44","date_gmt":"2025-12-18T15:08:44","guid":{"rendered":"https:\/\/baldumarket.lt\/product\/larona-komoda-1-drzwiowa-wysoka-modrzew-sibiu-trufla-sonoma\/"},"modified":"2026-02-05T11:33:55","modified_gmt":"2026-02-05T08:33:55","slug":"larona-komoda-1-drzwiowa-wysoka-modrzew-sibiu-trufla-sonoma","status":"publish","type":"product","link":"https:\/\/baldumarket.lt\/lt\/product\/larona-komoda-1-drzwiowa-wysoka-modrzew-sibiu-trufla-sonoma\/","title":{"rendered":"Larona auk\u0161ta komoda su 1 durimis, Sibiu maumed\u017eio \/ Sonoma triufeli\u0173 spalvos, su stal\u010diais"},"content":{"rendered":"<p>Pristatome \u201eLarona\u201c komod\u0105, kurioje dera funkcionalumas ir eleganti\u0161kas dizainas. Puikiai tinka bet kokiam interjerui \u2013 nuo klasikinio iki modernaus. Sukurta su kruop\u0161tumu detal\u0117ms garsaus \u201eHelvetia\u201c prek\u0117s \u017eenklo, ji papildys j\u016bs\u0173 nam\u0173 jaukum\u0105 ir suteiks papildomos vietos daiktams susid\u0117ti.<br \/>\nPaprastos, ta\u010diau i\u0161rai\u0161kingos \u0161io baldo linijos, apdailintos \u0161iltais Sibiu maumed\u017eio ir kilmingos Sonoma triufeli\u0173 atspalviais, suteikia j\u016bs\u0173 interjerui harmonijos ir jaukumo. Tvirta konstrukcija, pagaminta i\u0161 patvarios laminuotos bald\u0173 plok\u0161t\u0117s, garantuoja ilgalaik\u012f ir malon\u0173 naudojim\u0105.<br \/>\n\u201eLarona\u201c komoda yra 100 cm plo\u010dio, 145 cm auk\u0161\u010dio ir 37 cm gylio, tod\u0117l joje patogu laikyti \u012fvairius daiktus. Tur\u0117damas vienerias dureles ir \u0161e\u0161ias prakti\u0161kas lentynas, \u0161is baldas idealiai tinka tiems, kurie vertina tvark\u0105 ir ai\u0161kum\u0105 savo erdv\u0117je.<br \/>\nKomoda pristatoma plok\u0161\u010diai supakuota, tod\u0117l j\u0105 galima lengvai surinkti pagal individualius poreikius ir u\u017etikrinti saug\u0173 transportavim\u0105. Rinkinyje yra visi reikalingi komponentai ir surinkimo instrukcijos, tod\u0117l nauj\u0105 bald\u0105 surinkti bus greita ir paprasta.<br \/>\n\u201eLarona\u201c komoda yra ne tik gra\u017eus j\u016bs\u0173 nam\u0173 papildymas, bet ir prakti\u0161kas baldas, kuriame lengvai tilps j\u016bs\u0173 drabu\u017eiai, aksesuarai ir kiti smulk\u016bs daiktai. Su \u0161iuo nuostabiu \u201eHelvetia\u201c baldu suteikite savo interjerui stiliaus ir elegancijos!<\/p>","protected":false},"excerpt":{"rendered":"<p>Plotis (cm): 100<br \/>\n\u016agis (cm): 145<br \/>\nGylis (cm): 37<\/p>","protected":false},"featured_media":155705,"comment_status":"open","ping_status":"open","template":"","meta":[],"product_brand":[],"product_cat":[9423,1173,4105],"product_tag":[],"class_list":{"0":"post-155704","1":"product","2":"type-product","3":"status-publish","4":"has-post-thumbnail","6":"product_cat-furniture-system-larona","7":"product_cat-chests-of-drawers","8":"product_cat-helvetia","10":"first","11":"instock","12":"purchasable","13":"product-type-simple"},"_links":{"self":[{"href":"https:\/\/baldumarket.lt\/lt\/wp-json\/wp\/v2\/product\/155704","targetHints":{"allow":["GET"]}}],"collection":[{"href":"https:\/\/baldumarket.lt\/lt\/wp-json\/wp\/v2\/product"}],"about":[{"href":"https:\/\/baldumarket.lt\/lt\/wp-json\/wp\/v2\/types\/product"}],"replies":[{"embeddable":true,"href":"https:\/\/baldumarket.lt\/lt\/wp-json\/wp\/v2\/comments?post=155704"}],"wp:featuredmedia":[{"embeddable":true,"href":"https:\/\/baldumarket.lt\/lt\/wp-json\/wp\/v2\/media\/155705"}],"wp:attachment":[{"href":"https:\/\/baldumarket.lt\/lt\/wp-json\/wp\/v2\/media?parent=155704"}],"wp:term":[{"taxonomy":"product_brand","embeddable":true,"href":"https:\/\/baldumarket.lt\/lt\/wp-json\/wp\/v2\/product_brand?post=155704"},{"taxonomy":"product_cat","embeddable":true,"href":"https:\/\/baldumarket.lt\/lt\/wp-json\/wp\/v2\/product_cat?post=155704"},{"taxonomy":"product_tag","embeddable":true,"href":"https:\/\/baldumarket.lt\/lt\/wp-json\/wp\/v2\/product_tag?post=155704"}],"curies":[{"name":"wp","href":"https:\/\/api.w.org\/{rel}","templated":true}]}}