{"id":155700,"date":"2025-12-18T18:08:36","date_gmt":"2025-12-18T15:08:36","guid":{"rendered":"https:\/\/baldumarket.lt\/product\/larona-komoda-1-drzwiowa-wysoka-dab-riviera\/"},"modified":"2026-02-05T11:33:55","modified_gmt":"2026-02-05T08:33:55","slug":"larona-komoda-1-drzwiowa-wysoka-dab-riviera","status":"publish","type":"product","link":"https:\/\/baldumarket.lt\/lt\/product\/larona-komoda-1-drzwiowa-wysoka-dab-riviera\/","title":{"rendered":"Larona auk\u0161ta komoda su vienomis durimis, \u201eRiviera Oak\u201c"},"content":{"rendered":"<p>Pristatome unikali\u0105 \u201eLarona\u201c komod\u0105 su vienomis durel\u0117mis, apdailint\u0105 \u0161iltu ir nat\u016braliu \u201eRiviera Oak\u201c \u0105\u017euolo atspalviu. \u0160is eleganti\u0161kas ir prakti\u0161kas \u201eHelvetia\u201c baldas puikiai dera tiek prie modernaus, tiek prie tradicinio interjero.<br \/>\n\u0160i komoda, kurios matmenys yra 100 cm plo\u010dio, 145 cm auk\u0161\u010dio ir 37 cm gylio, puikiai tinka tiek erdvioms svetain\u0117ms, tiek ma\u017eesn\u0117ms erdv\u0117ms. Be to, \u0161e\u0161ios specialios lentynos u\u017etikrina puik\u0173 erdv\u0117s organizavim\u0105, leid\u017eiant\u012f efektyviai susid\u0117ti asmeninius ir dekoratyvinius daiktus.<br \/>\nPriekin\u0117 dalis ir korpusas, pagaminti i\u0161 laminuotos bald\u0173 plok\u0161t\u0117s, garantuoja ilgaam\u017ei\u0161kum\u0105 ir atsparum\u0105 kasdieniam naudojimui. \u0160ilta, \u0161viesios medienos spalva \u201eRiviera Oak\u201c suteiks harmonijos ir jaukumo bet kuriam kambariui.<br \/>\nSavaranki\u0161kas surinkimas yra paprastas ir itin intuityvus, tod\u0117l galite greitai gauti papildomos vietos daiktams susid\u0117ti. \u201eLarona\u201c yra ne tik funkcionali, bet ir stilinga. Jos klasikinis dizainas papildys bet kok\u012f interjer\u0105. Nelaukite ilgiau! Suteikite savo namams unikalumo su \u201eLarona\u201c komoda. \u0160is baldas tikrai prad\u017eiugins kiekvien\u0105, kuris vertina elegancijos ir prakti\u0161kumo derin\u012f.<\/p>","protected":false},"excerpt":{"rendered":"<p>Plotis (cm): 100<br \/>\n\u016agis (cm): 145<br \/>\nGylis (cm): 37<\/p>","protected":false},"featured_media":155701,"comment_status":"open","ping_status":"open","template":"","meta":[],"product_brand":[],"product_cat":[9423,1173,4105],"product_tag":[],"class_list":{"0":"post-155700","1":"product","2":"type-product","3":"status-publish","4":"has-post-thumbnail","6":"product_cat-furniture-system-larona","7":"product_cat-chests-of-drawers","8":"product_cat-helvetia","10":"first","11":"instock","12":"purchasable","13":"product-type-simple"},"_links":{"self":[{"href":"https:\/\/baldumarket.lt\/lt\/wp-json\/wp\/v2\/product\/155700","targetHints":{"allow":["GET"]}}],"collection":[{"href":"https:\/\/baldumarket.lt\/lt\/wp-json\/wp\/v2\/product"}],"about":[{"href":"https:\/\/baldumarket.lt\/lt\/wp-json\/wp\/v2\/types\/product"}],"replies":[{"embeddable":true,"href":"https:\/\/baldumarket.lt\/lt\/wp-json\/wp\/v2\/comments?post=155700"}],"wp:featuredmedia":[{"embeddable":true,"href":"https:\/\/baldumarket.lt\/lt\/wp-json\/wp\/v2\/media\/155701"}],"wp:attachment":[{"href":"https:\/\/baldumarket.lt\/lt\/wp-json\/wp\/v2\/media?parent=155700"}],"wp:term":[{"taxonomy":"product_brand","embeddable":true,"href":"https:\/\/baldumarket.lt\/lt\/wp-json\/wp\/v2\/product_brand?post=155700"},{"taxonomy":"product_cat","embeddable":true,"href":"https:\/\/baldumarket.lt\/lt\/wp-json\/wp\/v2\/product_cat?post=155700"},{"taxonomy":"product_tag","embeddable":true,"href":"https:\/\/baldumarket.lt\/lt\/wp-json\/wp\/v2\/product_tag?post=155700"}],"curies":[{"name":"wp","href":"https:\/\/api.w.org\/{rel}","templated":true}]}}