{"id":155694,"date":"2025-12-18T18:08:24","date_gmt":"2025-12-18T15:08:24","guid":{"rendered":"https:\/\/baldumarket.lt\/product\/larona-komoda-1-drzwiowa-wysoka-dab-lefkas-touchwood\/"},"modified":"2026-02-05T11:33:55","modified_gmt":"2026-02-05T08:33:55","slug":"larona-komoda-1-drzwiowa-wysoka-dab-lefkas-touchwood","status":"publish","type":"product","link":"https:\/\/baldumarket.lt\/lt\/product\/larona-komoda-1-drzwiowa-wysoka-dab-lefkas-touchwood\/","title":{"rendered":"Larona auk\u0161ta komoda su vienomis durimis, Lefkas \u0105\u017euolo \/ medienos imitacija"},"content":{"rendered":"<p>Atraskite i\u0161skirtin\u012f dizain\u0105 ir funkcionalum\u0105 \u2013 pristatome eleganti\u0161k\u0105 ir moderni\u0105 \u2019Larona\u201c vien\u0173 dur\u0173 komod\u0105, kurios dominuojantis motyvas \u2013 nat\u016brali \u201eLefkas\u201c \u0105\u017euolo i\u0161vaizda, derinama su unikalia \u201eTouchwood\u201c tekst\u016bra. \u0160i komoda, priklausanti garsiajai \u201eHelvetia\u201c bald\u0173 kolekcijai, \u2013 tai sprendimas, kuris patenkins net ir reikliausi\u0173 vartotoj\u0173, ie\u0161kan\u010di\u0173 gra\u017ei\u0173 ir prakti\u0161k\u0173 bald\u0173, l\u016bkes\u010dius. Komodos matmenys (plotis: 100 cm, auk\u0161tis: 145 cm, gylis: 37 cm) leid\u017eia patogiai laikyti j\u016bs\u0173 daiktus. D\u0117l kompakti\u0161ko dyd\u017eio komoda puikiai tiks tiek ma\u017euose, tiek dideliuose interjeruose. Gamtos \u012fkv\u0117ptas dizainas puikiai dera su \u201eLefkas\u201c \u0105\u017euolo spalvomis, o \u201eTouchwood\u201c tekst\u016bra suteikia bald\u0173 pavir\u0161iams \u0161ilumos ir autenti\u0161ko charakterio. Priekin\u0117 dalis ir korpusas pagaminti i\u0161 auk\u0161tos kokyb\u0117s laminuotos bald\u0173 plok\u0161t\u0117s, u\u017etikrinan\u010dios patvarum\u0105, atsparum\u0105 dilimui ir lengv\u0105 valym\u0105.<\/p>","protected":false},"excerpt":{"rendered":"<p>Plotis (cm): 100<br \/>\n\u016agis (cm): 145<br \/>\nGylis (cm): 37<\/p>","protected":false},"featured_media":155695,"comment_status":"open","ping_status":"open","template":"","meta":[],"product_brand":[],"product_cat":[9423,1173,4105],"product_tag":[],"class_list":{"0":"post-155694","1":"product","2":"type-product","3":"status-publish","4":"has-post-thumbnail","6":"product_cat-furniture-system-larona","7":"product_cat-chests-of-drawers","8":"product_cat-helvetia","10":"first","11":"instock","12":"purchasable","13":"product-type-simple"},"_links":{"self":[{"href":"https:\/\/baldumarket.lt\/lt\/wp-json\/wp\/v2\/product\/155694","targetHints":{"allow":["GET"]}}],"collection":[{"href":"https:\/\/baldumarket.lt\/lt\/wp-json\/wp\/v2\/product"}],"about":[{"href":"https:\/\/baldumarket.lt\/lt\/wp-json\/wp\/v2\/types\/product"}],"replies":[{"embeddable":true,"href":"https:\/\/baldumarket.lt\/lt\/wp-json\/wp\/v2\/comments?post=155694"}],"wp:featuredmedia":[{"embeddable":true,"href":"https:\/\/baldumarket.lt\/lt\/wp-json\/wp\/v2\/media\/155695"}],"wp:attachment":[{"href":"https:\/\/baldumarket.lt\/lt\/wp-json\/wp\/v2\/media?parent=155694"}],"wp:term":[{"taxonomy":"product_brand","embeddable":true,"href":"https:\/\/baldumarket.lt\/lt\/wp-json\/wp\/v2\/product_brand?post=155694"},{"taxonomy":"product_cat","embeddable":true,"href":"https:\/\/baldumarket.lt\/lt\/wp-json\/wp\/v2\/product_cat?post=155694"},{"taxonomy":"product_tag","embeddable":true,"href":"https:\/\/baldumarket.lt\/lt\/wp-json\/wp\/v2\/product_tag?post=155694"}],"curies":[{"name":"wp","href":"https:\/\/api.w.org\/{rel}","templated":true}]}}