{"id":155682,"date":"2025-12-18T18:07:59","date_gmt":"2025-12-18T15:07:59","guid":{"rendered":"https:\/\/baldumarket.lt\/product\/jukon-s-toaletka-wiszaca-2s-lustro-led-kaszmir-czarne-metalowe-nogi\/"},"modified":"2026-02-05T11:01:09","modified_gmt":"2026-02-05T08:01:09","slug":"jukon-s-toaletka-wiszaca-2s-lustro-led-kaszmir-czarne-metalowe-nogi","status":"publish","type":"product","link":"https:\/\/baldumarket.lt\/lt\/product\/jukon-s-toaletka-wiszaca-2s-lustro-led-kaszmir-czarne-metalowe-nogi\/","title":{"rendered":"Jukon S &#8211; 2S prie sienos pakabinamas tualetinis staliukas su LED veidrod\u017eiu, ka\u0161myro spalvos, juodos metalin\u0117s kojos"},"content":{"rendered":"<p>\u2019Jukon S\u201c pakabinamas tualetinis staliukas \u2013 tai tobulas elegancijos ir funkcionalumo derinys, tapsiantis j\u016bs\u0173 interjero \u0161irdimi. Minimalistinis ka\u0161myro spalvos dizainas suteikia subtilumo bet kuriam kambariui, nepriklausomai nuo interjero stiliaus. Juodos metalin\u0117s kojel\u0117s suteikia stabili\u0105 atram\u0105, o moderni i\u0161vaizda suteikia tualetiniam staliukui dar daugiau dizainerio poj\u016b\u010dio. Papuo\u0161kite savo interjer\u0105 \u0161iuo stilingu akcentu, kuris pritrauks sve\u010di\u0173 d\u0117mes\u012f. \u201eJukon S\u201c tualetinis staliukas nusipelno pripa\u017einimo ne tik d\u0117l savo i\u0161vaizdos, bet ir d\u0117l prakti\u0161kumo. D\u0117l pakabinamos konstrukcijos sutaupysite vertingos grind\u0173 erdv\u0117s, tod\u0117l tai idealus sprendimas net ir ma\u017eesn\u0117ms patalpoms. Jis puikiai tinka miegamajam ar kosmetikos kampui, kur gal\u0117site lengvai pasiruo\u0161ti bet kokiai progai. Pridedamas LED veidrodis yra ne tik prakti\u0161kas priedas, bet ir pabr\u0117\u017eia \u0161io baldo elegancij\u0105. Tualetinis staliukas pagamintas i\u0161 auk\u0161tos kokyb\u0117s laminuotos plok\u0161t\u0117s, u\u017etikrinan\u010dios patvarum\u0105 ir lengv\u0105 prie\u017ei\u016br\u0105. Tai rei\u0161kia, kad jo \u017eavesiu d\u017eiaugsit\u0117s ilgus metus, o j\u016bs\u0173 kasdien\u0117 kosmetika ir aksesuarai ras savo viet\u0105 esteti\u0161kai patrauklioje aplinkoje. Fotogeni\u0161kas 90 cm x 35 cm stalvir\u0161is puikiai tinka k\u016brybi\u0161kam stilizavimui ar m\u0117gstam\u0173 aksesuar\u0173 demonstravimui.<\/p>","protected":false},"excerpt":{"rendered":"<p>Plotis (cm): 90<br \/>\n\u016agis (cm): 16<br \/>\nGylis (cm): 35<\/p>","protected":false},"featured_media":155683,"comment_status":"open","ping_status":"open","template":"","meta":[],"product_brand":[],"product_cat":[9421,9406,1043,4105],"product_tag":[],"class_list":{"0":"post-155682","1":"product","2":"type-product","3":"status-publish","4":"has-post-thumbnail","6":"product_cat-furniture-system-jukon","7":"product_cat-lighting-led","8":"product_cat-extras","9":"product_cat-helvetia","11":"first","12":"instock","13":"purchasable","14":"product-type-simple"},"_links":{"self":[{"href":"https:\/\/baldumarket.lt\/lt\/wp-json\/wp\/v2\/product\/155682","targetHints":{"allow":["GET"]}}],"collection":[{"href":"https:\/\/baldumarket.lt\/lt\/wp-json\/wp\/v2\/product"}],"about":[{"href":"https:\/\/baldumarket.lt\/lt\/wp-json\/wp\/v2\/types\/product"}],"replies":[{"embeddable":true,"href":"https:\/\/baldumarket.lt\/lt\/wp-json\/wp\/v2\/comments?post=155682"}],"wp:featuredmedia":[{"embeddable":true,"href":"https:\/\/baldumarket.lt\/lt\/wp-json\/wp\/v2\/media\/155683"}],"wp:attachment":[{"href":"https:\/\/baldumarket.lt\/lt\/wp-json\/wp\/v2\/media?parent=155682"}],"wp:term":[{"taxonomy":"product_brand","embeddable":true,"href":"https:\/\/baldumarket.lt\/lt\/wp-json\/wp\/v2\/product_brand?post=155682"},{"taxonomy":"product_cat","embeddable":true,"href":"https:\/\/baldumarket.lt\/lt\/wp-json\/wp\/v2\/product_cat?post=155682"},{"taxonomy":"product_tag","embeddable":true,"href":"https:\/\/baldumarket.lt\/lt\/wp-json\/wp\/v2\/product_tag?post=155682"}],"curies":[{"name":"wp","href":"https:\/\/api.w.org\/{rel}","templated":true}]}}