{"id":155674,"date":"2025-12-18T18:07:42","date_gmt":"2025-12-18T15:07:42","guid":{"rendered":"https:\/\/baldumarket.lt\/product\/jukon-s-toaletka-biurko-4s-kaszmir-czarne-metalowe-nogi\/"},"modified":"2026-02-05T11:01:09","modified_gmt":"2026-02-05T08:01:09","slug":"jukon-s-toaletka-biurko-4s-kaszmir-czarne-metalowe-nogi","status":"publish","type":"product","link":"https:\/\/baldumarket.lt\/lt\/product\/jukon-s-toaletka-biurko-4s-kaszmir-czarne-metalowe-nogi\/","title":{"rendered":"Jukon S \u2013 Tualetinis staliukas, 4S, ka\u0161myro juodos metalin\u0117s kojos"},"content":{"rendered":"<p>Atraskite elegancij\u0105 ir funkcionalum\u0105 su \u201eHelvetia\u201c \u201eJukon S\u201c tualetiniu staliuku \u2013 puikiu \u0161iuolaikinio interjero papildymu. Nesenstantis ka\u0161myro dizainas ir stilingos juodos metalin\u0117s kojel\u0117s sukuria harmoning\u0105 kompozicij\u0105, kuri tikrai patrauks ak\u012f bet kuriame miegamajame ar nam\u0173 biure. \u0160is tualetinis staliukas ne tik suteiks \u017eavesio j\u016bs\u0173 interjerui, bet ir taps prakti\u0161ka vieta kasdieniams ritualams. \u201eJukon S\u201c derina estetik\u0105 ir prakti\u0161kum\u0105. 143 cm plotis ir 40 cm gylis daro j\u012f idealiu sprendimu ma\u017eesn\u0117ms erdv\u0117ms, kur svarbus kiekvienas pavir\u0161ius. Optimizuotas tualetinio staliuko vidus suteikia vietos kosmetikai, aksesuarams ir dokumentams, leisdamas palaikyti tvark\u0105 aplinkoje. Nesvarbu, ar j\u012f naudosite kaip darbo stal\u0105, ar kaip gro\u017eio zon\u0105, tualetinis staliukas bus j\u016bs\u0173 s\u0105jungininkas kasdien\u0117se u\u017eduotyse. Unikali ka\u0161myro spalva ne tik suteikia \u0161ilumos, bet ir elegancijos interjerui, o matin\u0117 koj\u0173 apdaila pabr\u0117\u017eia modern\u0173 baldo charakter\u012f. Naudotos med\u017eiagos, tokios kaip laminuota plok\u0161t\u0117, u\u017etikrina patvarum\u0105 ir lengv\u0105 prie\u017ei\u016br\u0105, o tai labai svarbu intensyviai naudojamose erdv\u0117se. Savaranki\u0161ko surinkimo galimyb\u0117 suteikia jums lankstumo ir pasitenkinimo, kad patys surinksite unikal\u0173 bald\u0105.<\/p>","protected":false},"excerpt":{"rendered":"<p>Plotis (cm): 143<br \/>\n\u016agis (cm): 76<br \/>\nGylis (cm): 40<\/p>","protected":false},"featured_media":155675,"comment_status":"open","ping_status":"open","template":"","meta":[],"product_brand":[],"product_cat":[9421,1312,4105],"product_tag":[],"class_list":{"0":"post-155674","1":"product","2":"type-product","3":"status-publish","4":"has-post-thumbnail","6":"product_cat-furniture-system-jukon","7":"product_cat-desks","8":"product_cat-helvetia","10":"first","11":"instock","12":"purchasable","13":"product-type-simple"},"_links":{"self":[{"href":"https:\/\/baldumarket.lt\/lt\/wp-json\/wp\/v2\/product\/155674","targetHints":{"allow":["GET"]}}],"collection":[{"href":"https:\/\/baldumarket.lt\/lt\/wp-json\/wp\/v2\/product"}],"about":[{"href":"https:\/\/baldumarket.lt\/lt\/wp-json\/wp\/v2\/types\/product"}],"replies":[{"embeddable":true,"href":"https:\/\/baldumarket.lt\/lt\/wp-json\/wp\/v2\/comments?post=155674"}],"wp:featuredmedia":[{"embeddable":true,"href":"https:\/\/baldumarket.lt\/lt\/wp-json\/wp\/v2\/media\/155675"}],"wp:attachment":[{"href":"https:\/\/baldumarket.lt\/lt\/wp-json\/wp\/v2\/media?parent=155674"}],"wp:term":[{"taxonomy":"product_brand","embeddable":true,"href":"https:\/\/baldumarket.lt\/lt\/wp-json\/wp\/v2\/product_brand?post=155674"},{"taxonomy":"product_cat","embeddable":true,"href":"https:\/\/baldumarket.lt\/lt\/wp-json\/wp\/v2\/product_cat?post=155674"},{"taxonomy":"product_tag","embeddable":true,"href":"https:\/\/baldumarket.lt\/lt\/wp-json\/wp\/v2\/product_tag?post=155674"}],"curies":[{"name":"wp","href":"https:\/\/api.w.org\/{rel}","templated":true}]}}