{"id":155666,"date":"2025-12-18T18:07:23","date_gmt":"2025-12-18T15:07:23","guid":{"rendered":"https:\/\/baldumarket.lt\/product\/jukon-s-szafka-nocna-2s-kaszmir-czarne-metalowe-nogi\/"},"modified":"2026-02-05T11:01:09","modified_gmt":"2026-02-05T08:01:09","slug":"jukon-s-szafka-nocna-2s-kaszmir-czarne-metalowe-nogi","status":"publish","type":"product","link":"https:\/\/baldumarket.lt\/lt\/product\/jukon-s-szafka-nocna-2s-kaszmir-czarne-metalowe-nogi\/","title":{"rendered":"Jukon S \u2013 2S naktinis staliukas su ka\u0161myru, juodomis metalin\u0117mis kojel\u0117mis"},"content":{"rendered":"<p>Atraskite \u201eJukon S \u2013 2S\u201c naktinio stalelio \u017eaves\u012f ir modernum\u0105, kuris puikiai papildys j\u016bs\u0173 interjer\u0105. Eleganti\u0161ka ka\u0161myro spalva suteikia subtilumo, o minimalistinis dizainas paver\u010dia naktin\u012f staliuk\u0105 ne tik baldu, bet ir stilingu aksesuaru. Matin\u0117s juodos metalin\u0117s kojel\u0117s kontrastuoja su maloniu korpuso atspalviu, tikrai patraukdamos kiekvieno sve\u010dio ak\u012f. \u0160is naktinis staliukas derina estetik\u0105 ir funkcionalum\u0105 \u2013 prakti\u0161kas i\u0161d\u0117stymas su dviem stal\u010diais leid\u017eia laikyti b\u016btiniausius daiktus lengvai pasiekiamu atstumu. Paspaudus atidaroma sistema leid\u017eia ne tik lengvai, bet ir maloniai patekti \u012f vid\u0173. Atsisveikinkite su negra\u017eiomis ranken\u0117l\u0117mis \u2013 modernus mechanizmas suteikia lengvumo ir elegancijos. Nekantraujate paversti savo miegam\u0105j\u012f ramyb\u0117s oaze? \u201eJukon S\u201c suteiks harmonijos ir tvarkos, tod\u0117l kiekviena akimirka, praleista su juo, bus dar atpalaiduojanti. Jis taip pat yra puikus dizaino elementas svetain\u0117je ar biure, kur visada trauks d\u0117mes\u012f savo unikaliu stiliumi.<\/p>","protected":false},"excerpt":{"rendered":"<p>Plotis (cm): 59<br \/>\n\u016agis (cm): 59<br \/>\nGylis (cm): 40<\/p>","protected":false},"featured_media":155667,"comment_status":"open","ping_status":"open","template":"","meta":[],"product_brand":[],"product_cat":[9421,1176,4105],"product_tag":[],"class_list":{"0":"post-155666","1":"product","2":"type-product","3":"status-publish","4":"has-post-thumbnail","6":"product_cat-furniture-system-jukon","7":"product_cat-bedside-tables","8":"product_cat-helvetia","10":"first","11":"instock","12":"purchasable","13":"product-type-simple"},"_links":{"self":[{"href":"https:\/\/baldumarket.lt\/lt\/wp-json\/wp\/v2\/product\/155666","targetHints":{"allow":["GET"]}}],"collection":[{"href":"https:\/\/baldumarket.lt\/lt\/wp-json\/wp\/v2\/product"}],"about":[{"href":"https:\/\/baldumarket.lt\/lt\/wp-json\/wp\/v2\/types\/product"}],"replies":[{"embeddable":true,"href":"https:\/\/baldumarket.lt\/lt\/wp-json\/wp\/v2\/comments?post=155666"}],"wp:featuredmedia":[{"embeddable":true,"href":"https:\/\/baldumarket.lt\/lt\/wp-json\/wp\/v2\/media\/155667"}],"wp:attachment":[{"href":"https:\/\/baldumarket.lt\/lt\/wp-json\/wp\/v2\/media?parent=155666"}],"wp:term":[{"taxonomy":"product_brand","embeddable":true,"href":"https:\/\/baldumarket.lt\/lt\/wp-json\/wp\/v2\/product_brand?post=155666"},{"taxonomy":"product_cat","embeddable":true,"href":"https:\/\/baldumarket.lt\/lt\/wp-json\/wp\/v2\/product_cat?post=155666"},{"taxonomy":"product_tag","embeddable":true,"href":"https:\/\/baldumarket.lt\/lt\/wp-json\/wp\/v2\/product_tag?post=155666"}],"curies":[{"name":"wp","href":"https:\/\/api.w.org\/{rel}","templated":true}]}}