{"id":155659,"date":"2025-12-18T18:07:08","date_gmt":"2025-12-18T15:07:08","guid":{"rendered":"https:\/\/baldumarket.lt\/product\/jukon-s-szafa-4d2s-kaszmir-czarne-metalowe-nogi\/"},"modified":"2026-02-05T11:01:09","modified_gmt":"2026-02-05T08:01:09","slug":"jukon-s-szafa-4d2s-kaszmir-czarne-metalowe-nogi","status":"publish","type":"product","link":"https:\/\/baldumarket.lt\/lt\/product\/jukon-s-szafa-4d2s-kaszmir-czarne-metalowe-nogi\/","title":{"rendered":"Jukon S \u2013 Drabu\u017ein\u0117 4D2S su ka\u0161myru, juodomis metalin\u0117mis kojel\u0117mis"},"content":{"rendered":"<p>Atraskite elegancij\u0105 ir funkcionalum\u0105, sujungt\u0105 \u201eHelvetia\u201c spintoje \u201eJukon S\u201c. Patraukli ka\u0161myro spalva kartu su moderniomis, juodomis metalin\u0117mis kojel\u0117mis suteikia klas\u0117s bet kokiam interjerui. Tai puikus sprendimas tiems, kurie vertina estetikos ir prakti\u0161kumo harmonij\u0105. D\u0117l gerai apgalvoto dizaino \u0161i keturi\u0173 dur\u0173 spinta taps j\u016bs\u0173 miegamojo ar prie\u0161kambario \u0161irdimi. \u201eJukon S\u201c spintos vidus suteikia erdv\u0117s ir tvarkos. I\u0161manus lentyn\u0173 ir daiktad\u0117\u017ei\u0173 i\u0161d\u0117stymas leis puikiai sutvarkyti visus j\u016bs\u0173 drabu\u017eius. Paspaudus atidarymo sistem\u0105 durys atidaromos patogiai ir tyliai, o tai \u017eymiai pagerina kasdienio naudojimo komfort\u0105. M\u0117gaukit\u0117s lengvu pri\u0117jimu prie savo daikt\u0173 bet kuriuo metu. Investuodami \u012f \u201eJukon S\u201c spint\u0105, \u012fsigyjate bald\u0105, kuris puikiai atitinka \u0161iuolaikines dizaino tendencijas. Minimalistin\u0117 forma ir subtilus ka\u0161myro atspalvis puikiai dera su \u012fvairiais interjero dizaino stiliais \u2013 nuo skandinavi\u0161ko, industrinio iki klasikinio. \u0160is baldas ne tik atlieka savo paskirt\u012f, bet ir pagerina erdv\u0119.<\/p>","protected":false},"excerpt":{"rendered":"<p>Plotis (cm): 180<br \/>\n\u016agis (cm): 210<br \/>\nGylis (cm): 60<\/p>","protected":false},"featured_media":155660,"comment_status":"open","ping_status":"open","template":"","meta":[],"product_brand":[],"product_cat":[9421,4105,1177],"product_tag":[],"class_list":{"0":"post-155659","1":"product","2":"type-product","3":"status-publish","4":"has-post-thumbnail","6":"product_cat-furniture-system-jukon","7":"product_cat-helvetia","8":"product_cat-wardrobes","10":"first","11":"instock","12":"purchasable","13":"product-type-simple"},"_links":{"self":[{"href":"https:\/\/baldumarket.lt\/lt\/wp-json\/wp\/v2\/product\/155659","targetHints":{"allow":["GET"]}}],"collection":[{"href":"https:\/\/baldumarket.lt\/lt\/wp-json\/wp\/v2\/product"}],"about":[{"href":"https:\/\/baldumarket.lt\/lt\/wp-json\/wp\/v2\/types\/product"}],"replies":[{"embeddable":true,"href":"https:\/\/baldumarket.lt\/lt\/wp-json\/wp\/v2\/comments?post=155659"}],"wp:featuredmedia":[{"embeddable":true,"href":"https:\/\/baldumarket.lt\/lt\/wp-json\/wp\/v2\/media\/155660"}],"wp:attachment":[{"href":"https:\/\/baldumarket.lt\/lt\/wp-json\/wp\/v2\/media?parent=155659"}],"wp:term":[{"taxonomy":"product_brand","embeddable":true,"href":"https:\/\/baldumarket.lt\/lt\/wp-json\/wp\/v2\/product_brand?post=155659"},{"taxonomy":"product_cat","embeddable":true,"href":"https:\/\/baldumarket.lt\/lt\/wp-json\/wp\/v2\/product_cat?post=155659"},{"taxonomy":"product_tag","embeddable":true,"href":"https:\/\/baldumarket.lt\/lt\/wp-json\/wp\/v2\/product_tag?post=155659"}],"curies":[{"name":"wp","href":"https:\/\/api.w.org\/{rel}","templated":true}]}}