{"id":155652,"date":"2025-12-18T18:06:53","date_gmt":"2025-12-18T15:06:53","guid":{"rendered":"https:\/\/baldumarket.lt\/product\/jukon-s-szafa-3d2s-kaszmir-czarne-metalowe-nogi\/"},"modified":"2026-02-05T11:01:09","modified_gmt":"2026-02-05T08:01:09","slug":"jukon-s-szafa-3d2s-kaszmir-czarne-metalowe-nogi","status":"publish","type":"product","link":"https:\/\/baldumarket.lt\/lt\/product\/jukon-s-szafa-3d2s-kaszmir-czarne-metalowe-nogi\/","title":{"rendered":"Jukon S \u2013 Drabu\u017ein\u0117 3D2S su ka\u0161myru, juodomis metalin\u0117mis kojel\u0117mis"},"content":{"rendered":"<p>Pristatome \u201eJukon S \u2013 3D2S\u201c spint\u0105 \u2013 puik\u0173 sprendim\u0105 tiems, kurie vertina elegancij\u0105 ir prakti\u0161kum\u0105. Jos modernus ka\u0161myro dizainas puikiai dera su \u0161iuolaikin\u0117mis interjero tendencijomis, o juodos metalin\u0117s kojel\u0117s suteikia jai unikal\u0173 charakter\u012f. \u0160is erdvus modelis, kurio plotis \u2013 135 cm, auk\u0161tis \u2013 210 cm, o gylis \u2013 60 cm, tampa ne tik baldu, bet ir dekoratyviniu elementu bet kuriame kambaryje. Universalus ka\u0161myro derinys su modernistiniu juod\u0173 kojeli\u0173 akcentu leid\u017eia \u201eJukon S\u201c spint\u0105 lengvai pritaikyti prie \u012fvairi\u0173 interjero stili\u0173 \u2013 nuo skandinavi\u0161ko iki industrinio. Minimalistin\u0117 i\u0161vaizda leid\u017eia sukurti harmoning\u0105 erdv\u0119, kurioje kiekvienas elementas dera tarpusavyje, sukurdamas esteti\u0161kai patraukli\u0105 visum\u0105. Spintos funkcionalumas taip pat nusipelno ypatingo d\u0117mesio. Be gausios daikt\u0173 laikymo vietos, kiekviena detal\u0117 buvo kruop\u0161\u010diai apgalvota kasdieniam naudojimui. Atidarymo spustel\u0117jus sistema leid\u017eia atidaryti duris be ranken\u0117li\u0173, i\u0161laikant \u0161varias linijas ir modern\u0173 baldo vaizd\u0105. Tai leid\u017eia kasdien naudotis spinta patogiai ir intuityviai.<\/p>","protected":false},"excerpt":{"rendered":"<p>Plotis (cm): 135<br \/>\n\u016agis (cm): 210<br \/>\nGylis (cm): 60<\/p>","protected":false},"featured_media":155653,"comment_status":"open","ping_status":"open","template":"","meta":[],"product_brand":[],"product_cat":[9421,4105,1177],"product_tag":[],"class_list":{"0":"post-155652","1":"product","2":"type-product","3":"status-publish","4":"has-post-thumbnail","6":"product_cat-furniture-system-jukon","7":"product_cat-helvetia","8":"product_cat-wardrobes","10":"first","11":"instock","12":"purchasable","13":"product-type-simple"},"_links":{"self":[{"href":"https:\/\/baldumarket.lt\/lt\/wp-json\/wp\/v2\/product\/155652","targetHints":{"allow":["GET"]}}],"collection":[{"href":"https:\/\/baldumarket.lt\/lt\/wp-json\/wp\/v2\/product"}],"about":[{"href":"https:\/\/baldumarket.lt\/lt\/wp-json\/wp\/v2\/types\/product"}],"replies":[{"embeddable":true,"href":"https:\/\/baldumarket.lt\/lt\/wp-json\/wp\/v2\/comments?post=155652"}],"wp:featuredmedia":[{"embeddable":true,"href":"https:\/\/baldumarket.lt\/lt\/wp-json\/wp\/v2\/media\/155653"}],"wp:attachment":[{"href":"https:\/\/baldumarket.lt\/lt\/wp-json\/wp\/v2\/media?parent=155652"}],"wp:term":[{"taxonomy":"product_brand","embeddable":true,"href":"https:\/\/baldumarket.lt\/lt\/wp-json\/wp\/v2\/product_brand?post=155652"},{"taxonomy":"product_cat","embeddable":true,"href":"https:\/\/baldumarket.lt\/lt\/wp-json\/wp\/v2\/product_cat?post=155652"},{"taxonomy":"product_tag","embeddable":true,"href":"https:\/\/baldumarket.lt\/lt\/wp-json\/wp\/v2\/product_tag?post=155652"}],"curies":[{"name":"wp","href":"https:\/\/api.w.org\/{rel}","templated":true}]}}