{"id":155650,"date":"2025-12-18T18:06:49","date_gmt":"2025-12-18T15:06:49","guid":{"rendered":"https:\/\/baldumarket.lt\/product\/jukon-s-stelaz-flex-do-lozka-100-cm\/"},"modified":"2026-02-05T11:01:09","modified_gmt":"2026-02-05T08:01:09","slug":"jukon-s-stelaz-flex-do-lozka-100-cm","status":"publish","type":"product","link":"https:\/\/baldumarket.lt\/lt\/product\/jukon-s-stelaz-flex-do-lozka-100-cm\/","title":{"rendered":"Jukon S &#8211; Flex lovos r\u0117mas 100 cm"},"content":{"rendered":"<p>\u201eFlex Jukon S\u201c lovos r\u0117mas \u2013 puikus pasirinkimas ie\u0161kantiems kokybi\u0161ko sprendimo savo miegamajam. Sukurtas garsaus prek\u0117s \u017eenklo \u201eHelvetia\u201c, \u0161is 100 cm plo\u010dio lovos r\u0117mas derina elegancij\u0105 ir funkcionalum\u0105, sukurdamas unikal\u0173 lovos pagrind\u0105. Minimalistinis dizainas ir esteti\u0161ka apdaila puikiai tinka \u012fvairiems interjero stiliams \u2013 nuo modernaus iki klasikinio.<\/p>\n<p>Vos 4 cm auk\u0161\u010dio \u201eFlex\u201c lovos r\u0117mas yra diskreti\u0161kas ir neu\u017egriozdina erdv\u0117s, kartu suteikdamas lengvumo. 200 cm gylis u\u017etikrina stabilum\u0105 ir komfort\u0105, kurie yra labai svarb\u016bs sveikam miegui ir poilsiui. D\u0117l savo konstrukcijos \u0161is lovos r\u0117mas puikiai palaiko \u010diu\u017ein\u012f, u\u017etikrindamas maloni\u0105 patirt\u012f ir ilgaam\u017ei\u0161kum\u0105.<\/p>\n<p>\u0160\u012f lovos r\u0117m\u0105 reikia surinkti patiems, tod\u0117l galite j\u012f pritaikyti pagal savo individualius poreikius ir pageidavimus. Paprastos surinkimo instrukcijos u\u017etikrina, kad net ir neturintys patirties asmenys greitai susidoros su u\u017eduotimi. Be to, \u201eHelvetia\u201c yra \u017einoma d\u0117l auk\u0161tos savo gamini\u0173 kokyb\u0117s, u\u017etikrinan\u010dios, kad j\u016bs\u0173 naujas lovos r\u0117mas tarnaus ilgus metus.<\/p>\n<p>\u201eJukon S\u201c \u2013 puikus sprendimas tiems, kurie vertina ne tik estetik\u0105, bet ir prakti\u0161kum\u0105. D\u0117l kruop\u0161\u010diai apgalvotos konstrukcijos ir modernaus dizaino po\u017ei\u016brio \u0161is r\u0117mas tampa ne\u012ftik\u0117tinai svarbiu j\u016bs\u0173 miegamojo elementu. Su\u017einokite, kaip lengvai galite pagerinti miego komfort\u0105 ir viso interjero stili\u0173 su \u201eFlex Jukon S\u201c r\u0117mu.<\/p>\n<p>Kvie\u010diame \u012fsigyti r\u0117m\u0105, kuris paruo\u0161 j\u016bs\u0173 mieg\u0105 tobulumui. Pasitik\u0117kite patyrusiu \u201eHelvetia\u201c prek\u0117s \u017eenklu ir m\u0117gaukit\u0117s ne tik gra\u017eiu, bet ir funkcionaliu interjeru, sukurian\u010diu maloni\u0105 atmosfer\u0105 poilsiui.<\/p>","protected":false},"excerpt":{"rendered":"<p>Plotis (cm): 100<br \/>\n\u016agis (cm): 4<br \/>\nGylis (cm): 200<\/p>","protected":false},"featured_media":155651,"comment_status":"open","ping_status":"open","template":"","meta":[],"product_brand":[],"product_cat":[9421,1043,4105],"product_tag":[],"class_list":{"0":"post-155650","1":"product","2":"type-product","3":"status-publish","4":"has-post-thumbnail","6":"product_cat-furniture-system-jukon","7":"product_cat-extras","8":"product_cat-helvetia","10":"first","11":"instock","12":"purchasable","13":"product-type-simple"},"_links":{"self":[{"href":"https:\/\/baldumarket.lt\/lt\/wp-json\/wp\/v2\/product\/155650","targetHints":{"allow":["GET"]}}],"collection":[{"href":"https:\/\/baldumarket.lt\/lt\/wp-json\/wp\/v2\/product"}],"about":[{"href":"https:\/\/baldumarket.lt\/lt\/wp-json\/wp\/v2\/types\/product"}],"replies":[{"embeddable":true,"href":"https:\/\/baldumarket.lt\/lt\/wp-json\/wp\/v2\/comments?post=155650"}],"wp:featuredmedia":[{"embeddable":true,"href":"https:\/\/baldumarket.lt\/lt\/wp-json\/wp\/v2\/media\/155651"}],"wp:attachment":[{"href":"https:\/\/baldumarket.lt\/lt\/wp-json\/wp\/v2\/media?parent=155650"}],"wp:term":[{"taxonomy":"product_brand","embeddable":true,"href":"https:\/\/baldumarket.lt\/lt\/wp-json\/wp\/v2\/product_brand?post=155650"},{"taxonomy":"product_cat","embeddable":true,"href":"https:\/\/baldumarket.lt\/lt\/wp-json\/wp\/v2\/product_cat?post=155650"},{"taxonomy":"product_tag","embeddable":true,"href":"https:\/\/baldumarket.lt\/lt\/wp-json\/wp\/v2\/product_tag?post=155650"}],"curies":[{"name":"wp","href":"https:\/\/api.w.org\/{rel}","templated":true}]}}