{"id":155645,"date":"2025-12-18T18:06:38","date_gmt":"2025-12-18T15:06:38","guid":{"rendered":"https:\/\/baldumarket.lt\/product\/jukon-s-lozko-180-cm-z-pojemnikiem-kaszmir-czarne-metalowe-nogi\/"},"modified":"2026-02-05T11:01:09","modified_gmt":"2026-02-05T08:01:09","slug":"jukon-s-lozko-180-cm-z-pojemnikiem-kaszmir-czarne-metalowe-nogi","status":"publish","type":"product","link":"https:\/\/baldumarket.lt\/lt\/product\/jukon-s-lozko-180-cm-z-pojemnikiem-kaszmir-czarne-metalowe-nogi\/","title":{"rendered":"Jukon S \u2013 180 cm lova su daiktad\u0117\u017ee, ka\u0161myro spalvos, juodos metalin\u0117s kojel\u0117s"},"content":{"rendered":"<p>Pasiruo\u0161kite ne\u012ftik\u0117tinam miegamojo poky\u010diui su unikalia \u201eHelvetia\u201c \u201eJukon S\u201c lova. Eleganti\u0161ka ka\u0161myro spalva ir stilingos juodos metalin\u0117s kojel\u0117s suteiks j\u016bs\u0173 erdvei modern\u0173 ir eleganti\u0161k\u0105 vaizd\u0105. \u0160is subtilumo ir \u0161iurk\u0161tumo derinys sukuria harmonij\u0105, kuri d\u017eiugina ir atpalaiduoja. \u0160ios lovos patrauklumas per\u017eengia estetikos ribas. Daiktad\u0117\u017e\u0117 suteikia papildomos vietos daiktams, kuriuos norite tur\u0117ti po ranka, bet neb\u016btinai matomoje vietoje. Apgalvoti sprendimai u\u017etikrina, kad j\u016bs\u0173 miegamasis i\u0161likt\u0173 erdvus ir tvarkingas. M\u0117gaukit\u0117s puikiai suplanuotos erdv\u0117s komfortu. Maloni liesti laminuota plok\u0161t\u0117, naudojama tiek r\u0117mui, tiek priekinei daliai, suteiks \u0161ilumos j\u016bs\u0173 interjerui ir u\u017etikrins patvarum\u0105, kuris tarnaus daugel\u012f met\u0173. I\u0161skirtinai tvirtas r\u0117mas, kuris taip pat pridedamas, suteikia stabilumo ir atramos, b\u016btinos sveikam nakties miegui. \u201eJukon S\u201c lova yra pasirinkimas tiems, kurie vertina kokyb\u0119 ir kasdien\u012f komfort\u0105.<\/p>","protected":false},"excerpt":{"rendered":"<p>Plotis (cm): 185<br \/>\n\u016agis (cm): 100<br \/>\nGylis (cm): 205<\/p>","protected":false},"featured_media":155646,"comment_status":"open","ping_status":"open","template":"","meta":[],"product_brand":[],"product_cat":[9421,505,4105],"product_tag":[],"class_list":{"0":"post-155645","1":"product","2":"type-product","3":"status-publish","4":"has-post-thumbnail","6":"product_cat-furniture-system-jukon","7":"product_cat-bedroom-beds","8":"product_cat-helvetia","10":"first","11":"instock","12":"purchasable","13":"product-type-simple"},"_links":{"self":[{"href":"https:\/\/baldumarket.lt\/lt\/wp-json\/wp\/v2\/product\/155645","targetHints":{"allow":["GET"]}}],"collection":[{"href":"https:\/\/baldumarket.lt\/lt\/wp-json\/wp\/v2\/product"}],"about":[{"href":"https:\/\/baldumarket.lt\/lt\/wp-json\/wp\/v2\/types\/product"}],"replies":[{"embeddable":true,"href":"https:\/\/baldumarket.lt\/lt\/wp-json\/wp\/v2\/comments?post=155645"}],"wp:featuredmedia":[{"embeddable":true,"href":"https:\/\/baldumarket.lt\/lt\/wp-json\/wp\/v2\/media\/155646"}],"wp:attachment":[{"href":"https:\/\/baldumarket.lt\/lt\/wp-json\/wp\/v2\/media?parent=155645"}],"wp:term":[{"taxonomy":"product_brand","embeddable":true,"href":"https:\/\/baldumarket.lt\/lt\/wp-json\/wp\/v2\/product_brand?post=155645"},{"taxonomy":"product_cat","embeddable":true,"href":"https:\/\/baldumarket.lt\/lt\/wp-json\/wp\/v2\/product_cat?post=155645"},{"taxonomy":"product_tag","embeddable":true,"href":"https:\/\/baldumarket.lt\/lt\/wp-json\/wp\/v2\/product_tag?post=155645"}],"curies":[{"name":"wp","href":"https:\/\/api.w.org\/{rel}","templated":true}]}}