{"id":155640,"date":"2025-12-18T18:06:27","date_gmt":"2025-12-18T15:06:27","guid":{"rendered":"https:\/\/baldumarket.lt\/product\/jukon-s-lozko-180-cm-kaszmir-czarne-metalowe-nogi\/"},"modified":"2026-02-05T11:01:17","modified_gmt":"2026-02-05T08:01:17","slug":"jukon-s-lozko-180-cm-kaszmir-czarne-metalowe-nogi","status":"publish","type":"product","link":"https:\/\/baldumarket.lt\/lt\/product\/jukon-s-lozko-180-cm-kaszmir-czarne-metalowe-nogi\/","title":{"rendered":"Jukon S &#8211; Lova 180 cm, ka\u0161myro spalvos, juodos metalin\u0117s kojos"},"content":{"rendered":"<p>\u201eJukon S\u201c lova \u2013 puikus sprendimas tiems, kurie ie\u0161ko komforto ir modernaus dizaino. Eleganti\u0161ka ka\u0161myro spalva apdailinta lova pasi\u017eymi subtilia, ta\u010diau rafinuota i\u0161vaizda, kuri puikiai der\u0117s prie bet kokio interjero. Minimalistin\u0117s linijos ir klasikin\u0117s detal\u0117s sukuria harmoning\u0105 visum\u0105, kuri traukia d\u0117mes\u012f ir suteikia erdvei elegancijos. Funkcionalumas yra pagrindinis \u201eJukon S\u201c lovos bruo\u017eas. 180 cm plo\u010dio ir 205 cm gylio lova suteikia erdv\u0117s poj\u016bt\u012f, u\u017etikrinant\u012f patog\u0173 poils\u012f. Tai puiki lova poroms, kurios vertina bendras miego ir poilsio akimirkas. Juodos metalin\u0117s kojel\u0117s suteikia modernumo, kontrastuojan\u010dios su \u0161iltu r\u0117mo atspalviu, tod\u0117l lova ne tik atrodo puikiai, bet ir yra stabili bei patvari. Nors lova be r\u0117mo ir \u010diu\u017einio, \u201eJukon S\u201c lova suteikia jums laisv\u0119 pasirinkti elementus, kurie geriausiai atitinka j\u016bs\u0173 poreikius. Tai leid\u017eia jums susikurti savo asmenin\u0119 miego erdv\u0119, pasirenkant tobul\u0105 \u010diu\u017ein\u012f, kuris suteiks jums maksimal\u0173 komfort\u0105. Savaranki\u0161kas surinkimas yra papildomas privalumas, leid\u017eiantis lengvai pritaikyti lov\u0105 prie savo interjero.<\/p>","protected":false},"excerpt":{"rendered":"<p>Plotis (cm): 185<br \/>\n\u016agis (cm): 100<br \/>\nGylis (cm): 205<\/p>","protected":false},"featured_media":155641,"comment_status":"open","ping_status":"open","template":"","meta":[],"product_brand":[],"product_cat":[9421,505,4105],"product_tag":[],"class_list":{"0":"post-155640","1":"product","2":"type-product","3":"status-publish","4":"has-post-thumbnail","6":"product_cat-furniture-system-jukon","7":"product_cat-bedroom-beds","8":"product_cat-helvetia","10":"first","11":"instock","12":"purchasable","13":"product-type-simple"},"_links":{"self":[{"href":"https:\/\/baldumarket.lt\/lt\/wp-json\/wp\/v2\/product\/155640","targetHints":{"allow":["GET"]}}],"collection":[{"href":"https:\/\/baldumarket.lt\/lt\/wp-json\/wp\/v2\/product"}],"about":[{"href":"https:\/\/baldumarket.lt\/lt\/wp-json\/wp\/v2\/types\/product"}],"replies":[{"embeddable":true,"href":"https:\/\/baldumarket.lt\/lt\/wp-json\/wp\/v2\/comments?post=155640"}],"wp:featuredmedia":[{"embeddable":true,"href":"https:\/\/baldumarket.lt\/lt\/wp-json\/wp\/v2\/media\/155641"}],"wp:attachment":[{"href":"https:\/\/baldumarket.lt\/lt\/wp-json\/wp\/v2\/media?parent=155640"}],"wp:term":[{"taxonomy":"product_brand","embeddable":true,"href":"https:\/\/baldumarket.lt\/lt\/wp-json\/wp\/v2\/product_brand?post=155640"},{"taxonomy":"product_cat","embeddable":true,"href":"https:\/\/baldumarket.lt\/lt\/wp-json\/wp\/v2\/product_cat?post=155640"},{"taxonomy":"product_tag","embeddable":true,"href":"https:\/\/baldumarket.lt\/lt\/wp-json\/wp\/v2\/product_tag?post=155640"}],"curies":[{"name":"wp","href":"https:\/\/api.w.org\/{rel}","templated":true}]}}