{"id":15564,"date":"2025-11-14T08:47:42","date_gmt":"2025-11-14T05:47:42","guid":{"rendered":"https:\/\/baldumarket.lt\/product\/ricardo\/"},"modified":"2026-03-29T12:45:22","modified_gmt":"2026-03-29T09:45:22","slug":"ricardo","status":"publish","type":"product","link":"https:\/\/baldumarket.lt\/lt\/product\/ricardo\/","title":{"rendered":"Rikardas"},"content":{"rendered":"<p>\u201eRicardo\u201c \u2013 tai paprasta ir stilinga kampin\u0117 sofa su apgalvotais moderniais klasikinio dizaino elementais, papildan\u010diais klasikin\u0119 form\u0105 \u012fvairiomis moderniomis apdailos detal\u0117mis. \u0160i erdvi kampin\u0117 sofa, kurios matmenys 281 x 205 x 88 cm, puikiai tinka dienos poilsiui, ta\u010diau gali b\u016bti naudojama ir kaip 124 x 216 cm miegojimo zona. \u0160is modelis turi i\u0161skleid\u017eiamos lovos funkcij\u0105, pagr\u012fst\u0105 paprasta ir intuityvia \u201edolphin\u201c sistema. Jame taip pat yra erdvus patalyn\u0117s skyrius, esantis pufe. Mink\u0161tumas ir elastingumas pasiekiami d\u0117l auk\u0161tos kokyb\u0117s putplas\u010dio ir vingiuot\u0173 spyruokli\u0173 naudojimo. Papildomi \u0161ios sofos i\u0161skirtiniai bruo\u017eai: patogi s\u0117dyn\u0117, plat\u016bs porankiai, reguliuojamos galvos atramos ir chromuotos kojel\u0117s. Be to, \u0161\u012f model\u012f galima \u012fsigyti visoje \u201eBalduMarket\u201c spalv\u0173 gamoje. Garantuojame, kad b\u016bsite patenkinti tokia kampine sofa kaip \u201eRicardo\u201c.<\/p>","protected":false},"excerpt":{"rendered":"<p>\u201eRicardo\u201c \u2013 tai paprasta ir stilinga kampin\u0117 sofa su apgalvotais moderniais klasikinio dizaino elementais, papildan\u010diais klasikin\u0119 form\u0105 \u012fvairiais moderniais apdailos elementais. \u0160i erdvi kampin\u0117 sofa, kurios matmenys \u2013 281 x 205 x 88 cm, puikiai tinka dienos poilsiui, ta\u010diau j\u0105 taip pat galima naudoti kaip 124 x 216 cm dyd\u017eio miegam\u0105j\u0105 zon\u0105. \u0160i [\u2026]<\/p>","protected":false},"featured_media":15565,"comment_status":"open","ping_status":"open","template":"","meta":[],"product_brand":[],"product_cat":[616,1983,2012,9166],"product_tag":[],"class_list":{"0":"post-15564","1":"product","2":"type-product","3":"status-publish","4":"has-post-thumbnail","6":"product_cat-corners","7":"product_cat-corners-l","8":"product_cat-eltap","9":"product_cat-narozniki-eltap","11":"first","12":"instock","13":"purchasable","14":"product-type-variable","15":"wvs-archive-product-wrapper"},"_links":{"self":[{"href":"https:\/\/baldumarket.lt\/lt\/wp-json\/wp\/v2\/product\/15564","targetHints":{"allow":["GET"]}}],"collection":[{"href":"https:\/\/baldumarket.lt\/lt\/wp-json\/wp\/v2\/product"}],"about":[{"href":"https:\/\/baldumarket.lt\/lt\/wp-json\/wp\/v2\/types\/product"}],"replies":[{"embeddable":true,"href":"https:\/\/baldumarket.lt\/lt\/wp-json\/wp\/v2\/comments?post=15564"}],"wp:featuredmedia":[{"embeddable":true,"href":"https:\/\/baldumarket.lt\/lt\/wp-json\/wp\/v2\/media\/15565"}],"wp:attachment":[{"href":"https:\/\/baldumarket.lt\/lt\/wp-json\/wp\/v2\/media?parent=15564"}],"wp:term":[{"taxonomy":"product_brand","embeddable":true,"href":"https:\/\/baldumarket.lt\/lt\/wp-json\/wp\/v2\/product_brand?post=15564"},{"taxonomy":"product_cat","embeddable":true,"href":"https:\/\/baldumarket.lt\/lt\/wp-json\/wp\/v2\/product_cat?post=15564"},{"taxonomy":"product_tag","embeddable":true,"href":"https:\/\/baldumarket.lt\/lt\/wp-json\/wp\/v2\/product_tag?post=15564"}],"curies":[{"name":"wp","href":"https:\/\/api.w.org\/{rel}","templated":true}]}}