{"id":155635,"date":"2025-12-18T18:06:16","date_gmt":"2025-12-18T15:06:16","guid":{"rendered":"https:\/\/baldumarket.lt\/product\/jukon-s-lozko-160-cm-z-pojemnikiem-kaszmir-czarne-metalowe-nogi\/"},"modified":"2026-02-05T11:01:17","modified_gmt":"2026-02-05T08:01:17","slug":"jukon-s-lozko-160-cm-z-pojemnikiem-kaszmir-czarne-metalowe-nogi","status":"publish","type":"product","link":"https:\/\/baldumarket.lt\/lt\/product\/jukon-s-lozko-160-cm-z-pojemnikiem-kaszmir-czarne-metalowe-nogi\/","title":{"rendered":"Jukon S \u2013 160 cm lova su daiktad\u0117\u017ee, ka\u0161myro spalvos, juodos metalin\u0117s kojel\u0117s"},"content":{"rendered":"<p>\u201eJukon S\u201c lova \u2013 tai tobulas modernaus dizaino ir funkcionalumo derinys, paver\u010diantis bet kur\u012f miegam\u0105j\u012f atsipalaidavimo ir poilsio vieta. Stilinga forma ir eleganti\u0161ka ka\u0161myro spalva suteiks j\u016bs\u0173 interjerui unikalaus \u017eavesio. Juodos metalin\u0117s kojel\u0117s suteikia lovai i\u0161skirtin\u0119 i\u0161vaizd\u0105, skland\u017eiai \u012fsiliejan\u010di\u0105 \u012f \u012fvairius interjerus \u2013 nuo minimalistinio iki klasikinio. 205 cm gylio \u201eJukon S\u201c lova suteikia patog\u0173 mieg\u0105 ir papildomos vietos daiktams susid\u0117ti. Patalyn\u0117s skyrius lovos apa\u010dioje leid\u017eia sumaniai organizuoti daiktus, pa\u0161alinti netvark\u0105 ir padaryti miegam\u0105j\u012f funkcionalesn\u012f. \u0160is prakti\u0161kas sprendimas puikiai tinka ma\u017eesn\u0117ms erdv\u0117ms, kur kiekviena erdv\u0117 yra vertinama. Pagaminta i\u0161 auk\u0161tos kokyb\u0117s laminuotos plok\u0161t\u0117s, lova yra ne tik esteti\u0161kai patraukli, bet ir patvari bei lengvai pri\u017ei\u016brima. Ka\u0161myro spalva korpusui ir r\u0117mui suteikia \u0161ilumos interjerui, o pati med\u017eiaga yra labai atspari \u012fbr\u0117\u017eimams ir pa\u017eeidimams. Pasirinkdami \u201eJukon S\u201c, investuojate \u012f bald\u0105, kuris tarnaus daugel\u012f met\u0173 neprarasdamas savo \u017eavesio.<\/p>","protected":false},"excerpt":{"rendered":"<p>Plotis (cm): 165<br \/>\n\u016agis (cm): 100<br \/>\nGylis (cm): 205<\/p>","protected":false},"featured_media":155636,"comment_status":"open","ping_status":"open","template":"","meta":[],"product_brand":[],"product_cat":[9421,505,4105],"product_tag":[],"class_list":{"0":"post-155635","1":"product","2":"type-product","3":"status-publish","4":"has-post-thumbnail","6":"product_cat-furniture-system-jukon","7":"product_cat-bedroom-beds","8":"product_cat-helvetia","10":"first","11":"instock","12":"purchasable","13":"product-type-simple"},"_links":{"self":[{"href":"https:\/\/baldumarket.lt\/lt\/wp-json\/wp\/v2\/product\/155635","targetHints":{"allow":["GET"]}}],"collection":[{"href":"https:\/\/baldumarket.lt\/lt\/wp-json\/wp\/v2\/product"}],"about":[{"href":"https:\/\/baldumarket.lt\/lt\/wp-json\/wp\/v2\/types\/product"}],"replies":[{"embeddable":true,"href":"https:\/\/baldumarket.lt\/lt\/wp-json\/wp\/v2\/comments?post=155635"}],"wp:featuredmedia":[{"embeddable":true,"href":"https:\/\/baldumarket.lt\/lt\/wp-json\/wp\/v2\/media\/155636"}],"wp:attachment":[{"href":"https:\/\/baldumarket.lt\/lt\/wp-json\/wp\/v2\/media?parent=155635"}],"wp:term":[{"taxonomy":"product_brand","embeddable":true,"href":"https:\/\/baldumarket.lt\/lt\/wp-json\/wp\/v2\/product_brand?post=155635"},{"taxonomy":"product_cat","embeddable":true,"href":"https:\/\/baldumarket.lt\/lt\/wp-json\/wp\/v2\/product_cat?post=155635"},{"taxonomy":"product_tag","embeddable":true,"href":"https:\/\/baldumarket.lt\/lt\/wp-json\/wp\/v2\/product_tag?post=155635"}],"curies":[{"name":"wp","href":"https:\/\/api.w.org\/{rel}","templated":true}]}}