{"id":155630,"date":"2025-12-18T18:06:06","date_gmt":"2025-12-18T15:06:06","guid":{"rendered":"https:\/\/baldumarket.lt\/product\/jukon-s-lozko-160-cm-kaszmir-czarne-metalowe-nogi\/"},"modified":"2026-02-05T11:01:17","modified_gmt":"2026-02-05T08:01:17","slug":"jukon-s-lozko-160-cm-kaszmir-czarne-metalowe-nogi","status":"publish","type":"product","link":"https:\/\/baldumarket.lt\/lt\/product\/jukon-s-lozko-160-cm-kaszmir-czarne-metalowe-nogi\/","title":{"rendered":"Jukon S &#8211; Lova 160 cm, ka\u0161myro spalvos, juodos metalin\u0117s kojos"},"content":{"rendered":"<p>\u012e\u017eenkite \u012f i\u0161skirtinio komforto ir stiliaus pasaul\u012f su \u201eHelvetia\u201c \u201eJukon S\u201c lova. 160 cm plo\u010dio ir eleganti\u0161kos ka\u0161myro spalvos \u0161i lova ne tik pateisins j\u016bs\u0173 l\u016bkes\u010dius d\u0117l patogaus miego, bet ir taps j\u016bs\u0173 miegamojo traukos centru. Modernios, matin\u0117s juodos metalin\u0117s kojel\u0117s puikiai kontrastuoja su subtilia r\u0117mo apdaila, sukurdamos harmoning\u0105 visum\u0105, kuri \u017eavi savo nesenstan\u010diu stiliumi. \u201eJukon S\u201c lovos dizainas spinduliuoja subtiliu elegancija, skland\u017eiai integruodamasi \u012f \u012fvairias interjero dizaino tendencijas. Minimalistin\u0117s linijos ir sant\u016bri spalv\u0173 palet\u0117 suteikia jai puik\u0173 fon\u0105 tiek klasikiniam, tiek moderniam interjerui. Ka\u0161myro spalv\u0173 gama suteikia jai \u017eavesio ir u\u017etikrina, kad ji skland\u017eiai dera su kitais dekoro elementais. Tai puikus sprendimas tiems, kurie vertina estetik\u0105 ir funkcionalum\u0105. \u201eJukon S\u201c lova yra ne tik dekoratyvinis elementas, bet ir atsipalaidavimo oaz\u0117. Sukurta kasdieniam naudojimui, nepriklausomai nuo gyvenimo b\u016bdo, ji suteikia erdv\u0119 atsipalaiduoti, o tai b\u016btina po ilgos dienos. Erdvumas ir auk\u0161tos kokyb\u0117s meistri\u0161kumas leis jums jaustis i\u0161skirtinai patogiai, o tai neabejotinai pagerins j\u016bs\u0173 miego kokyb\u0119 ir energijos atgavim\u0105.<\/p>","protected":false},"excerpt":{"rendered":"<p>Plotis (cm): 165<br \/>\n\u016agis (cm): 100<br \/>\nGylis (cm): 205<\/p>","protected":false},"featured_media":155631,"comment_status":"open","ping_status":"open","template":"","meta":[],"product_brand":[],"product_cat":[9421,505,4105],"product_tag":[],"class_list":{"0":"post-155630","1":"product","2":"type-product","3":"status-publish","4":"has-post-thumbnail","6":"product_cat-furniture-system-jukon","7":"product_cat-bedroom-beds","8":"product_cat-helvetia","10":"first","11":"instock","12":"purchasable","13":"product-type-simple"},"_links":{"self":[{"href":"https:\/\/baldumarket.lt\/lt\/wp-json\/wp\/v2\/product\/155630","targetHints":{"allow":["GET"]}}],"collection":[{"href":"https:\/\/baldumarket.lt\/lt\/wp-json\/wp\/v2\/product"}],"about":[{"href":"https:\/\/baldumarket.lt\/lt\/wp-json\/wp\/v2\/types\/product"}],"replies":[{"embeddable":true,"href":"https:\/\/baldumarket.lt\/lt\/wp-json\/wp\/v2\/comments?post=155630"}],"wp:featuredmedia":[{"embeddable":true,"href":"https:\/\/baldumarket.lt\/lt\/wp-json\/wp\/v2\/media\/155631"}],"wp:attachment":[{"href":"https:\/\/baldumarket.lt\/lt\/wp-json\/wp\/v2\/media?parent=155630"}],"wp:term":[{"taxonomy":"product_brand","embeddable":true,"href":"https:\/\/baldumarket.lt\/lt\/wp-json\/wp\/v2\/product_brand?post=155630"},{"taxonomy":"product_cat","embeddable":true,"href":"https:\/\/baldumarket.lt\/lt\/wp-json\/wp\/v2\/product_cat?post=155630"},{"taxonomy":"product_tag","embeddable":true,"href":"https:\/\/baldumarket.lt\/lt\/wp-json\/wp\/v2\/product_tag?post=155630"}],"curies":[{"name":"wp","href":"https:\/\/api.w.org\/{rel}","templated":true}]}}