{"id":155625,"date":"2025-12-18T18:05:56","date_gmt":"2025-12-18T15:05:56","guid":{"rendered":"https:\/\/baldumarket.lt\/product\/jukon-s-lozko-100-cm-z-pojemnikiem-kaszmir-czarne-metalowe-nogi\/"},"modified":"2026-02-05T11:01:17","modified_gmt":"2026-02-05T08:01:17","slug":"jukon-s-lozko-100-cm-z-pojemnikiem-kaszmir-czarne-metalowe-nogi","status":"publish","type":"product","link":"https:\/\/baldumarket.lt\/lt\/product\/jukon-s-lozko-100-cm-z-pojemnikiem-kaszmir-czarne-metalowe-nogi\/","title":{"rendered":"Jukon S \u2013 100 cm lova su daiktad\u0117\u017ee, ka\u0161myro spalvos, juodos metalin\u0117s kojel\u0117s"},"content":{"rendered":"<p>Atraskite \u201eJukon S\u201c lov\u0105, kuri neabejotinai taps j\u016bs\u0173 miegamojo traukos centru. Rafinuota ka\u0161myro spalva ir eleganti\u0161kos, matin\u0117s juodos kojel\u0117s \u2013 tai lova, kuri derina modern\u0173 dizain\u0105 su klasikiniu funkcionalumu. 105 cm plotis ir 205 cm gylis suteikia patogi\u0105 erdv\u0119 poilsiui, o 100 cm auk\u0161tis \u2013 puikus pasirinkimas tiems, kurie vertina komfort\u0105. Pagaminti i\u0161 laminuotos plok\u0161t\u0117s, tiek lovos r\u0117mas, tiek priekin\u0117 dalis atrodo ne\u012ftik\u0117tinai stilingai ir yra lengvai pri\u017ei\u016brimi. \u0160ilta ka\u0161myro spalva suteikia jaukumo bet kokiam interjerui, sukurdama harmoning\u0105 erdv\u0119, skatinan\u010di\u0105 atsipalaiduoti po ilgos dienos. Metalin\u0117s kojel\u0117s ne tik sustiprina konstrukcij\u0105, bet ir suteikia modernumo, pabr\u0117\u017eiant bendr\u0105 charakter\u012f. Vienas i\u0161 \u201eJukon S\u201c lovos privalum\u0173 \u2013 patalyn\u0117s laikymo vieta, leid\u017eianti efektyviai i\u0161naudoti erdv\u0119 miegamajame. D\u0117l \u0161io sprendimo jums nereikia r\u016bpintis vieta antklod\u0117ms ar pagalv\u0117ms \u2013 viskas, ko reikia patogiam nakties miegui, ras savo viet\u0105 prakti\u0161kame daiktad\u0117\u017e\u0117je. Puikiai tinka tiems, kurie vertina tvark\u0105 ir funkcionalum\u0105.<\/p>","protected":false},"excerpt":{"rendered":"<p>Plotis (cm): 105<br \/>\n\u016agis (cm): 100<br \/>\nGylis (cm): 205<\/p>","protected":false},"featured_media":155626,"comment_status":"open","ping_status":"open","template":"","meta":[],"product_brand":[],"product_cat":[9421,505,4105],"product_tag":[],"class_list":{"0":"post-155625","1":"product","2":"type-product","3":"status-publish","4":"has-post-thumbnail","6":"product_cat-furniture-system-jukon","7":"product_cat-bedroom-beds","8":"product_cat-helvetia","10":"first","11":"instock","12":"purchasable","13":"product-type-simple"},"_links":{"self":[{"href":"https:\/\/baldumarket.lt\/lt\/wp-json\/wp\/v2\/product\/155625","targetHints":{"allow":["GET"]}}],"collection":[{"href":"https:\/\/baldumarket.lt\/lt\/wp-json\/wp\/v2\/product"}],"about":[{"href":"https:\/\/baldumarket.lt\/lt\/wp-json\/wp\/v2\/types\/product"}],"replies":[{"embeddable":true,"href":"https:\/\/baldumarket.lt\/lt\/wp-json\/wp\/v2\/comments?post=155625"}],"wp:featuredmedia":[{"embeddable":true,"href":"https:\/\/baldumarket.lt\/lt\/wp-json\/wp\/v2\/media\/155626"}],"wp:attachment":[{"href":"https:\/\/baldumarket.lt\/lt\/wp-json\/wp\/v2\/media?parent=155625"}],"wp:term":[{"taxonomy":"product_brand","embeddable":true,"href":"https:\/\/baldumarket.lt\/lt\/wp-json\/wp\/v2\/product_brand?post=155625"},{"taxonomy":"product_cat","embeddable":true,"href":"https:\/\/baldumarket.lt\/lt\/wp-json\/wp\/v2\/product_cat?post=155625"},{"taxonomy":"product_tag","embeddable":true,"href":"https:\/\/baldumarket.lt\/lt\/wp-json\/wp\/v2\/product_tag?post=155625"}],"curies":[{"name":"wp","href":"https:\/\/api.w.org\/{rel}","templated":true}]}}