{"id":155621,"date":"2025-12-18T18:05:48","date_gmt":"2025-12-18T15:05:48","guid":{"rendered":"https:\/\/baldumarket.lt\/product\/jukon-s-lozko-100-cm-kaszmir-czarne-metalowe-nogi\/"},"modified":"2026-02-05T11:01:17","modified_gmt":"2026-02-05T08:01:17","slug":"jukon-s-lozko-100-cm-kaszmir-czarne-metalowe-nogi","status":"publish","type":"product","link":"https:\/\/baldumarket.lt\/lt\/product\/jukon-s-lozko-100-cm-kaszmir-czarne-metalowe-nogi\/","title":{"rendered":"Jukon S &#8211; Lova 100 cm, ka\u0161myro spalvos, juodos metalin\u0117s kojos"},"content":{"rendered":"<p>Paruo\u0161kite savo miegam\u0105j\u012f naujam komforto ir stiliaus lygiui su \u201eJukon S\u201c lova. \u0160i unikali 100 cm lova yra puikus sprendimas tiems, kurie vertina ir estetik\u0105, ir funkcionalum\u0105. Jos modernus dizainas traukia d\u0117mes\u012f, d\u017eiugina eleganti\u0161komis linijomis ir prislopintomis spalvomis, kurios puikiai dera prie \u012fvairi\u0173 interjero dizain\u0173.<\/p>\n<p>Ka\u0161myro spalva, dominuojanti lovos korpuse ir r\u0117me, sukuria jauki\u0105 atmosfer\u0105, o juodos metalin\u0117s kojel\u0117s suteikia grie\u017etumo. \u0160is kontrastas paver\u010dia lov\u0105 ne tik baldu, bet ir tikra bet kurio kambario puo\u0161mena. D\u0117l universalaus stiliaus ji puikiai der\u0117s tiek prie eleganti\u0161k\u0173, klasikini\u0173, tiek prie modernesni\u0173, minimalistini\u0173 interjer\u0173.<\/p>\n<p>\u201eJukon S\u201c lova yra ne tik gra\u017ei, bet ir auk\u0161tos kokyb\u0117s. Laminuotos plok\u0161t\u0117s konstrukcija u\u017etikrina patvarum\u0105 ir stabilum\u0105, tod\u0117l daugel\u012f met\u0173 b\u016bsite tikri d\u0117l savo pasirinkimo. Verta pamin\u0117ti, kad kiekvienas elementas buvo kruop\u0161\u010diai sukurtas taip, kad atitikt\u0173 reikliausi\u0173 vartotoj\u0173 l\u016bkes\u010dius ir suteikt\u0173 jiems erdv\u0119 atsipalaiduoti po ilgos dienos.<\/p>\n<p>Savaranki\u0161kas surinkimas leid\u017eia pritaikyti lov\u0105 pagal savo poreikius, o standartiniai matmenys puikiai tinka bet kokiam miegamajam, nepriklausomai nuo jo dyd\u017eio. Apsilankykite pas mus \u0161iandien ir su\u017einokite, kaip \u201eJukon S\u201c lova gali pakeisti j\u016bs\u0173 erdv\u0119, suteikdama harmonijos ir modernaus eleganti\u0161kumo.<\/p>","protected":false},"excerpt":{"rendered":"<p>Plotis (cm): 105<br \/>\n\u016agis (cm): 100<br \/>\nGylis (cm): 205<\/p>","protected":false},"featured_media":155622,"comment_status":"open","ping_status":"open","template":"","meta":[],"product_brand":[],"product_cat":[9421,505,4105],"product_tag":[],"class_list":{"0":"post-155621","1":"product","2":"type-product","3":"status-publish","4":"has-post-thumbnail","6":"product_cat-furniture-system-jukon","7":"product_cat-bedroom-beds","8":"product_cat-helvetia","10":"first","11":"instock","12":"purchasable","13":"product-type-simple"},"_links":{"self":[{"href":"https:\/\/baldumarket.lt\/lt\/wp-json\/wp\/v2\/product\/155621","targetHints":{"allow":["GET"]}}],"collection":[{"href":"https:\/\/baldumarket.lt\/lt\/wp-json\/wp\/v2\/product"}],"about":[{"href":"https:\/\/baldumarket.lt\/lt\/wp-json\/wp\/v2\/types\/product"}],"replies":[{"embeddable":true,"href":"https:\/\/baldumarket.lt\/lt\/wp-json\/wp\/v2\/comments?post=155621"}],"wp:featuredmedia":[{"embeddable":true,"href":"https:\/\/baldumarket.lt\/lt\/wp-json\/wp\/v2\/media\/155622"}],"wp:attachment":[{"href":"https:\/\/baldumarket.lt\/lt\/wp-json\/wp\/v2\/media?parent=155621"}],"wp:term":[{"taxonomy":"product_brand","embeddable":true,"href":"https:\/\/baldumarket.lt\/lt\/wp-json\/wp\/v2\/product_brand?post=155621"},{"taxonomy":"product_cat","embeddable":true,"href":"https:\/\/baldumarket.lt\/lt\/wp-json\/wp\/v2\/product_cat?post=155621"},{"taxonomy":"product_tag","embeddable":true,"href":"https:\/\/baldumarket.lt\/lt\/wp-json\/wp\/v2\/product_tag?post=155621"}],"curies":[{"name":"wp","href":"https:\/\/api.w.org\/{rel}","templated":true}]}}