{"id":155605,"date":"2025-12-18T18:05:14","date_gmt":"2025-12-18T15:05:14","guid":{"rendered":"https:\/\/baldumarket.lt\/product\/jukon-s-bielizniarka-2d2s-kaszmir-czarne-metalowe-nogi\/"},"modified":"2026-02-05T11:01:17","modified_gmt":"2026-02-05T08:01:17","slug":"jukon-s-bielizniarka-2d2s-kaszmir-czarne-metalowe-nogi","status":"publish","type":"product","link":"https:\/\/baldumarket.lt\/lt\/product\/jukon-s-bielizniarka-2d2s-kaszmir-czarne-metalowe-nogi\/","title":{"rendered":"Jukon S \u2013 2D2S komoda su stal\u010diais, ka\u0161myro spalvos, juodos metalin\u0117s kojel\u0117s"},"content":{"rendered":"<p>\u201eJukon S\u201c patalyn\u0117s spinta \u2013 puikus pasirinkimas tiems, kurie vertina ne tik funkcionalum\u0105, bet ir rafinuot\u0105 dizain\u0105. Pagaminta i\u0161 auk\u0161tos kokyb\u0117s ka\u0161myro spalvos laminuotos plok\u0161t\u0117s, ji suteikia elegancijos ir modernumo bet kokiam interjerui. Subtilus spalv\u0173 derinys puikiai dera su \u012fvairiais i\u0161d\u0117stymais, sukurdamas harmoning\u0105 erdv\u0119, kurioje galite atsipalaiduoti ir m\u0117gautis malonumu. Matin\u0117s juodos spalvos pagrindas su metalin\u0117mis kojel\u0117mis ne tik u\u017etikrina stabilum\u0105, bet ir suteikia visai konstrukcijai modernumo. 90 cm plo\u010dio, 150 cm auk\u0161\u010dio ir 50 cm gylio patalyn\u0117s spinta pasi\u017eymi i\u0161skirtiniu erdvumu, u\u017eimdama minimaliai vietos. D\u0117l gerai apgalvoto dizaino ji idealiai tinka miegamajam, prie\u0161kambariui ar persirengimo kambariui, nes si\u016blo stiling\u0105 drabu\u017ei\u0173 ir aksesuar\u0173 laikymo viet\u0105. Atidarymo sistema \u201espustelint\u201c \u2013 tai novatori\u0161kas sprendimas, derinantis estetik\u0105 ir funkcionalum\u0105. Ji leid\u017eia ne\u012ftik\u0117tinai lengvai pasiekti spintel\u0117s turin\u012f, o pats spintel\u0117 \u012fgauna modernumo. Ka\u0161myro spalvos lentynos puikiai dera su kitais baldais, sukurdamos darni\u0105 ir stiling\u0105 form\u0105, kuri prad\u017eiugins kiekvien\u0105 eleganti\u0161ko dizaino m\u0117g\u0117j\u0105.<\/p>","protected":false},"excerpt":{"rendered":"<p>Plotis (cm): 90<br \/>\n\u016agis (cm): 150<br \/>\nGylis (cm): 50<\/p>","protected":false},"featured_media":155606,"comment_status":"open","ping_status":"open","template":"","meta":[],"product_brand":[],"product_cat":[9421,4105,1177],"product_tag":[],"class_list":{"0":"post-155605","1":"product","2":"type-product","3":"status-publish","4":"has-post-thumbnail","6":"product_cat-furniture-system-jukon","7":"product_cat-helvetia","8":"product_cat-wardrobes","10":"first","11":"instock","12":"purchasable","13":"product-type-simple"},"_links":{"self":[{"href":"https:\/\/baldumarket.lt\/lt\/wp-json\/wp\/v2\/product\/155605","targetHints":{"allow":["GET"]}}],"collection":[{"href":"https:\/\/baldumarket.lt\/lt\/wp-json\/wp\/v2\/product"}],"about":[{"href":"https:\/\/baldumarket.lt\/lt\/wp-json\/wp\/v2\/types\/product"}],"replies":[{"embeddable":true,"href":"https:\/\/baldumarket.lt\/lt\/wp-json\/wp\/v2\/comments?post=155605"}],"wp:featuredmedia":[{"embeddable":true,"href":"https:\/\/baldumarket.lt\/lt\/wp-json\/wp\/v2\/media\/155606"}],"wp:attachment":[{"href":"https:\/\/baldumarket.lt\/lt\/wp-json\/wp\/v2\/media?parent=155605"}],"wp:term":[{"taxonomy":"product_brand","embeddable":true,"href":"https:\/\/baldumarket.lt\/lt\/wp-json\/wp\/v2\/product_brand?post=155605"},{"taxonomy":"product_cat","embeddable":true,"href":"https:\/\/baldumarket.lt\/lt\/wp-json\/wp\/v2\/product_cat?post=155605"},{"taxonomy":"product_tag","embeddable":true,"href":"https:\/\/baldumarket.lt\/lt\/wp-json\/wp\/v2\/product_tag?post=155605"}],"curies":[{"name":"wp","href":"https:\/\/api.w.org\/{rel}","templated":true}]}}