{"id":155599,"date":"2025-12-18T18:05:02","date_gmt":"2025-12-18T15:05:02","guid":{"rendered":"https:\/\/baldumarket.lt\/product\/jukon-komoda-rtv-2d2s-kaszmir-czarny-mat\/"},"modified":"2026-02-05T11:01:17","modified_gmt":"2026-02-05T08:01:17","slug":"jukon-komoda-rtv-2d2s-kaszmir-czarny-mat","status":"publish","type":"product","link":"https:\/\/baldumarket.lt\/lt\/product\/jukon-komoda-rtv-2d2s-kaszmir-czarny-mat\/","title":{"rendered":"Jukon \u2013 TV spintel\u0117 2D2S Cashmere Black Matte"},"content":{"rendered":"<p>Atraskite unikali\u0105 \u201eJukon\u201c televizoriaus spintel\u0119, kurioje dera modernus stilius ir funkcionalumas. Pagaminta i\u0161 auk\u0161tos kokyb\u0117s med\u017eiag\u0173, \u0161i eleganti\u0161ka ka\u0161myro spalvos spintel\u0117 puikiai dera tiek klasikiniame, tiek \u0161iuolaikiniame interjere. Matin\u0117 apdaila suteikia interjerui subtilaus \u017eavesio, o minimalistinis dizainas paver\u010dia j\u0105 bet kurios svetain\u0117s \u0161irdimi. \u201eJukon\u201c televizoriaus spintel\u0117 yra ne tik gra\u017ei, bet ir prakti\u0161ka. Erdvus 207 cm plo\u010dio, 70 cm auk\u0161\u010dio ir 40 cm gylio dizainas suteikia daug vietos visiems svarbiausiems j\u016bs\u0173 multimedijos \u012frenginiams ir dekoracijoms. Atidarykite dureles naudodami moderni\u0105 paspaudimo atidarymo sistem\u0105, kuri suteikia j\u016bs\u0173 interjerui papildomo komforto ir elegancijos. Spintel\u0117s ak\u012f traukian\u010dios matin\u0117s juodos kojel\u0117s yra ypa\u010d patrauklios, suteikian\u010dios tvirt\u0105 ir modern\u0173 charakter\u012f. Kartu su ka\u0161myro spalvos korpusu ir priekine dalimi ji sukuria harmoning\u0105 visum\u0105, kuri gali papuo\u0161ti bet kur\u012f kambar\u012f. Ji puikiai dera su kitais baldais, leisdama jums sukurti unikal\u0173 ir asmenin\u012f dekor\u0105 savo namuose.<\/p>","protected":false},"excerpt":{"rendered":"<p>Plotis (cm): 207<br \/>\n\u016agis (cm): 70<br \/>\nGylis (cm): 40<\/p>","protected":false},"featured_media":155600,"comment_status":"open","ping_status":"open","template":"","meta":[],"product_brand":[],"product_cat":[9421,4105,1175],"product_tag":[],"class_list":{"0":"post-155599","1":"product","2":"type-product","3":"status-publish","4":"has-post-thumbnail","6":"product_cat-furniture-system-jukon","7":"product_cat-helvetia","8":"product_cat-tv-stands","10":"first","11":"instock","12":"purchasable","13":"product-type-simple"},"_links":{"self":[{"href":"https:\/\/baldumarket.lt\/lt\/wp-json\/wp\/v2\/product\/155599","targetHints":{"allow":["GET"]}}],"collection":[{"href":"https:\/\/baldumarket.lt\/lt\/wp-json\/wp\/v2\/product"}],"about":[{"href":"https:\/\/baldumarket.lt\/lt\/wp-json\/wp\/v2\/types\/product"}],"replies":[{"embeddable":true,"href":"https:\/\/baldumarket.lt\/lt\/wp-json\/wp\/v2\/comments?post=155599"}],"wp:featuredmedia":[{"embeddable":true,"href":"https:\/\/baldumarket.lt\/lt\/wp-json\/wp\/v2\/media\/155600"}],"wp:attachment":[{"href":"https:\/\/baldumarket.lt\/lt\/wp-json\/wp\/v2\/media?parent=155599"}],"wp:term":[{"taxonomy":"product_brand","embeddable":true,"href":"https:\/\/baldumarket.lt\/lt\/wp-json\/wp\/v2\/product_brand?post=155599"},{"taxonomy":"product_cat","embeddable":true,"href":"https:\/\/baldumarket.lt\/lt\/wp-json\/wp\/v2\/product_cat?post=155599"},{"taxonomy":"product_tag","embeddable":true,"href":"https:\/\/baldumarket.lt\/lt\/wp-json\/wp\/v2\/product_tag?post=155599"}],"curies":[{"name":"wp","href":"https:\/\/api.w.org\/{rel}","templated":true}]}}