{"id":155592,"date":"2025-12-18T18:04:47","date_gmt":"2025-12-18T15:04:47","guid":{"rendered":"https:\/\/baldumarket.lt\/product\/jukon-komoda-rtv-2d2s-bialy-mat-czarny-mat\/"},"modified":"2026-02-05T11:01:26","modified_gmt":"2026-02-05T08:01:26","slug":"jukon-komoda-rtv-2d2s-bialy-mat-czarny-mat","status":"publish","type":"product","link":"https:\/\/baldumarket.lt\/lt\/product\/jukon-komoda-rtv-2d2s-bialy-mat-czarny-mat\/","title":{"rendered":"Jukon \u2013 TV spintel\u0117 2D2S Matin\u0117 balta Matin\u0117 juoda"},"content":{"rendered":"<p>Papuo\u0161kite savo erdv\u0119 moderniu stiliumi su garsaus \u201eHelvetia\u201c prek\u0117s \u017eenklo \u201eJukon\u201c televizoriaus staliuku. Puikiai priderinta matin\u0117 balta apdaila suteikia elegancijos ir sukuria lengvumo aur\u0105, kuri puikiai dera su minimalistinio dizaino tendencija. Kontrastingos matin\u0117s juodos kojel\u0117s pabr\u0117\u017eia modern\u0173 charakter\u012f, o pats staliukas tampa ne tik prakti\u0161ku baldu, bet ir meni\u0161ku akcentu j\u016bs\u0173 svetain\u0117je. Patogus daikt\u0173 laikymas \u201eJukon\u201c televizoriaus staliukas stebina savo funkcionalumu. Erdv\u016bs stal\u010diai ir lentynos suteikia daug vietos garso ir vaizdo \u012frangai bei kitiems b\u016btiniems priedams, kuriuos norite laikyti po ranka. D\u0117l novatori\u0161kos atidarymo spustel\u0117jus sistemos prieiga prie vis\u0173 daiktad\u0117\u017ei\u0173 tampa ne\u012ftik\u0117tinai paprasta ir intuityvi, puikiai tinkanti kasdieniam naudojimui. Taip pat svarbu, kad staliukai b\u016bt\u0173 lengvai i\u0161d\u0117stomi. 207 cm plo\u010dio, 70 cm auk\u0161\u010dio ir 40 cm gylio \u201eJukon\u201c televizoriaus staliukas puikiai tiks \u012fvairiuose interjeruose \u2013 nuo erdvi\u0173 svetaini\u0173 iki ma\u017eesni\u0173 kambari\u0173. Universali spalv\u0173 gama rei\u0161kia, kad jis harmoningai dera su daugeliu stili\u0173 \u2013 nuo skandinavi\u0161ko iki modernaus, leisdamas laisvai interpretuoti asmeninius daiktus.<\/p>","protected":false},"excerpt":{"rendered":"<p>Plotis (cm): 207<br \/>\n\u016agis (cm): 70<br \/>\nGylis (cm): 40<\/p>","protected":false},"featured_media":155593,"comment_status":"open","ping_status":"open","template":"","meta":[],"product_brand":[],"product_cat":[9421,4105,1175],"product_tag":[],"class_list":{"0":"post-155592","1":"product","2":"type-product","3":"status-publish","4":"has-post-thumbnail","6":"product_cat-furniture-system-jukon","7":"product_cat-helvetia","8":"product_cat-tv-stands","10":"first","11":"instock","12":"purchasable","13":"product-type-simple"},"_links":{"self":[{"href":"https:\/\/baldumarket.lt\/lt\/wp-json\/wp\/v2\/product\/155592","targetHints":{"allow":["GET"]}}],"collection":[{"href":"https:\/\/baldumarket.lt\/lt\/wp-json\/wp\/v2\/product"}],"about":[{"href":"https:\/\/baldumarket.lt\/lt\/wp-json\/wp\/v2\/types\/product"}],"replies":[{"embeddable":true,"href":"https:\/\/baldumarket.lt\/lt\/wp-json\/wp\/v2\/comments?post=155592"}],"wp:featuredmedia":[{"embeddable":true,"href":"https:\/\/baldumarket.lt\/lt\/wp-json\/wp\/v2\/media\/155593"}],"wp:attachment":[{"href":"https:\/\/baldumarket.lt\/lt\/wp-json\/wp\/v2\/media?parent=155592"}],"wp:term":[{"taxonomy":"product_brand","embeddable":true,"href":"https:\/\/baldumarket.lt\/lt\/wp-json\/wp\/v2\/product_brand?post=155592"},{"taxonomy":"product_cat","embeddable":true,"href":"https:\/\/baldumarket.lt\/lt\/wp-json\/wp\/v2\/product_cat?post=155592"},{"taxonomy":"product_tag","embeddable":true,"href":"https:\/\/baldumarket.lt\/lt\/wp-json\/wp\/v2\/product_tag?post=155592"}],"curies":[{"name":"wp","href":"https:\/\/api.w.org\/{rel}","templated":true}]}}