{"id":155585,"date":"2025-12-18T18:04:33","date_gmt":"2025-12-18T15:04:33","guid":{"rendered":"https:\/\/baldumarket.lt\/product\/jukon-komoda-4-drzwiowa-kaszmir-czarny-mat\/"},"modified":"2026-02-05T11:01:26","modified_gmt":"2026-02-05T08:01:26","slug":"jukon-komoda-4-drzwiowa-kaszmir-czarny-mat","status":"publish","type":"product","link":"https:\/\/baldumarket.lt\/lt\/product\/jukon-komoda-4-drzwiowa-kaszmir-czarny-mat\/","title":{"rendered":"Jukon \u2013 4 dur\u0173 komoda, ka\u0161myro juoda matin\u0117 spalva"},"content":{"rendered":"<p>Atraskite \u201eJukon\u201c komodos, specialiai sukurtos moderniam interjerui, gro\u017e\u012f ir funkcionalum\u0105. Ka\u0161myro atspalvio su subtilia tekst\u016bra \u0161i eleganti\u0161ka komoda suteikia j\u016bs\u0173 namams prabangos. Minimalistinis, ta\u010diau unikalus stilius puikiai tinka bet kokiam kambariui \u2013 nuo \u200b\u200bmiegamojo iki svetain\u0117s, suteikdamas universalumo ir unikalaus charakterio. Ne tik estetika, bet ir apgalvotas funkcionalumas paver\u010dia \u201eJukon\u201c komod\u0105 puikiu pasirinkimu visiems, kurie vertina tvark\u0105 ir stili\u0173. Keturios durel\u0117s, atsidaran\u010dios naudojant moderni\u0105 paspaudimo sistem\u0105, leid\u017eia lengvai pasl\u0117pti visus b\u016btiniausius daiktus, i\u0161laikant harmoning\u0105 erdv\u0119. 40 cm gylis daro j\u0105 kompakti\u0161k\u0105, ta\u010diau pakankamai erdvi\u0105, kad tilpt\u0173 visi j\u016bs\u0173 lobiai. Komoda stovi ant tvirt\u0173 metalini\u0173 kojeli\u0173 su matiniu pavir\u0161iumi, suteikian\u010di\u0173 industrin\u012f, ta\u010diau eleganti\u0161k\u0105 akcent\u0105. Kruop\u0161\u010diai pagaminta i\u0161 laminuotos plok\u0161t\u0117s, ji u\u017etikrina patvarum\u0105 ir lengv\u0105 valym\u0105, o tai labai svarbu kasdieniam naudojimui. Nesenstanti i\u0161vaizda ir neutralios spalvos daro j\u0105 puikiai tinkan\u010di\u0105 \u012fvairiems interjero dizainams \u2013 nuo \u200b\u200bskandinavi\u0161ko iki modernaus.<\/p>","protected":false},"excerpt":{"rendered":"<p>Plotis (cm): 204<br \/>\n\u016agis (cm): 70<br \/>\nGylis (cm): 40<\/p>","protected":false},"featured_media":155586,"comment_status":"open","ping_status":"open","template":"","meta":[],"product_brand":[],"product_cat":[9421,1173,4105],"product_tag":[],"class_list":{"0":"post-155585","1":"product","2":"type-product","3":"status-publish","4":"has-post-thumbnail","6":"product_cat-furniture-system-jukon","7":"product_cat-chests-of-drawers","8":"product_cat-helvetia","10":"first","11":"instock","12":"purchasable","13":"product-type-simple"},"_links":{"self":[{"href":"https:\/\/baldumarket.lt\/lt\/wp-json\/wp\/v2\/product\/155585","targetHints":{"allow":["GET"]}}],"collection":[{"href":"https:\/\/baldumarket.lt\/lt\/wp-json\/wp\/v2\/product"}],"about":[{"href":"https:\/\/baldumarket.lt\/lt\/wp-json\/wp\/v2\/types\/product"}],"replies":[{"embeddable":true,"href":"https:\/\/baldumarket.lt\/lt\/wp-json\/wp\/v2\/comments?post=155585"}],"wp:featuredmedia":[{"embeddable":true,"href":"https:\/\/baldumarket.lt\/lt\/wp-json\/wp\/v2\/media\/155586"}],"wp:attachment":[{"href":"https:\/\/baldumarket.lt\/lt\/wp-json\/wp\/v2\/media?parent=155585"}],"wp:term":[{"taxonomy":"product_brand","embeddable":true,"href":"https:\/\/baldumarket.lt\/lt\/wp-json\/wp\/v2\/product_brand?post=155585"},{"taxonomy":"product_cat","embeddable":true,"href":"https:\/\/baldumarket.lt\/lt\/wp-json\/wp\/v2\/product_cat?post=155585"},{"taxonomy":"product_tag","embeddable":true,"href":"https:\/\/baldumarket.lt\/lt\/wp-json\/wp\/v2\/product_tag?post=155585"}],"curies":[{"name":"wp","href":"https:\/\/api.w.org\/{rel}","templated":true}]}}