{"id":155578,"date":"2025-12-18T18:04:19","date_gmt":"2025-12-18T15:04:19","guid":{"rendered":"https:\/\/baldumarket.lt\/product\/jukon-komoda-4-drzwiowa-bialy-mat-czarny-mat\/"},"modified":"2026-02-05T11:01:26","modified_gmt":"2026-02-05T08:01:26","slug":"jukon-komoda-4-drzwiowa-bialy-mat-czarny-mat","status":"publish","type":"product","link":"https:\/\/baldumarket.lt\/lt\/product\/jukon-komoda-4-drzwiowa-bialy-mat-czarny-mat\/","title":{"rendered":"Jukon \u2013 4 dur\u0173 komoda Matin\u0117 balta Matin\u0117 juoda"},"content":{"rendered":"<p>Su garsaus \u2019Helvetia\u201c prek\u0117s \u017eenklo \u201eJukon\u201c komoda suteiks j\u016bs\u0173 interjerui nauj\u0105 kokyb\u0117s lyg\u012f \u2013 ji ne tik patenkins j\u016bs\u0173 daikt\u0173 laikymo poreikius, bet ir taps stilingu bet kurio kambario akcentu. D\u0117l harmoningo matin\u0117s baltos ir matin\u0117s juodos spalv\u0173 derinio \u0161i komoda puikiai dera su \u0161iuolaikin\u0117mis dizaino tendencijomis ir sukuria eleganti\u0161k\u0105 pagrind\u0105 \u012fvairiems interjero stiliams. \u0160i 4 dur\u0173 komoda, kurios \u012fsp\u016bdingo 204 cm plo\u010dio, si\u016blo unikalias erdv\u0117s organizavimo galimybes. Minimalistinis dizainas puikiai tinka svetainei, miegamajam ar net biurui. Paprasta forma ir prislopintos spalvos paver\u010dia j\u0105 universaliu pasirinkimu, kuris lengvai papildys tiek minimalistin\u012f, tiek rafinuotesn\u012f interjer\u0105. Komodos funkcionalum\u0105 pabr\u0117\u017eia novatori\u0161kas atidarymo stumiant mechanizmas, kuris pa\u0161alina ranken\u0173 poreik\u012f, suteikia papildomo minimalizmo ir patogumo naudoti. Stumdomos durys atveria unikali\u0105 daikt\u0173 laikymo erdv\u0119, kurioje galite prakti\u0161kai ir esteti\u0161kai susid\u0117ti savo daiktus.<\/p>","protected":false},"excerpt":{"rendered":"<p>Plotis (cm): 204<br \/>\n\u016agis (cm): 70<br \/>\nGylis (cm): 40<\/p>","protected":false},"featured_media":155579,"comment_status":"open","ping_status":"open","template":"","meta":[],"product_brand":[],"product_cat":[9421,1173,4105],"product_tag":[],"class_list":{"0":"post-155578","1":"product","2":"type-product","3":"status-publish","4":"has-post-thumbnail","6":"product_cat-furniture-system-jukon","7":"product_cat-chests-of-drawers","8":"product_cat-helvetia","10":"first","11":"instock","12":"purchasable","13":"product-type-simple"},"_links":{"self":[{"href":"https:\/\/baldumarket.lt\/lt\/wp-json\/wp\/v2\/product\/155578","targetHints":{"allow":["GET"]}}],"collection":[{"href":"https:\/\/baldumarket.lt\/lt\/wp-json\/wp\/v2\/product"}],"about":[{"href":"https:\/\/baldumarket.lt\/lt\/wp-json\/wp\/v2\/types\/product"}],"replies":[{"embeddable":true,"href":"https:\/\/baldumarket.lt\/lt\/wp-json\/wp\/v2\/comments?post=155578"}],"wp:featuredmedia":[{"embeddable":true,"href":"https:\/\/baldumarket.lt\/lt\/wp-json\/wp\/v2\/media\/155579"}],"wp:attachment":[{"href":"https:\/\/baldumarket.lt\/lt\/wp-json\/wp\/v2\/media?parent=155578"}],"wp:term":[{"taxonomy":"product_brand","embeddable":true,"href":"https:\/\/baldumarket.lt\/lt\/wp-json\/wp\/v2\/product_brand?post=155578"},{"taxonomy":"product_cat","embeddable":true,"href":"https:\/\/baldumarket.lt\/lt\/wp-json\/wp\/v2\/product_cat?post=155578"},{"taxonomy":"product_tag","embeddable":true,"href":"https:\/\/baldumarket.lt\/lt\/wp-json\/wp\/v2\/product_tag?post=155578"}],"curies":[{"name":"wp","href":"https:\/\/api.w.org\/{rel}","templated":true}]}}