{"id":155570,"date":"2025-12-18T18:04:01","date_gmt":"2025-12-18T15:04:01","guid":{"rendered":"https:\/\/baldumarket.lt\/product\/jukon-komoda-2d3s-kaszmir-czarny-mat\/"},"modified":"2026-02-05T11:01:26","modified_gmt":"2026-02-05T08:01:26","slug":"jukon-komoda-2d3s-kaszmir-czarny-mat","status":"publish","type":"product","link":"https:\/\/baldumarket.lt\/lt\/product\/jukon-komoda-2d3s-kaszmir-czarny-mat\/","title":{"rendered":"Jukon \u2013 Komoda 2D3S Ka\u0161myro juoda matin\u0117"},"content":{"rendered":"<p>Atraskite \u201eJukon 2D3S\u201c komodos \u017eaves\u012f \u2013 ji taps tikra j\u016bs\u0173 interjero \u0161irdimi. Modernus ka\u0161myro atspalvio dizainas su matiniu pavir\u0161iumi ir eleganti\u0161kos juodos kojel\u0117s suteikia bet kokiam kambariui klas\u0117s ir stiliaus. Komoda ne tik \u017eavi savo i\u0161vaizda, bet ir puikiai dera prie \u012fvairi\u0173 interjer\u0173 \u2013 nuo skandinavi\u0161ko minimalizmo iki moderni\u0173 but\u0173 elegancijos. \u0160i komoda si\u016blo tobul\u0105 estetikos ir funkcionalumo pusiausvyr\u0105. Tur\u0117dama tris erdvius stal\u010dius ir dvi dureles, \u201eJukon\u201c si\u016blo puiki\u0105 viet\u0105 visiems j\u016bs\u0173 m\u0117gstamiausiems daiktams laikyti. D\u0117l apgalvoto vidaus i\u0161planavimo gal\u0117site lengvai susitvarkyti svetain\u0119, miegam\u0105j\u012f ar prie\u0161kambar\u012f, i\u0161laikant tvark\u0105 ir harmonij\u0105 namuose. D\u0117l novatori\u0161kos atidarymo stumiant sistemos \u201eJukon\u201c komod\u0105 atidaryti tampa ne\u012ftik\u0117tinai patogu, nereikia ranken\u0173 ir pabr\u0117\u017eiamas jos modernus charakteris. Kiekviena detal\u0117 \u2013 nuo eleganti\u0161k\u0173 vyri\u0173 iki metalini\u0173 kojeli\u0173 \u2013 buvo sukurta atsi\u017evelgiant \u012f kokyb\u0119 ir ilgaam\u017ei\u0161kum\u0105, u\u017etikrinant, kad komoda ne tik puikiai atrodyt\u0173, bet ir tarnaut\u0173 jums daugel\u012f met\u0173.<\/p>","protected":false},"excerpt":{"rendered":"<p>Plotis (cm): 154<br \/>\n\u016agis (cm): 90<br \/>\nGylis (cm): 40<\/p>","protected":false},"featured_media":155571,"comment_status":"open","ping_status":"open","template":"","meta":[],"product_brand":[],"product_cat":[9421,1173,4105],"product_tag":[],"class_list":{"0":"post-155570","1":"product","2":"type-product","3":"status-publish","4":"has-post-thumbnail","6":"product_cat-furniture-system-jukon","7":"product_cat-chests-of-drawers","8":"product_cat-helvetia","10":"first","11":"instock","12":"purchasable","13":"product-type-simple"},"_links":{"self":[{"href":"https:\/\/baldumarket.lt\/lt\/wp-json\/wp\/v2\/product\/155570","targetHints":{"allow":["GET"]}}],"collection":[{"href":"https:\/\/baldumarket.lt\/lt\/wp-json\/wp\/v2\/product"}],"about":[{"href":"https:\/\/baldumarket.lt\/lt\/wp-json\/wp\/v2\/types\/product"}],"replies":[{"embeddable":true,"href":"https:\/\/baldumarket.lt\/lt\/wp-json\/wp\/v2\/comments?post=155570"}],"wp:featuredmedia":[{"embeddable":true,"href":"https:\/\/baldumarket.lt\/lt\/wp-json\/wp\/v2\/media\/155571"}],"wp:attachment":[{"href":"https:\/\/baldumarket.lt\/lt\/wp-json\/wp\/v2\/media?parent=155570"}],"wp:term":[{"taxonomy":"product_brand","embeddable":true,"href":"https:\/\/baldumarket.lt\/lt\/wp-json\/wp\/v2\/product_brand?post=155570"},{"taxonomy":"product_cat","embeddable":true,"href":"https:\/\/baldumarket.lt\/lt\/wp-json\/wp\/v2\/product_cat?post=155570"},{"taxonomy":"product_tag","embeddable":true,"href":"https:\/\/baldumarket.lt\/lt\/wp-json\/wp\/v2\/product_tag?post=155570"}],"curies":[{"name":"wp","href":"https:\/\/api.w.org\/{rel}","templated":true}]}}