{"id":155563,"date":"2025-12-18T18:03:46","date_gmt":"2025-12-18T15:03:46","guid":{"rendered":"https:\/\/baldumarket.lt\/product\/jukon-komoda-2d3s-bialy-mat-czarny-mat\/"},"modified":"2026-02-05T11:01:26","modified_gmt":"2026-02-05T08:01:26","slug":"jukon-komoda-2d3s-bialy-mat-czarny-mat","status":"publish","type":"product","link":"https:\/\/baldumarket.lt\/lt\/product\/jukon-komoda-2d3s-bialy-mat-czarny-mat\/","title":{"rendered":"Jukon \u2013 Komoda 2D3S Matin\u0117 balta Matin\u0117 juoda"},"content":{"rendered":"<p>Atraskite nauj\u0105 stiliaus ir funkcionalumo dimensij\u0105 su \u201eJukon 2D3S\u201c komoda, kuri puikiai dera prie modernaus interjero. Matin\u0117 balta apdaila kartu su matin\u0117mis juodomis kojel\u0117mis sukuria harmoning\u0105 kontrast\u0105, suteikiant\u012f elegancijos bet kokiam kambariui. Nesvarbu, ar norite subtilumo savo miegamajam, ar atnaujinti svetain\u0119, \u0161i komoda yra puikus sprendimas, derinantis estetik\u0105 ir prakti\u0161kum\u0105. Komoda turi tris erdvius stal\u010dius ir du erdvius fasadus, leid\u017eian\u010dius efektyviai susitvarkyti savo daiktus \u2013 nuo drabu\u017ei\u0173 iki dokument\u0173. Paspaudus atidarymo mechanizmas leid\u017eia stal\u010dius atidaryti itin patogiai ir intuityviai, be to, taupo verting\u0105 viet\u0105 rankenoms. Tai idealus sprendimas tiems, kurie vertina modern\u0173 dizain\u0105 ir naudojimo paprastum\u0105. Visi elementai, nuo lentyn\u0173 iki korpuso, pagaminti i\u0161 auk\u0161tos kokyb\u0117s laminuotos plok\u0161t\u0117s, tod\u0117l komoda yra ne tik esteti\u0161kai patraukli, bet ir patvari. Tvirta konstrukcija garantuoja ilgaam\u017ei\u0161kum\u0105, o lengva prie\u017ei\u016bra \u2013 kad ji daugel\u012f met\u0173 atrodyt\u0173 kaip nauja. Verta pabr\u0117\u017eti, kad \u201eJukon\u201c komoda yra ne tik baldas, bet ir prakti\u0161kas dekoratyvinis elementas, kuris praturtins bet koki\u0105 erdv\u0119.<\/p>","protected":false},"excerpt":{"rendered":"<p>Plotis (cm): 154<br \/>\n\u016agis (cm): 90<br \/>\nGylis (cm): 40<\/p>","protected":false},"featured_media":155564,"comment_status":"open","ping_status":"open","template":"","meta":[],"product_brand":[],"product_cat":[9421,1173,4105],"product_tag":[],"class_list":{"0":"post-155563","1":"product","2":"type-product","3":"status-publish","4":"has-post-thumbnail","6":"product_cat-furniture-system-jukon","7":"product_cat-chests-of-drawers","8":"product_cat-helvetia","10":"first","11":"instock","12":"purchasable","13":"product-type-simple"},"_links":{"self":[{"href":"https:\/\/baldumarket.lt\/lt\/wp-json\/wp\/v2\/product\/155563","targetHints":{"allow":["GET"]}}],"collection":[{"href":"https:\/\/baldumarket.lt\/lt\/wp-json\/wp\/v2\/product"}],"about":[{"href":"https:\/\/baldumarket.lt\/lt\/wp-json\/wp\/v2\/types\/product"}],"replies":[{"embeddable":true,"href":"https:\/\/baldumarket.lt\/lt\/wp-json\/wp\/v2\/comments?post=155563"}],"wp:featuredmedia":[{"embeddable":true,"href":"https:\/\/baldumarket.lt\/lt\/wp-json\/wp\/v2\/media\/155564"}],"wp:attachment":[{"href":"https:\/\/baldumarket.lt\/lt\/wp-json\/wp\/v2\/media?parent=155563"}],"wp:term":[{"taxonomy":"product_brand","embeddable":true,"href":"https:\/\/baldumarket.lt\/lt\/wp-json\/wp\/v2\/product_brand?post=155563"},{"taxonomy":"product_cat","embeddable":true,"href":"https:\/\/baldumarket.lt\/lt\/wp-json\/wp\/v2\/product_cat?post=155563"},{"taxonomy":"product_tag","embeddable":true,"href":"https:\/\/baldumarket.lt\/lt\/wp-json\/wp\/v2\/product_tag?post=155563"}],"curies":[{"name":"wp","href":"https:\/\/api.w.org\/{rel}","templated":true}]}}