{"id":155556,"date":"2025-12-18T18:03:32","date_gmt":"2025-12-18T15:03:32","guid":{"rendered":"https:\/\/baldumarket.lt\/product\/jukon-komoda-2d3s-180-cm-kaszmir-czarny-mat\/"},"modified":"2026-02-05T11:01:26","modified_gmt":"2026-02-05T08:01:26","slug":"jukon-komoda-2d3s-180-cm-kaszmir-czarny-mat","status":"publish","type":"product","link":"https:\/\/baldumarket.lt\/lt\/product\/jukon-komoda-2d3s-180-cm-kaszmir-czarny-mat\/","title":{"rendered":"Jukon \u2013 Komoda 2D3S 180 cm Ka\u0161myro juoda matin\u0117"},"content":{"rendered":"<p>Atraskite gro\u017e\u012f ir elegancij\u0105, kuri\u0105 j\u016bs\u0173 interjerui suteiks \u201cJukon 2D3S\u201d komoda i\u0161 matin\u0117s juodos ka\u0161myro spalvos. \u0160i unikali 180 cm plo\u010dio komoda \u2013 tai tobulas modernaus dizaino ir funkcionalumo derinys. Jus nustebins jos nesenstantis stilius, kuris puikiai dera prie \u012fvairi\u0173 i\u0161d\u0117stym\u0173 tiek svetain\u0117je, tiek miegamajame. \u201eJukon\u201c komoda pasi\u017eymi harmoninga spalv\u0173 gama \u2013 nuo fasad\u0173 iki korpuso, kuris pagamintas eleganti\u0161ko ka\u0161myro atspalvio, kelia asociacijas su prabangiu gyvenimo b\u016bdu. Matin\u0117s juodos kojel\u0117s suteikia modernumo, tod\u0117l \u0161is baldas tampa bet kurio kambario traukos centru. Tai puikus sprendimas tiems, kurie nebijo derinti klasikinio ir modernaus stili\u0173. D\u0117l gerai apgalvoto dizaino ir \u012fsp\u016bdingos talpos komoda si\u016blo prakti\u0161kus sprendimus kasdieniams poreikiams. Trys erdvios lentynos ir du erdv\u016bs daiktad\u0117\u017e\u0117s skyriai suteikia daug vietos, kad j\u016bs\u0173 namuose b\u016bt\u0173 u\u017etikrinta tvarka. Atidarymo sistema \u201espustel\u0117kite, kad atidarytum\u0117te\u201c u\u017etikrina paprast\u0105 naudojim\u0105, leid\u017eia greitai pasiekti laikomus daiktus be nereikaling\u0173 ranken\u0173, o tai pabr\u0117\u017eia minimalistin\u012f bald\u0173 stili\u0173.<\/p>","protected":false},"excerpt":{"rendered":"<p>Plotis (cm): 184<br \/>\n\u016agis (cm): 90<br \/>\nGylis (cm): 40<\/p>","protected":false},"featured_media":155557,"comment_status":"open","ping_status":"open","template":"","meta":[],"product_brand":[],"product_cat":[9421,1173,4105],"product_tag":[],"class_list":{"0":"post-155556","1":"product","2":"type-product","3":"status-publish","4":"has-post-thumbnail","6":"product_cat-furniture-system-jukon","7":"product_cat-chests-of-drawers","8":"product_cat-helvetia","10":"first","11":"instock","12":"purchasable","13":"product-type-simple"},"_links":{"self":[{"href":"https:\/\/baldumarket.lt\/lt\/wp-json\/wp\/v2\/product\/155556","targetHints":{"allow":["GET"]}}],"collection":[{"href":"https:\/\/baldumarket.lt\/lt\/wp-json\/wp\/v2\/product"}],"about":[{"href":"https:\/\/baldumarket.lt\/lt\/wp-json\/wp\/v2\/types\/product"}],"replies":[{"embeddable":true,"href":"https:\/\/baldumarket.lt\/lt\/wp-json\/wp\/v2\/comments?post=155556"}],"wp:featuredmedia":[{"embeddable":true,"href":"https:\/\/baldumarket.lt\/lt\/wp-json\/wp\/v2\/media\/155557"}],"wp:attachment":[{"href":"https:\/\/baldumarket.lt\/lt\/wp-json\/wp\/v2\/media?parent=155556"}],"wp:term":[{"taxonomy":"product_brand","embeddable":true,"href":"https:\/\/baldumarket.lt\/lt\/wp-json\/wp\/v2\/product_brand?post=155556"},{"taxonomy":"product_cat","embeddable":true,"href":"https:\/\/baldumarket.lt\/lt\/wp-json\/wp\/v2\/product_cat?post=155556"},{"taxonomy":"product_tag","embeddable":true,"href":"https:\/\/baldumarket.lt\/lt\/wp-json\/wp\/v2\/product_tag?post=155556"}],"curies":[{"name":"wp","href":"https:\/\/api.w.org\/{rel}","templated":true}]}}